{"id":2884,"date":"2024-05-27T16:57:39","date_gmt":"2024-05-27T16:57:39","guid":{"rendered":"https:\/\/bitcoin-pulse.com\/about-us\/"},"modified":"2024-08-26T19:23:54","modified_gmt":"2024-08-26T19:23:54","slug":"about-us","status":"publish","type":"page","link":"https:\/\/bitcoin-pulse.com\/tr\/about-us\/","title":{"rendered":"Hakk\u0131m\u0131zda"},"content":{"rendered":"<div>\n<h1 style=\"text-align: center;\">Bitcoin Pulse Trader&#8216;nin Arkas\u0131ndaki Ekip<\/h1>\n<p>Bitcoin Pulse Trader, kripto para birimi ticaretini geli\u015ftirmek i\u00e7in geli\u015fmi\u015f algoritmalar geli\u015ftiren deneyimli t\u00fcccarlar ve nicel analistlerden olu\u015fan bir ekipten ortaya \u00e7\u0131kt\u0131. Bu algoritmalar kapsaml\u0131 verileri analiz eder, kal\u0131plar\u0131 tespit eder ve riskleri y\u00f6netmek ve f\u0131rsatlar\u0131 yakalamak i\u00e7in kesin kararlar al\u0131r.<\/p>\n<p>Ba\u015flang\u0131\u00e7ta ekibin ki\u015fisel ticareti i\u00e7in kullan\u0131lan Bitcoin Pulse Trader&#8216;nin t\u00fcm yat\u0131r\u0131mc\u0131lar i\u00e7in kripto ticaretini d\u00f6n\u00fc\u015ft\u00fcrme potansiyelini k\u0131sa s\u00fcrede fark ettiler. Platformlar\u0131n\u0131 ba\u015fkalar\u0131na a\u00e7arak ama\u00e7lar\u0131, yat\u0131r\u0131mc\u0131lar\u0131 en son teknoloji ve veri odakl\u0131 i\u00e7g\u00f6r\u00fclerle donatmakt\u0131r.<\/p>\n<p><strong>Bitcoin Pulse Trader<\/strong>, kripto para birimi ticaretinin etkinli\u011fini art\u0131rma arzusuyla yan\u0131p tutu\u015fan bir grup y\u00fcksek nitelikli t\u00fcccar ve nicel analistin vizyonundan do\u011fdu. \u00d6nemli piyasa trendlerini belirlemek ve uygun risk y\u00f6netimi ve f\u0131rsatlardan yararlanma konusunda do\u011fru al\u0131m sat\u0131m talimatlar\u0131 sa\u011flamak i\u00e7in b\u00fcy\u00fck miktarda veriyi i\u015fleyebilen son derece karma\u015f\u0131k algoritmalar tasarlad\u0131lar.<\/p>\n<p>\u0130lk ba\u015fta, bu algoritmalar yaln\u0131zca ekip i\u00e7i ticaret faaliyetleri i\u00e7in ekip i\u00e7inde kullan\u0131ld\u0131. Geni\u015fletilmi\u015f bir versiyonun potansiyelinin fark\u0131na vararak, Bitcoin Pulse Trader&#8216;yi halk i\u00e7in daha eri\u015filebilir hale getirmeye karar verdik. \u015eu anda t\u00fcm kullan\u0131c\u0131lar i\u00e7in ticaret deneyimini geli\u015ftirecek en son teknoloji ve bilgileri sa\u011flayan bir platform kuruyoruz.<\/p>\n<p>Bitcoin Pulse Trader&#8216;de, profesyonel ticaret bilgisini ve g\u00fcnl\u00fck pratik deneyimi, kantitatif ticarete modern, bilimsel temelli bir yakla\u015f\u0131mla birle\u015ftirerek kullan\u0131c\u0131lara tutarl\u0131 kazan\u00e7lar sa\u011flayan bir platform sunuyoruz. \u00dcst\u00fcn algoritmalar\u0131m\u0131z\u0131n ve ticaret uzmanl\u0131\u011f\u0131m\u0131z\u0131n Bitcoin Pulse Trader&#8216;de nas\u0131l bir araya geldi\u011fini ke\u015ffedin.<\/p>\n<\/div>\n<div style=\"text-align: center;\">\n<h2>Bitcoin Pulse Trader&#8216;yi Kimler Kullanmal\u0131?<\/h2>\n<p class=\"whitespace-pre-wrap break-words\">Bitcoin Pulse Trader, \u00f6ng\u00f6r\u00fclemeyen kripto para piyasas\u0131nda rekabet avantaj\u0131 arayan t\u00fcccarlar ve yat\u0131r\u0131mc\u0131lar i\u00e7in tasarlanm\u0131\u015f son teknoloji bir ticaret platformudur. Kapsaml\u0131 bir ara\u00e7 paketi, ger\u00e7ek zamanl\u0131 piyasa istihbarat\u0131 ve geli\u015fmi\u015f analitik ile Bitcoin Pulse Trader, kullan\u0131c\u0131lar\u0131 bilin\u00e7li kararlar alma ve ortaya \u00e7\u0131kan f\u0131rsatlardan yararlanma konusunda g\u00fc\u00e7lendirir.<\/p>\n<p class=\"whitespace-pre-wrap break-words\">Geli\u015fmi\u015f algoritmalar ve makine \u00f6\u011frenimi ile desteklenen Bitcoin Pulse Trader, kal\u0131plar\u0131 ve e\u011filimleri belirlemek i\u00e7in b\u00fcy\u00fck miktarda piyasa verisini analiz ederek eyleme ge\u00e7irilebilir i\u00e7g\u00f6r\u00fcler ve tahmine dayal\u0131 modeller sa\u011flar. Platform, otomatik algoritmalardan geli\u015fmi\u015f emir y\u00f6netim sistemlerine kadar \u00f6zelle\u015ftirilebilir ticaret ara\u00e7lar\u0131 sunarak yat\u0131r\u0131mc\u0131lar\u0131n stratejilerini ki\u015fisel tercihlere ve risk profillerine g\u00f6re optimize etmelerine olanak tan\u0131r.<\/p>\n<p class=\"whitespace-pre-wrap break-words\">Bitcoin Pulse Trader ayr\u0131ca, yat\u0131r\u0131mc\u0131lar\u0131n kripto piyasas\u0131n\u0131n karma\u015f\u0131kl\u0131klar\u0131nda gezinmelerine ve bilin\u00e7li kararlar almalar\u0131na yard\u0131mc\u0131 olmak i\u00e7in e\u011fitim kaynaklar\u0131, piyasa analizi ve uzman g\u00f6r\u00fc\u015fleri sa\u011flar. \u0130ster deneyimli bir yat\u0131r\u0131mc\u0131 olun ister kripto para d\u00fcnyas\u0131nda yeni olun, Bitcoin Pulse Trader piyasan\u0131n bir ad\u0131m \u00f6n\u00fcnde olman\u0131z ve finansal hedeflerinize ula\u015fman\u0131z i\u00e7in gerekli ara\u00e7lar\u0131 ve bilgileri sunar.<\/p>\n<p class=\"whitespace-pre-wrap break-words\">Bitcoin Pulse Trader, s\u00fcrekli dalgalanan kripto ticaret piyasalar\u0131nda hem yeni ba\u015flayanlara hem de ileri d\u00fczey uygulay\u0131c\u0131lara hizmet vermeyi ama\u00e7lamaktad\u0131r. Platformumuzun yetenekleri aras\u0131nda analitik ve pazarlama i\u00e7in bir dizi ara\u00e7, ger\u00e7ek zamanl\u0131 piyasa verileri ve kullan\u0131c\u0131lar\u0131 ak\u0131ll\u0131ca stratejik kararlar alma ve yeni f\u0131rsatlar\u0131 yakalama konusunda g\u00fc\u00e7lendiren analitik ara\u00e7lar bulunmaktad\u0131r.<\/p>\n<p class=\"whitespace-pre-wrap break-words\">Geli\u015fmi\u015f hesaplama algoritmalar\u0131 ve makine \u00f6\u011frenimi \u00fczerine in\u015fa edilen Bitcoin Pulse Trader, trendleri vurgulamak ve de\u011ferli i\u00e7g\u00f6r\u00fcler sa\u011flamak i\u00e7in kapsaml\u0131 piyasa bilgilerini analiz eder. Platformumuz, otomatik algoritmalardan geli\u015fmi\u015f emir y\u00f6netim sistemlerine kadar \u00e7e\u015fitli al\u0131m sat\u0131m teknolojileri sunarak kullan\u0131c\u0131lar\u0131n tercihlerine ve risk seviyelerine g\u00f6re kolayl\u0131kla ayarlamalar yapabilmelerini sa\u011flar.<\/p>\n<p class=\"whitespace-pre-wrap break-words\">Buna ek olarak Bitcoin Pulse Trader, yat\u0131r\u0131mc\u0131lar\u0131n kripto ticaretinin karma\u015f\u0131kl\u0131klar\u0131nda gezinmelerine yard\u0131mc\u0131 olmak i\u00e7in \u00e7ok say\u0131da e\u011fitim kayna\u011f\u0131, s\u0131k g\u00fcncellenen analizler ve kripto para piyasas\u0131 hakk\u0131nda uzman g\u00f6r\u00fc\u015fleri sa\u011flar. \u0130ster yeni ba\u015flayan ister deneyimli bir t\u00fcccar olun, Bitcoin Pulse Trader g\u00fcncel kalmak ve finansal hedeflerinize ula\u015fmak i\u00e7in do\u011fru \u00e7\u00f6z\u00fcmleri ve bilgileri sa\u011flar.<\/p>\n<\/div>\n<div><\/div>\n","protected":false},"excerpt":{"rendered":"<p>&#8216;nin Arkas\u0131ndaki Ekip , kripto para birimi ticaretini geli\u015ftirmek i\u00e7in geli\u015fmi\u015f algoritmalar geli\u015ftiren deneyimli t\u00fcccarlar ve nicel analistlerden olu\u015fan bir ekipten ortaya \u00e7\u0131kt\u0131. Bu algoritmalar kapsaml\u0131 verileri analiz eder, kal\u0131plar\u0131 tespit eder ve riskleri y\u00f6netmek ve f\u0131rsatlar\u0131 yakalamak i\u00e7in kesin kararlar al\u0131r. Ba\u015flang\u0131\u00e7ta ekibin ki\u015fisel ticareti i\u00e7in kullan\u0131lan &#8216;nin t\u00fcm yat\u0131r\u0131mc\u0131lar i\u00e7in kripto ticaretini d\u00f6n\u00fc\u015ft\u00fcrme [&hellip;]<\/p>\n","protected":false},"author":2,"featured_media":0,"parent":0,"menu_order":0,"comment_status":"closed","ping_status":"closed","template":"page-about.php","meta":{"footnotes":""},"class_list":["post-2884","page","type-page","status-publish","hentry"],"yoast_head":"<!-- This site is optimized with the Yoast SEO plugin v23.7 - https:\/\/yoast.com\/wordpress\/plugins\/seo\/ -->\n<title>Bitcoin Pulse Trader \u2122 | Offici\u00eble website 2026 | Claim nu!<\/title>\n<meta name=\"robots\" content=\"index, follow, max-snippet:-1, max-image-preview:large, max-video-preview:-1\" \/>\n<meta property=\"og:locale\" content=\"tr_TR\" \/>\n<meta property=\"og:site_name\" content=\"Bitcoin Pulse Trader\" \/>\n<meta property=\"article:modified_time\" content=\"2024-08-26T19:23:54+00:00\" \/>\n<meta name=\"twitter:card\" content=\"summary_large_image\" \/>\n<meta name=\"twitter:label1\" content=\"Tahmini okuma s\u00fcresi\" \/>\n\t<meta name=\"twitter:data1\" content=\"2 dakika\" \/>\n<!-- \/ Yoast SEO plugin. -->","yoast_head_json":{"title":"Bitcoin Pulse Trader \u2122 | Offici\u00eble website 2026 | Claim nu!","robots":{"index":"index","follow":"follow","max-snippet":"max-snippet:-1","max-image-preview":"max-image-preview:large","max-video-preview":"max-video-preview:-1"},"og_locale":"tr_TR","og_site_name":"Bitcoin Pulse Trader","article_modified_time":"2024-08-26T19:23:54+00:00","twitter_card":"summary_large_image","twitter_misc":{"Tahmini okuma s\u00fcresi":"2 dakika"},"schema":{"@context":"https:\/\/schema.org","@graph":[{"@type":"WebPage","@id":"https:\/\/bitcoin-pulse.com\/about-us\/","url":"https:\/\/bitcoin-pulse.com\/about-us\/","name":"Hakk\u0131m\u0131zda - Bitcoin Pulse Trader","isPartOf":{"@id":"https:\/\/bitcoin-pulse.com\/#website"},"datePublished":"2024-05-27T16:57:39+00:00","dateModified":"2024-08-26T19:23:54+00:00","breadcrumb":{"@id":"https:\/\/bitcoin-pulse.com\/about-us\/#breadcrumb"},"inLanguage":"tr","potentialAction":[{"@type":"ReadAction","target":["https:\/\/bitcoin-pulse.com\/about-us\/"]}]},{"@type":"BreadcrumbList","@id":"https:\/\/bitcoin-pulse.com\/about-us\/#breadcrumb","itemListElement":[{"@type":"ListItem","position":1,"name":"Home","item":"https:\/\/bitcoin-pulse.com\/"},{"@type":"ListItem","position":2,"name":"Hakk\u0131m\u0131zda"}]},{"@type":"WebSite","@id":"https:\/\/bitcoin-pulse.com\/#website","url":"https:\/\/bitcoin-pulse.com\/","name":"Bitcoin Pulse Trader","description":"","potentialAction":[{"@type":"SearchAction","target":{"@type":"EntryPoint","urlTemplate":"https:\/\/bitcoin-pulse.com\/?s={search_term_string}"},"query-input":{"@type":"PropertyValueSpecification","valueRequired":true,"valueName":"search_term_string"}}],"inLanguage":"tr"}]}},"_links":{"self":[{"href":"https:\/\/bitcoin-pulse.com\/tr\/wp-json\/wp\/v2\/pages\/2884","targetHints":{"allow":["GET"]}}],"collection":[{"href":"https:\/\/bitcoin-pulse.com\/tr\/wp-json\/wp\/v2\/pages"}],"about":[{"href":"https:\/\/bitcoin-pulse.com\/tr\/wp-json\/wp\/v2\/types\/page"}],"author":[{"embeddable":true,"href":"https:\/\/bitcoin-pulse.com\/tr\/wp-json\/wp\/v2\/users\/2"}],"replies":[{"embeddable":true,"href":"https:\/\/bitcoin-pulse.com\/tr\/wp-json\/wp\/v2\/comments?post=2884"}],"version-history":[{"count":4,"href":"https:\/\/bitcoin-pulse.com\/tr\/wp-json\/wp\/v2\/pages\/2884\/revisions"}],"predecessor-version":[{"id":3185,"href":"https:\/\/bitcoin-pulse.com\/tr\/wp-json\/wp\/v2\/pages\/2884\/revisions\/3185"}],"wp:attachment":[{"href":"https:\/\/bitcoin-pulse.com\/tr\/wp-json\/wp\/v2\/media?parent=2884"}],"curies":[{"name":"wp","href":"https:\/\/api.w.org\/{rel}","templated":true}]}}