{"id":2094,"date":"2024-05-27T16:58:01","date_gmt":"2024-05-27T16:58:01","guid":{"rendered":"https:\/\/loc.bitcoin-pulse.com\/contact-us\/"},"modified":"2024-08-26T19:26:47","modified_gmt":"2024-08-26T19:26:47","slug":"contact-us","status":"publish","type":"page","link":"https:\/\/bitcoin-pulse.com\/tr\/contact-us\/","title":{"rendered":"Bize Ula\u015f\u0131n"},"content":{"rendered":"<div>\n<h1>Bitcoin Pulse Trader ile ileti\u015fime ge\u00e7in.<\/h1>\n<p>Sorular\u0131n\u0131z m\u0131 var, yard\u0131ma m\u0131 ihtiyac\u0131n\u0131z var veya geri bildirimde mi bulunmak istiyorsunuz? Ekibimiz size yard\u0131mc\u0131 olmak i\u00e7in burada. L\u00fctfen a\u015fa\u011f\u0131da verilen bilgileri kullanarak bizimle ileti\u015fime ge\u00e7in. Zaman\u0131nda yard\u0131m sunmaya ve ihtiya\u00e7lar\u0131n\u0131z\u0131 kar\u015f\u0131lamaya kararl\u0131y\u0131z.<\/p>\n<h4>Posta Adresi:<\/h4>\n<p>C\/ de C\u00f2rsega, 284, 1. Kat<br \/>\nEixample, 08008<br \/>\nBarselona, \u0130spanya<\/p>\n<h4>Ticari Sorular:<\/h4>\n<p>Ortakl\u0131k teklifleri, medya sorular\u0131 veya di\u011fer i\u015f f\u0131rsatlar\u0131 i\u00e7in l\u00fctfen bize \u015fu adresten ula\u015f\u0131n:<br \/>\n<a href=\"mailto:business@xyz.com\">business@xyz.com<\/a><\/p>\n<h4>M\u00fc\u015fteri Deste\u011fi:<\/h4>\n<p>Her t\u00fcrl\u00fc destek talebi veya genel sorular\u0131n\u0131z i\u00e7in l\u00fctfen bizimle ileti\u015fime ge\u00e7in:<br \/>\n<a href=\"mailto:support@xyz.com\">support@xyz.com<\/a><\/p>\n<p>Sizden haber almak ve ihtiya\u00e7lar\u0131n\u0131za yard\u0131mc\u0131 olmak i\u00e7in sab\u0131rs\u0131zlan\u0131yoruz.<\/p>\n<\/div>\n","protected":false},"excerpt":{"rendered":"<p>ile ileti\u015fime ge\u00e7in. Sorular\u0131n\u0131z m\u0131 var, yard\u0131ma m\u0131 ihtiyac\u0131n\u0131z var veya geri bildirimde mi bulunmak istiyorsunuz? Ekibimiz size yard\u0131mc\u0131 olmak i\u00e7in burada. L\u00fctfen a\u015fa\u011f\u0131da verilen bilgileri kullanarak bizimle ileti\u015fime ge\u00e7in. Zaman\u0131nda yard\u0131m sunmaya ve ihtiya\u00e7lar\u0131n\u0131z\u0131 kar\u015f\u0131lamaya kararl\u0131y\u0131z. Posta Adresi: C\/ de C\u00f2rsega, 284, 1. Kat Eixample, 08008 Barselona, \u0130spanya Ticari Sorular: Ortakl\u0131k teklifleri, medya sorular\u0131 [&hellip;]<\/p>\n","protected":false},"author":2,"featured_media":0,"parent":0,"menu_order":0,"comment_status":"closed","ping_status":"closed","template":"page-contact.php","meta":{"footnotes":""},"class_list":["post-2094","page","type-page","status-publish","hentry"],"yoast_head":"<!-- This site is optimized with the Yoast SEO plugin v23.7 - https:\/\/yoast.com\/wordpress\/plugins\/seo\/ -->\n<title>Bitcoin Pulse Trader \u2122 | Offici\u00eble website 2026 | Claim nu!<\/title>\n<meta name=\"robots\" content=\"index, follow, max-snippet:-1, max-image-preview:large, max-video-preview:-1\" \/>\n<meta property=\"og:locale\" content=\"tr_TR\" \/>\n<meta property=\"og:site_name\" content=\"Bitcoin Pulse Trader\" \/>\n<meta property=\"article:modified_time\" content=\"2024-08-26T19:26:47+00:00\" \/>\n<meta name=\"twitter:card\" content=\"summary_large_image\" \/>\n<meta name=\"twitter:label1\" content=\"Tahmini okuma s\u00fcresi\" \/>\n\t<meta name=\"twitter:data1\" content=\"1 dakika\" \/>\n<!-- \/ Yoast SEO plugin. -->","yoast_head_json":{"title":"Bitcoin Pulse Trader \u2122 | Offici\u00eble website 2026 | Claim nu!","robots":{"index":"index","follow":"follow","max-snippet":"max-snippet:-1","max-image-preview":"max-image-preview:large","max-video-preview":"max-video-preview:-1"},"og_locale":"tr_TR","og_site_name":"Bitcoin Pulse Trader","article_modified_time":"2024-08-26T19:26:47+00:00","twitter_card":"summary_large_image","twitter_misc":{"Tahmini okuma s\u00fcresi":"1 dakika"},"schema":{"@context":"https:\/\/schema.org","@graph":[{"@type":"WebPage","@id":"https:\/\/bitcoin-pulse.com\/contact-us\/","url":"https:\/\/bitcoin-pulse.com\/contact-us\/","name":"Bize Ula\u015f\u0131n - Bitcoin Pulse Trader","isPartOf":{"@id":"https:\/\/bitcoin-pulse.com\/#website"},"datePublished":"2024-05-27T16:58:01+00:00","dateModified":"2024-08-26T19:26:47+00:00","breadcrumb":{"@id":"https:\/\/bitcoin-pulse.com\/contact-us\/#breadcrumb"},"inLanguage":"tr","potentialAction":[{"@type":"ReadAction","target":["https:\/\/bitcoin-pulse.com\/contact-us\/"]}]},{"@type":"BreadcrumbList","@id":"https:\/\/bitcoin-pulse.com\/contact-us\/#breadcrumb","itemListElement":[{"@type":"ListItem","position":1,"name":"Home","item":"https:\/\/bitcoin-pulse.com\/"},{"@type":"ListItem","position":2,"name":"Bize Ula\u015f\u0131n"}]},{"@type":"WebSite","@id":"https:\/\/bitcoin-pulse.com\/#website","url":"https:\/\/bitcoin-pulse.com\/","name":"Bitcoin Pulse Trader","description":"","potentialAction":[{"@type":"SearchAction","target":{"@type":"EntryPoint","urlTemplate":"https:\/\/bitcoin-pulse.com\/?s={search_term_string}"},"query-input":{"@type":"PropertyValueSpecification","valueRequired":true,"valueName":"search_term_string"}}],"inLanguage":"tr"}]}},"_links":{"self":[{"href":"https:\/\/bitcoin-pulse.com\/tr\/wp-json\/wp\/v2\/pages\/2094","targetHints":{"allow":["GET"]}}],"collection":[{"href":"https:\/\/bitcoin-pulse.com\/tr\/wp-json\/wp\/v2\/pages"}],"about":[{"href":"https:\/\/bitcoin-pulse.com\/tr\/wp-json\/wp\/v2\/types\/page"}],"author":[{"embeddable":true,"href":"https:\/\/bitcoin-pulse.com\/tr\/wp-json\/wp\/v2\/users\/2"}],"replies":[{"embeddable":true,"href":"https:\/\/bitcoin-pulse.com\/tr\/wp-json\/wp\/v2\/comments?post=2094"}],"version-history":[{"count":8,"href":"https:\/\/bitcoin-pulse.com\/tr\/wp-json\/wp\/v2\/pages\/2094\/revisions"}],"predecessor-version":[{"id":3199,"href":"https:\/\/bitcoin-pulse.com\/tr\/wp-json\/wp\/v2\/pages\/2094\/revisions\/3199"}],"wp:attachment":[{"href":"https:\/\/bitcoin-pulse.com\/tr\/wp-json\/wp\/v2\/media?parent=2094"}],"curies":[{"name":"wp","href":"https:\/\/api.w.org\/{rel}","templated":true}]}}