{"id":2883,"date":"2024-05-27T16:57:39","date_gmt":"2024-05-27T16:57:39","guid":{"rendered":"https:\/\/bitcoin-pulse.com\/about-us\/"},"modified":"2024-08-26T19:23:53","modified_gmt":"2024-08-26T19:23:53","slug":"about-us","status":"publish","type":"page","link":"https:\/\/bitcoin-pulse.com\/sv\/about-us\/","title":{"rendered":"Om oss"},"content":{"rendered":"<div>\n<h1 style=\"text-align: center;\">Teamet bakom Bitcoin Pulse Trader<\/h1>\n<p>Bitcoin Pulse Trader uppstod ur ett team av erfarna handlare och kvantitativa analytiker som utvecklade avancerade algoritmer f\u00f6r att f\u00f6rb\u00e4ttra handeln med kryptovalutor. Dessa algoritmer analyserar omfattande data, uppt\u00e4cker m\u00f6nster och utf\u00f6r exakta beslut f\u00f6r att hantera risker och ta vara p\u00e5 m\u00f6jligheter.<\/p>\n<p>De anv\u00e4ndes ursprungligen f\u00f6r teamets personliga handel, men de ins\u00e5g snart Bitcoin Pulse Trader:s potential att f\u00f6r\u00e4ndra kryptohandeln f\u00f6r alla investerare. Genom att \u00f6ppna sin plattform f\u00f6r andra \u00e4r deras m\u00e5l att utrusta handlare med banbrytande teknik och datadrivna insikter.<\/p>\n<p><strong>Bitcoin Pulse Trader<\/strong> f\u00f6ddes ur visionen hos en grupp h\u00f6gkvalificerade handlare och kvantitativa analytiker med en brinnande \u00f6nskan att f\u00f6rb\u00e4ttra effektiviteten i handeln med kryptovalutor. De utformade mycket komplexa algoritmer som kunde bearbeta stora m\u00e4ngder data f\u00f6r att identifiera viktiga marknadstrender och ge korrekta handelsinstruktioner om l\u00e4mplig riskhantering och utnyttjande av m\u00f6jligheter.<\/p>\n<p>Till en b\u00f6rjan anv\u00e4ndes dessa algoritmer uteslutande inom teamet f\u00f6r teaminterna handelsaktiviteter. Vi ins\u00e5g potentialen i en ut\u00f6kad version och best\u00e4mde oss f\u00f6r att g\u00f6ra Bitcoin Pulse Trader mer tillg\u00e4nglig f\u00f6r allm\u00e4nheten. Vi h\u00e5ller f\u00f6r n\u00e4rvarande p\u00e5 att etablera en plattform som tillhandah\u00e5ller den senaste tekniken och information som kommer att f\u00f6rb\u00e4ttra handelsupplevelsen f\u00f6r alla anv\u00e4ndare.<\/p>\n<p>P\u00e5 Bitcoin Pulse Trader kombinerar vi kunskap fr\u00e5n professionell handel och daglig praktisk erfarenhet med ett modernt, vetenskapligt baserat tillv\u00e4gag\u00e5ngss\u00e4tt f\u00f6r kvantitativ handel, vilket ger anv\u00e4ndarna en plattform som s\u00e4kerst\u00e4ller konsekventa vinster. Uppt\u00e4ck hur v\u00e5ra \u00f6verl\u00e4gsna algoritmer och v\u00e5r handelsexpertis f\u00f6renas i Bitcoin Pulse Trader.<\/p>\n<\/div>\n<div style=\"text-align: center;\">\n<h2>Vem b\u00f6r anv\u00e4nda Bitcoin Pulse Trader?<\/h2>\n<p class=\"whitespace-pre-wrap break-words\">Bitcoin Pulse Trader \u00e4r en banbrytande handelsplattform utformad f\u00f6r handlare och investerare som s\u00f6ker en konkurrensf\u00f6rdel p\u00e5 den of\u00f6ruts\u00e4gbara kryptovalutamarknaden. Med en omfattande upps\u00e4ttning verktyg, marknadsinformation i realtid och avancerad analys g\u00f6r Bitcoin Pulse Trader det m\u00f6jligt f\u00f6r anv\u00e4ndare att fatta v\u00e4lgrundade beslut och dra nytta av nya m\u00f6jligheter.<\/p>\n<p class=\"whitespace-pre-wrap break-words\">Med hj\u00e4lp av sofistikerade algoritmer och maskininl\u00e4rning analyserar Bitcoin Pulse Trader stora m\u00e4ngder marknadsdata f\u00f6r att identifiera m\u00f6nster och trender, vilket ger handlingsbara insikter och prediktiva modeller. Plattformen erbjuder anpassningsbara handelsverktyg, fr\u00e5n automatiserade algoritmer till avancerade orderhanteringssystem, vilket g\u00f6r det m\u00f6jligt f\u00f6r handlare att optimera sina strategier baserat p\u00e5 personliga preferenser och riskprofiler.<\/p>\n<p class=\"whitespace-pre-wrap break-words\">Bitcoin Pulse Trader tillhandah\u00e5ller ocks\u00e5 utbildningsresurser, marknadsanalyser och expertinsikter f\u00f6r att hj\u00e4lpa handlare att navigera i kryptomarknadens komplexitet och fatta v\u00e4lgrundade beslut. Oavsett om du \u00e4r en erfaren trader eller ny i kryptovalutornas v\u00e4rld erbjuder Bitcoin Pulse Trader de verktyg och den kunskap som kr\u00e4vs f\u00f6r att ligga steget f\u00f6re marknaden och uppn\u00e5 dina finansiella m\u00e5l.<\/p>\n<p class=\"whitespace-pre-wrap break-words\">Bitcoin Pulse Trader syftar till att hj\u00e4lpa b\u00e5de nyb\u00f6rjare och avancerade ut\u00f6vare p\u00e5 de st\u00e4ndigt fluktuerande marknaderna f\u00f6r kryptohandel. V\u00e5r plattforms kapacitet inkluderar en rad verktyg f\u00f6r analys och marknadsf\u00f6ring, marknadsdata i realtid och analysverktyg som ger anv\u00e4ndarna m\u00f6jlighet att fatta kloka strategiska beslut och ta vara p\u00e5 nya m\u00f6jligheter.<\/p>\n<p class=\"whitespace-pre-wrap break-words\">Bitcoin Pulse Trader bygger p\u00e5 avancerade ber\u00e4kningsalgoritmer och maskininl\u00e4rning och analyserar omfattande marknadsinformation f\u00f6r att lyfta fram trender och ge v\u00e4rdefulla insikter. V\u00e5r plattform erbjuder en m\u00e4ngd olika handelstekniker, fr\u00e5n automatiserade algoritmer till avancerade orderhanteringssystem, vilket g\u00f6r det m\u00f6jligt f\u00f6r anv\u00e4ndarna att enkelt g\u00f6ra justeringar som \u00e4r skr\u00e4ddarsydda efter deras preferenser och riskniv\u00e5er.<\/p>\n<p class=\"whitespace-pre-wrap break-words\">Dessutom tillhandah\u00e5ller Bitcoin Pulse Trader en m\u00e4ngd utbildningsresurser, ofta uppdaterade analyser och expertinsikter p\u00e5 kryptovalutamarknaden f\u00f6r att hj\u00e4lpa handlare att navigera i kryptohandelns komplexitet. Oavsett om du \u00e4r nyb\u00f6rjare eller en erfaren handlare tillhandah\u00e5ller Bitcoin Pulse Trader r\u00e4tt l\u00f6sningar och information f\u00f6r att h\u00e5lla dig relevant och uppn\u00e5 dina finansiella m\u00e5l.<\/p>\n<\/div>\n<div><\/div>\n","protected":false},"excerpt":{"rendered":"<p>Teamet bakom uppstod ur ett team av erfarna handlare och kvantitativa analytiker som utvecklade avancerade algoritmer f\u00f6r att f\u00f6rb\u00e4ttra handeln med kryptovalutor. Dessa algoritmer analyserar omfattande data, uppt\u00e4cker m\u00f6nster och utf\u00f6r exakta beslut f\u00f6r att hantera risker och ta vara p\u00e5 m\u00f6jligheter. De anv\u00e4ndes ursprungligen f\u00f6r teamets personliga handel, men de ins\u00e5g snart :s potential [&hellip;]<\/p>\n","protected":false},"author":2,"featured_media":0,"parent":0,"menu_order":0,"comment_status":"closed","ping_status":"closed","template":"page-about.php","meta":{"footnotes":""},"class_list":["post-2883","page","type-page","status-publish","hentry"],"yoast_head":"<!-- This site is optimized with the Yoast SEO plugin v23.7 - https:\/\/yoast.com\/wordpress\/plugins\/seo\/ -->\n<title>Bitcoin Pulse Trader \u2122 | Offici\u00eble website 2026 | Claim nu!<\/title>\n<meta name=\"robots\" content=\"index, follow, max-snippet:-1, max-image-preview:large, max-video-preview:-1\" \/>\n<meta property=\"og:locale\" content=\"sv_SE\" \/>\n<meta property=\"og:site_name\" content=\"Bitcoin Pulse\" \/>\n<meta property=\"article:modified_time\" content=\"2024-08-26T19:23:53+00:00\" \/>\n<meta name=\"twitter:card\" content=\"summary_large_image\" \/>\n<meta name=\"twitter:label1\" content=\"Ber\u00e4knad l\u00e4stid\" \/>\n\t<meta name=\"twitter:data1\" content=\"3 minuter\" \/>\n<!-- \/ Yoast SEO plugin. -->","yoast_head_json":{"title":"Bitcoin Pulse Trader \u2122 | Offici\u00eble website 2026 | Claim nu!","robots":{"index":"index","follow":"follow","max-snippet":"max-snippet:-1","max-image-preview":"max-image-preview:large","max-video-preview":"max-video-preview:-1"},"og_locale":"sv_SE","og_site_name":"Bitcoin Pulse","article_modified_time":"2024-08-26T19:23:53+00:00","twitter_card":"summary_large_image","twitter_misc":{"Ber\u00e4knad l\u00e4stid":"3 minuter"},"schema":{"@context":"https:\/\/schema.org","@graph":[{"@type":"WebPage","@id":"https:\/\/bitcoin-pulse.com\/about-us\/","url":"https:\/\/bitcoin-pulse.com\/about-us\/","name":"Om oss - Bitcoin Pulse","isPartOf":{"@id":"https:\/\/bitcoin-pulse.com\/#website"},"datePublished":"2024-05-27T16:57:39+00:00","dateModified":"2024-08-26T19:23:53+00:00","breadcrumb":{"@id":"https:\/\/bitcoin-pulse.com\/about-us\/#breadcrumb"},"inLanguage":"sv-SE","potentialAction":[{"@type":"ReadAction","target":["https:\/\/bitcoin-pulse.com\/about-us\/"]}]},{"@type":"BreadcrumbList","@id":"https:\/\/bitcoin-pulse.com\/about-us\/#breadcrumb","itemListElement":[{"@type":"ListItem","position":1,"name":"Home","item":"https:\/\/bitcoin-pulse.com\/"},{"@type":"ListItem","position":2,"name":"Om oss"}]},{"@type":"WebSite","@id":"https:\/\/bitcoin-pulse.com\/#website","url":"https:\/\/bitcoin-pulse.com\/","name":"Bitcoin Pulse","description":"","potentialAction":[{"@type":"SearchAction","target":{"@type":"EntryPoint","urlTemplate":"https:\/\/bitcoin-pulse.com\/?s={search_term_string}"},"query-input":{"@type":"PropertyValueSpecification","valueRequired":true,"valueName":"search_term_string"}}],"inLanguage":"sv-SE"}]}},"_links":{"self":[{"href":"https:\/\/bitcoin-pulse.com\/sv\/wp-json\/wp\/v2\/pages\/2883","targetHints":{"allow":["GET"]}}],"collection":[{"href":"https:\/\/bitcoin-pulse.com\/sv\/wp-json\/wp\/v2\/pages"}],"about":[{"href":"https:\/\/bitcoin-pulse.com\/sv\/wp-json\/wp\/v2\/types\/page"}],"author":[{"embeddable":true,"href":"https:\/\/bitcoin-pulse.com\/sv\/wp-json\/wp\/v2\/users\/2"}],"replies":[{"embeddable":true,"href":"https:\/\/bitcoin-pulse.com\/sv\/wp-json\/wp\/v2\/comments?post=2883"}],"version-history":[{"count":4,"href":"https:\/\/bitcoin-pulse.com\/sv\/wp-json\/wp\/v2\/pages\/2883\/revisions"}],"predecessor-version":[{"id":3184,"href":"https:\/\/bitcoin-pulse.com\/sv\/wp-json\/wp\/v2\/pages\/2883\/revisions\/3184"}],"wp:attachment":[{"href":"https:\/\/bitcoin-pulse.com\/sv\/wp-json\/wp\/v2\/media?parent=2883"}],"curies":[{"name":"wp","href":"https:\/\/api.w.org\/{rel}","templated":true}]}}