{"id":2093,"date":"2024-05-27T16:58:01","date_gmt":"2024-05-27T16:58:01","guid":{"rendered":"https:\/\/loc.bitcoin-pulse.com\/contact-us\/"},"modified":"2024-08-26T19:26:47","modified_gmt":"2024-08-26T19:26:47","slug":"contact-us","status":"publish","type":"page","link":"https:\/\/bitcoin-pulse.com\/sv\/contact-us\/","title":{"rendered":"Kontakta oss"},"content":{"rendered":"<div>\n<h1>Kom i kontakt med Bitcoin Pulse Trader.<\/h1>\n<p>Har du fr\u00e5gor, beh\u00f6ver du hj\u00e4lp eller vill du ge feedback? V\u00e5rt team \u00e4r h\u00e4r f\u00f6r att hj\u00e4lpa dig. V\u00e4nligen kontakta oss med hj\u00e4lp av informationen nedan. Vi \u00e4r fast beslutna att leverera snabb hj\u00e4lp och uppfylla dina behov.<\/p>\n<h4>Postadress:<\/h4>\n<p>C\/ de C\u00f2rsega, 284, 1:a v\u00e5ningen<br \/>\nEixample, 08008<br \/>\nBarcelona, Spanien<\/p>\n<h4>F\u00f6rfr\u00e5gningar om aff\u00e4rer:<\/h4>\n<p>F\u00f6r partnerskapsf\u00f6rslag, mediaf\u00f6rfr\u00e5gningar eller andra aff\u00e4rsm\u00f6jligheter, v\u00e4nligen kontakta oss p\u00e5<br \/>\n<a href=\"mailto:business@xyz.com\">business@xyz.com<\/a><\/p>\n<h4>Kundtj\u00e4nst:<\/h4>\n<p>F\u00f6r eventuella supportf\u00f6rfr\u00e5gningar eller allm\u00e4nna fr\u00e5gor, v\u00e4nligen kontakta oss p\u00e5:<br \/>\n<a href=\"mailto:support@xyz.com\">support@xyz.com<\/a><\/p>\n<p>Vi ser fram emot att h\u00f6ra fr\u00e5n dig och hj\u00e4lpa dig med dina behov.<\/p>\n<\/div>\n","protected":false},"excerpt":{"rendered":"<p>Kom i kontakt med . Har du fr\u00e5gor, beh\u00f6ver du hj\u00e4lp eller vill du ge feedback? V\u00e5rt team \u00e4r h\u00e4r f\u00f6r att hj\u00e4lpa dig. V\u00e4nligen kontakta oss med hj\u00e4lp av informationen nedan. Vi \u00e4r fast beslutna att leverera snabb hj\u00e4lp och uppfylla dina behov. Postadress: C\/ de C\u00f2rsega, 284, 1:a v\u00e5ningen Eixample, 08008 Barcelona, Spanien [&hellip;]<\/p>\n","protected":false},"author":2,"featured_media":0,"parent":0,"menu_order":0,"comment_status":"closed","ping_status":"closed","template":"page-contact.php","meta":{"footnotes":""},"class_list":["post-2093","page","type-page","status-publish","hentry"],"yoast_head":"<!-- This site is optimized with the Yoast SEO plugin v23.7 - https:\/\/yoast.com\/wordpress\/plugins\/seo\/ -->\n<title>Bitcoin Pulse Trader \u2122 | Offici\u00eble website 2026 | Claim nu!<\/title>\n<meta name=\"robots\" content=\"index, follow, max-snippet:-1, max-image-preview:large, max-video-preview:-1\" \/>\n<meta property=\"og:locale\" content=\"sv_SE\" \/>\n<meta property=\"og:site_name\" content=\"Bitcoin Pulse\" \/>\n<meta property=\"article:modified_time\" content=\"2024-08-26T19:26:47+00:00\" \/>\n<meta name=\"twitter:card\" content=\"summary_large_image\" \/>\n<meta name=\"twitter:label1\" content=\"Ber\u00e4knad l\u00e4stid\" \/>\n\t<meta name=\"twitter:data1\" content=\"1 minut\" \/>\n<!-- \/ Yoast SEO plugin. -->","yoast_head_json":{"title":"Bitcoin Pulse Trader \u2122 | Offici\u00eble website 2026 | Claim nu!","robots":{"index":"index","follow":"follow","max-snippet":"max-snippet:-1","max-image-preview":"max-image-preview:large","max-video-preview":"max-video-preview:-1"},"og_locale":"sv_SE","og_site_name":"Bitcoin Pulse","article_modified_time":"2024-08-26T19:26:47+00:00","twitter_card":"summary_large_image","twitter_misc":{"Ber\u00e4knad l\u00e4stid":"1 minut"},"schema":{"@context":"https:\/\/schema.org","@graph":[{"@type":"WebPage","@id":"https:\/\/bitcoin-pulse.com\/contact-us\/","url":"https:\/\/bitcoin-pulse.com\/contact-us\/","name":"Kontakta oss - Bitcoin Pulse","isPartOf":{"@id":"https:\/\/bitcoin-pulse.com\/#website"},"datePublished":"2024-05-27T16:58:01+00:00","dateModified":"2024-08-26T19:26:47+00:00","breadcrumb":{"@id":"https:\/\/bitcoin-pulse.com\/contact-us\/#breadcrumb"},"inLanguage":"sv-SE","potentialAction":[{"@type":"ReadAction","target":["https:\/\/bitcoin-pulse.com\/contact-us\/"]}]},{"@type":"BreadcrumbList","@id":"https:\/\/bitcoin-pulse.com\/contact-us\/#breadcrumb","itemListElement":[{"@type":"ListItem","position":1,"name":"Home","item":"https:\/\/bitcoin-pulse.com\/"},{"@type":"ListItem","position":2,"name":"Kontakta oss"}]},{"@type":"WebSite","@id":"https:\/\/bitcoin-pulse.com\/#website","url":"https:\/\/bitcoin-pulse.com\/","name":"Bitcoin Pulse","description":"","potentialAction":[{"@type":"SearchAction","target":{"@type":"EntryPoint","urlTemplate":"https:\/\/bitcoin-pulse.com\/?s={search_term_string}"},"query-input":{"@type":"PropertyValueSpecification","valueRequired":true,"valueName":"search_term_string"}}],"inLanguage":"sv-SE"}]}},"_links":{"self":[{"href":"https:\/\/bitcoin-pulse.com\/sv\/wp-json\/wp\/v2\/pages\/2093","targetHints":{"allow":["GET"]}}],"collection":[{"href":"https:\/\/bitcoin-pulse.com\/sv\/wp-json\/wp\/v2\/pages"}],"about":[{"href":"https:\/\/bitcoin-pulse.com\/sv\/wp-json\/wp\/v2\/types\/page"}],"author":[{"embeddable":true,"href":"https:\/\/bitcoin-pulse.com\/sv\/wp-json\/wp\/v2\/users\/2"}],"replies":[{"embeddable":true,"href":"https:\/\/bitcoin-pulse.com\/sv\/wp-json\/wp\/v2\/comments?post=2093"}],"version-history":[{"count":8,"href":"https:\/\/bitcoin-pulse.com\/sv\/wp-json\/wp\/v2\/pages\/2093\/revisions"}],"predecessor-version":[{"id":3198,"href":"https:\/\/bitcoin-pulse.com\/sv\/wp-json\/wp\/v2\/pages\/2093\/revisions\/3198"}],"wp:attachment":[{"href":"https:\/\/bitcoin-pulse.com\/sv\/wp-json\/wp\/v2\/media?parent=2093"}],"curies":[{"name":"wp","href":"https:\/\/api.w.org\/{rel}","templated":true}]}}