{"id":2881,"date":"2024-05-27T16:57:39","date_gmt":"2024-05-27T16:57:39","guid":{"rendered":"https:\/\/bitcoin-pulse.com\/about-us\/"},"modified":"2024-08-26T19:23:51","modified_gmt":"2024-08-26T19:23:51","slug":"about-us","status":"publish","type":"page","link":"https:\/\/bitcoin-pulse.com\/pt-pt\/about-us\/","title":{"rendered":"Sobre n\u00f3s"},"content":{"rendered":"<div>\n<h1 style=\"text-align: center;\">Equipa por detr\u00e1s da Bitcoin Pulse Trader<\/h1>\n<p>A Bitcoin Pulse Trader surgiu de uma equipa de traders experientes e analistas quantitativos que desenvolveram algoritmos avan\u00e7ados para melhorar a negocia\u00e7\u00e3o de criptomoedas. Estes algoritmos analisam dados extensivos, detectam padr\u00f5es e executam decis\u00f5es precisas para gerir riscos e aproveitar oportunidades.<\/p>\n<p>Inicialmente utilizados para a negocia\u00e7\u00e3o pessoal da equipa, rapidamente reconheceram o potencial da Bitcoin Pulse Trader para transformar a negocia\u00e7\u00e3o de criptomoedas para todos os investidores. Ao abrir a sua plataforma a outros, o seu objetivo \u00e9 equipar os comerciantes com tecnologia de ponta e conhecimentos baseados em dados.<\/p>\n<p><strong>A Bitcoin Pulse Trader<\/strong> nasceu da vis\u00e3o de um grupo de traders altamente qualificados e analistas quantitativos com um desejo ardente de melhorar a efic\u00e1cia da negocia\u00e7\u00e3o de criptomoedas. Conceberam algoritmos altamente complexos que podiam processar grandes quantidades de dados para identificar tend\u00eancias vitais do mercado e fornecer instru\u00e7\u00f5es de negocia\u00e7\u00e3o precisas sobre a gest\u00e3o adequada do risco e a explora\u00e7\u00e3o de oportunidades.<\/p>\n<p>Inicialmente, estes algoritmos eram utilizados exclusivamente dentro da equipa para actividades de negocia\u00e7\u00e3o intra-equipa. Reconhecendo o potencial de uma vers\u00e3o alargada, decidimos tornar a Bitcoin Pulse Trader mais acess\u00edvel ao p\u00fablico. Estamos atualmente a criar uma plataforma que fornece tecnologia de ponta e informa\u00e7\u00f5es que ir\u00e3o melhorar a experi\u00eancia de negocia\u00e7\u00e3o para todos os utilizadores.<\/p>\n<p>Na Bitcoin Pulse Trader, combinamos o conhecimento de negocia\u00e7\u00e3o profissional e a experi\u00eancia pr\u00e1tica di\u00e1ria com uma abordagem moderna e cientificamente baseada na negocia\u00e7\u00e3o quantitativa, fornecendo aos utilizadores uma plataforma que garante ganhos consistentes. Descubra como os nossos algoritmos superiores e a nossa experi\u00eancia de negocia\u00e7\u00e3o se juntam na Bitcoin Pulse Trader.<\/p>\n<\/div>\n<div style=\"text-align: center;\">\n<h2>Quem deve utilizar a Bitcoin Pulse Trader?<\/h2>\n<p class=\"whitespace-pre-wrap break-words\">A Bitcoin Pulse Trader \u00e9 uma plataforma de negocia\u00e7\u00e3o de ponta concebida para comerciantes e investidores que procuram uma vantagem competitiva no imprevis\u00edvel mercado das criptomoedas. Com um conjunto abrangente de ferramentas, intelig\u00eancia de mercado em tempo real e an\u00e1lises avan\u00e7adas, a Bitcoin Pulse Trader permite que os utilizadores tomem decis\u00f5es informadas e capitalizem as oportunidades emergentes.<\/p>\n<p class=\"whitespace-pre-wrap break-words\">Alimentada por algoritmos sofisticados e aprendizado de m\u00e1quina, a Bitcoin Pulse Trader analisa grandes quantidades de dados de mercado para identificar padr\u00f5es e tend\u00eancias, fornecendo insights acion\u00e1veis e modelos preditivos. A plataforma oferece ferramentas de negocia\u00e7\u00e3o personaliz\u00e1veis, desde algoritmos automatizados a sistemas avan\u00e7ados de gest\u00e3o de ordens, permitindo aos investidores otimizar as suas estrat\u00e9gias com base em prefer\u00eancias pessoais e perfis de risco.<\/p>\n<p class=\"whitespace-pre-wrap break-words\">A Bitcoin Pulse Trader tamb\u00e9m fornece recursos educacionais, an\u00e1lises de mercado e percep\u00e7\u00f5es de especialistas para ajudar os comerciantes a navegar nas complexidades do mercado de criptografia e tomar decis\u00f5es informadas. Quer seja um trader experiente ou novo no mundo das criptomoedas, a Bitcoin Pulse Trader oferece as ferramentas e os conhecimentos necess\u00e1rios para se manter \u00e0 frente do mercado e atingir os seus objectivos financeiros.<\/p>\n<p class=\"whitespace-pre-wrap break-words\">A Bitcoin Pulse Trader tem como objetivo servir tanto os principiantes como os profissionais avan\u00e7ados nos mercados de negocia\u00e7\u00e3o de criptomoedas em constante flutua\u00e7\u00e3o. As capacidades da nossa plataforma incluem uma gama de ferramentas para an\u00e1lise e marketing, dados de mercado em tempo real e ferramentas anal\u00edticas que permitem aos utilizadores tomar decis\u00f5es estrat\u00e9gicas sensatas e aproveitar novas oportunidades.<\/p>\n<p class=\"whitespace-pre-wrap break-words\">Constru\u00edda com base em algoritmos computacionais avan\u00e7ados e aprendizagem autom\u00e1tica, a Bitcoin Pulse Trader analisa informa\u00e7\u00f5es de mercado extensas para destacar tend\u00eancias e fornecer informa\u00e7\u00f5es valiosas. A nossa plataforma oferece uma variedade de tecnologias de negocia\u00e7\u00e3o, desde algoritmos automatizados a sistemas avan\u00e7ados de gest\u00e3o de ordens, permitindo aos utilizadores fazer ajustes com facilidade, adaptados \u00e0s suas prefer\u00eancias e n\u00edveis de risco.<\/p>\n<p class=\"whitespace-pre-wrap break-words\">Al\u00e9m disso, a Bitcoin Pulse Trader fornece uma grande quantidade de recursos educativos, an\u00e1lises actualizadas com frequ\u00eancia e conhecimentos especializados sobre o mercado de criptomoedas para ajudar os comerciantes a navegar nas complexidades da negocia\u00e7\u00e3o de criptomoedas. Quer seja um principiante ou um trader experiente, a Bitcoin Pulse Trader fornece as solu\u00e7\u00f5es e informa\u00e7\u00f5es certas para se manter relevante e atingir os seus objectivos financeiros.<\/p>\n<\/div>\n<div><\/div>\n","protected":false},"excerpt":{"rendered":"<p>Equipa por detr\u00e1s da A surgiu de uma equipa de traders experientes e analistas quantitativos que desenvolveram algoritmos avan\u00e7ados para melhorar a negocia\u00e7\u00e3o de criptomoedas. Estes algoritmos analisam dados extensivos, detectam padr\u00f5es e executam decis\u00f5es precisas para gerir riscos e aproveitar oportunidades. Inicialmente utilizados para a negocia\u00e7\u00e3o pessoal da equipa, rapidamente reconheceram o potencial da [&hellip;]<\/p>\n","protected":false},"author":2,"featured_media":0,"parent":0,"menu_order":0,"comment_status":"closed","ping_status":"closed","template":"page-about.php","meta":{"footnotes":""},"class_list":["post-2881","page","type-page","status-publish","hentry"],"yoast_head":"<!-- This site is optimized with the Yoast SEO plugin v23.7 - https:\/\/yoast.com\/wordpress\/plugins\/seo\/ -->\n<title>Bitcoin Pulse Trader \u2122 | Offici\u00eble website 2026 | Claim nu!<\/title>\n<meta name=\"robots\" content=\"index, follow, max-snippet:-1, max-image-preview:large, max-video-preview:-1\" \/>\n<meta property=\"og:locale\" content=\"pt_PT\" \/>\n<meta property=\"og:site_name\" content=\"Bitcoin Pulse\" \/>\n<meta property=\"article:modified_time\" content=\"2024-08-26T19:23:51+00:00\" \/>\n<meta name=\"twitter:card\" content=\"summary_large_image\" \/>\n<meta name=\"twitter:label1\" content=\"Tempo estimado de leitura\" \/>\n\t<meta name=\"twitter:data1\" content=\"3 minutos\" \/>\n<!-- \/ Yoast SEO plugin. -->","yoast_head_json":{"title":"Bitcoin Pulse Trader \u2122 | Offici\u00eble website 2026 | Claim nu!","robots":{"index":"index","follow":"follow","max-snippet":"max-snippet:-1","max-image-preview":"max-image-preview:large","max-video-preview":"max-video-preview:-1"},"og_locale":"pt_PT","og_site_name":"Bitcoin Pulse","article_modified_time":"2024-08-26T19:23:51+00:00","twitter_card":"summary_large_image","twitter_misc":{"Tempo estimado de leitura":"3 minutos"},"schema":{"@context":"https:\/\/schema.org","@graph":[{"@type":"WebPage","@id":"https:\/\/bitcoin-pulse.com\/about-us\/","url":"https:\/\/bitcoin-pulse.com\/about-us\/","name":"Sobre n\u00f3s - Bitcoin Pulse","isPartOf":{"@id":"https:\/\/bitcoin-pulse.com\/#website"},"datePublished":"2024-05-27T16:57:39+00:00","dateModified":"2024-08-26T19:23:51+00:00","breadcrumb":{"@id":"https:\/\/bitcoin-pulse.com\/about-us\/#breadcrumb"},"inLanguage":"pt-PT","potentialAction":[{"@type":"ReadAction","target":["https:\/\/bitcoin-pulse.com\/about-us\/"]}]},{"@type":"BreadcrumbList","@id":"https:\/\/bitcoin-pulse.com\/about-us\/#breadcrumb","itemListElement":[{"@type":"ListItem","position":1,"name":"Home","item":"https:\/\/bitcoin-pulse.com\/"},{"@type":"ListItem","position":2,"name":"Sobre n\u00f3s"}]},{"@type":"WebSite","@id":"https:\/\/bitcoin-pulse.com\/#website","url":"https:\/\/bitcoin-pulse.com\/","name":"Bitcoin Pulse","description":"","potentialAction":[{"@type":"SearchAction","target":{"@type":"EntryPoint","urlTemplate":"https:\/\/bitcoin-pulse.com\/?s={search_term_string}"},"query-input":{"@type":"PropertyValueSpecification","valueRequired":true,"valueName":"search_term_string"}}],"inLanguage":"pt-PT"}]}},"_links":{"self":[{"href":"https:\/\/bitcoin-pulse.com\/pt-pt\/wp-json\/wp\/v2\/pages\/2881","targetHints":{"allow":["GET"]}}],"collection":[{"href":"https:\/\/bitcoin-pulse.com\/pt-pt\/wp-json\/wp\/v2\/pages"}],"about":[{"href":"https:\/\/bitcoin-pulse.com\/pt-pt\/wp-json\/wp\/v2\/types\/page"}],"author":[{"embeddable":true,"href":"https:\/\/bitcoin-pulse.com\/pt-pt\/wp-json\/wp\/v2\/users\/2"}],"replies":[{"embeddable":true,"href":"https:\/\/bitcoin-pulse.com\/pt-pt\/wp-json\/wp\/v2\/comments?post=2881"}],"version-history":[{"count":4,"href":"https:\/\/bitcoin-pulse.com\/pt-pt\/wp-json\/wp\/v2\/pages\/2881\/revisions"}],"predecessor-version":[{"id":3182,"href":"https:\/\/bitcoin-pulse.com\/pt-pt\/wp-json\/wp\/v2\/pages\/2881\/revisions\/3182"}],"wp:attachment":[{"href":"https:\/\/bitcoin-pulse.com\/pt-pt\/wp-json\/wp\/v2\/media?parent=2881"}],"curies":[{"name":"wp","href":"https:\/\/api.w.org\/{rel}","templated":true}]}}