{"id":2091,"date":"2024-05-27T16:58:01","date_gmt":"2024-05-27T16:58:01","guid":{"rendered":"https:\/\/loc.bitcoin-pulse.com\/contact-us\/"},"modified":"2024-08-26T19:26:45","modified_gmt":"2024-08-26T19:26:45","slug":"contact-us","status":"publish","type":"page","link":"https:\/\/bitcoin-pulse.com\/pt-pt\/contact-us\/","title":{"rendered":"Contactar-nos"},"content":{"rendered":"<div>\n<h1>Entre em contacto com a Bitcoin Pulse Trader.<\/h1>\n<p>Tem d\u00favidas, precisa de ajuda ou quer dar a sua opini\u00e3o? A nossa equipa est\u00e1 aqui para ajudar. Contacte-nos utilizando as informa\u00e7\u00f5es fornecidas abaixo. Estamos empenhados em fornecer ajuda atempada e em satisfazer as suas necessidades.<\/p>\n<h4>Endere\u00e7o de correio eletr\u00f3nico:<\/h4>\n<p>C\/ de C\u00f2rsega, 284, 1\u00ba andar<br \/>\nEixample, 08008<br \/>\nBarcelona, Espanha<\/p>\n<h4>Pedidos de informa\u00e7\u00e3o comercial:<\/h4>\n<p>Para propostas de parceria, quest\u00f5es relacionadas com os meios de comunica\u00e7\u00e3o social ou outras oportunidades de neg\u00f3cio, contacte-nos atrav\u00e9s de:<br \/>\n<a href=\"mailto:business@xyz.com\">business@xyz.com<\/a><\/p>\n<h4>Apoio ao cliente:<\/h4>\n<p>Para quaisquer pedidos de apoio ou quest\u00f5es gerais, contacte-nos atrav\u00e9s de:<br \/>\n<a href=\"mailto:support@xyz.com\">support@xyz.com<\/a><\/p>\n<p>Aguardamos ansiosamente o seu contacto e a assist\u00eancia \u00e0s suas necessidades.<\/p>\n<\/div>\n","protected":false},"excerpt":{"rendered":"<p>Entre em contacto com a . Tem d\u00favidas, precisa de ajuda ou quer dar a sua opini\u00e3o? A nossa equipa est\u00e1 aqui para ajudar. Contacte-nos utilizando as informa\u00e7\u00f5es fornecidas abaixo. Estamos empenhados em fornecer ajuda atempada e em satisfazer as suas necessidades. Endere\u00e7o de correio eletr\u00f3nico: C\/ de C\u00f2rsega, 284, 1\u00ba andar Eixample, 08008 Barcelona, [&hellip;]<\/p>\n","protected":false},"author":2,"featured_media":0,"parent":0,"menu_order":0,"comment_status":"closed","ping_status":"closed","template":"page-contact.php","meta":{"footnotes":""},"class_list":["post-2091","page","type-page","status-publish","hentry"],"yoast_head":"<!-- This site is optimized with the Yoast SEO plugin v23.7 - https:\/\/yoast.com\/wordpress\/plugins\/seo\/ -->\n<title>Bitcoin Pulse Trader \u2122 | Offici\u00eble website 2026 | Claim nu!<\/title>\n<meta name=\"robots\" content=\"index, follow, max-snippet:-1, max-image-preview:large, max-video-preview:-1\" \/>\n<meta property=\"og:locale\" content=\"pt_PT\" \/>\n<meta property=\"og:site_name\" content=\"Bitcoin Pulse\" \/>\n<meta property=\"article:modified_time\" content=\"2024-08-26T19:26:45+00:00\" \/>\n<meta name=\"twitter:card\" content=\"summary_large_image\" \/>\n<meta name=\"twitter:label1\" content=\"Tempo estimado de leitura\" \/>\n\t<meta name=\"twitter:data1\" content=\"1 minuto\" \/>\n<!-- \/ Yoast SEO plugin. -->","yoast_head_json":{"title":"Bitcoin Pulse Trader \u2122 | Offici\u00eble website 2026 | Claim nu!","robots":{"index":"index","follow":"follow","max-snippet":"max-snippet:-1","max-image-preview":"max-image-preview:large","max-video-preview":"max-video-preview:-1"},"og_locale":"pt_PT","og_site_name":"Bitcoin Pulse","article_modified_time":"2024-08-26T19:26:45+00:00","twitter_card":"summary_large_image","twitter_misc":{"Tempo estimado de leitura":"1 minuto"},"schema":{"@context":"https:\/\/schema.org","@graph":[{"@type":"WebPage","@id":"https:\/\/bitcoin-pulse.com\/contact-us\/","url":"https:\/\/bitcoin-pulse.com\/contact-us\/","name":"Contactar-nos - Bitcoin Pulse","isPartOf":{"@id":"https:\/\/bitcoin-pulse.com\/#website"},"datePublished":"2024-05-27T16:58:01+00:00","dateModified":"2024-08-26T19:26:45+00:00","breadcrumb":{"@id":"https:\/\/bitcoin-pulse.com\/contact-us\/#breadcrumb"},"inLanguage":"pt-PT","potentialAction":[{"@type":"ReadAction","target":["https:\/\/bitcoin-pulse.com\/contact-us\/"]}]},{"@type":"BreadcrumbList","@id":"https:\/\/bitcoin-pulse.com\/contact-us\/#breadcrumb","itemListElement":[{"@type":"ListItem","position":1,"name":"Home","item":"https:\/\/bitcoin-pulse.com\/"},{"@type":"ListItem","position":2,"name":"Contactar-nos"}]},{"@type":"WebSite","@id":"https:\/\/bitcoin-pulse.com\/#website","url":"https:\/\/bitcoin-pulse.com\/","name":"Bitcoin Pulse","description":"","potentialAction":[{"@type":"SearchAction","target":{"@type":"EntryPoint","urlTemplate":"https:\/\/bitcoin-pulse.com\/?s={search_term_string}"},"query-input":{"@type":"PropertyValueSpecification","valueRequired":true,"valueName":"search_term_string"}}],"inLanguage":"pt-PT"}]}},"_links":{"self":[{"href":"https:\/\/bitcoin-pulse.com\/pt-pt\/wp-json\/wp\/v2\/pages\/2091","targetHints":{"allow":["GET"]}}],"collection":[{"href":"https:\/\/bitcoin-pulse.com\/pt-pt\/wp-json\/wp\/v2\/pages"}],"about":[{"href":"https:\/\/bitcoin-pulse.com\/pt-pt\/wp-json\/wp\/v2\/types\/page"}],"author":[{"embeddable":true,"href":"https:\/\/bitcoin-pulse.com\/pt-pt\/wp-json\/wp\/v2\/users\/2"}],"replies":[{"embeddable":true,"href":"https:\/\/bitcoin-pulse.com\/pt-pt\/wp-json\/wp\/v2\/comments?post=2091"}],"version-history":[{"count":7,"href":"https:\/\/bitcoin-pulse.com\/pt-pt\/wp-json\/wp\/v2\/pages\/2091\/revisions"}],"predecessor-version":[{"id":3196,"href":"https:\/\/bitcoin-pulse.com\/pt-pt\/wp-json\/wp\/v2\/pages\/2091\/revisions\/3196"}],"wp:attachment":[{"href":"https:\/\/bitcoin-pulse.com\/pt-pt\/wp-json\/wp\/v2\/media?parent=2091"}],"curies":[{"name":"wp","href":"https:\/\/api.w.org\/{rel}","templated":true}]}}