{"id":2880,"date":"2024-05-27T16:57:39","date_gmt":"2024-05-27T16:57:39","guid":{"rendered":"https:\/\/bitcoin-pulse.com\/about-us\/"},"modified":"2024-08-26T19:23:51","modified_gmt":"2024-08-26T19:23:51","slug":"about-us","status":"publish","type":"page","link":"https:\/\/bitcoin-pulse.com\/pl\/about-us\/","title":{"rendered":"O nas"},"content":{"rendered":"<div>\n<h1 style=\"text-align: center;\">Zesp\u00f3\u0142 stoj\u0105cy za Bitcoin Pulse Trader<\/h1>\n<p>Bitcoin Pulse Trader powsta\u0142o z zespo\u0142u do\u015bwiadczonych trader\u00f3w i analityk\u00f3w ilo\u015bciowych, kt\u00f3rzy opracowali zaawansowane algorytmy usprawniaj\u0105ce handel kryptowalutami. Algorytmy te analizuj\u0105 obszerne dane, wykrywaj\u0105 wzorce i podejmuj\u0105 precyzyjne decyzje w celu zarz\u0105dzania ryzykiem i wykorzystywania okazji.<\/p>\n<p>Pocz\u0105tkowo wykorzystywane do osobistego handlu zespo\u0142u, szybko dostrzegli potencja\u0142 Bitcoin Pulse Trader do przekszta\u0142cenia handlu kryptowalutami dla wszystkich inwestor\u00f3w. Otwieraj\u0105c swoj\u0105 platform\u0119 dla innych, ich celem jest wyposa\u017cenie trader\u00f3w w najnowocze\u015bniejsz\u0105 technologi\u0119 i wiedz\u0119 opart\u0105 na danych.<\/p>\n<p><strong>Bitcoin Pulse Trader<\/strong> narodzi\u0142o si\u0119 z wizji grupy wysoko wykwalifikowanych trader\u00f3w i analityk\u00f3w ilo\u015bciowych z gor\u0105cym pragnieniem poprawy efektywno\u015bci handlu kryptowalutami. Zaprojektowali oni wysoce z\u0142o\u017cone algorytmy, kt\u00f3re mog\u0105 przetwarza\u0107 ogromne ilo\u015bci danych w celu identyfikacji istotnych trend\u00f3w rynkowych i dostarczania dok\u0142adnych instrukcji handlowych dotycz\u0105cych odpowiedniego zarz\u0105dzania ryzykiem i wykorzystywania okazji.<\/p>\n<p>Pocz\u0105tkowo algorytmy te by\u0142y wykorzystywane wy\u0142\u0105cznie w ramach zespo\u0142u do dzia\u0142a\u0144 handlowych wewn\u0105trz zespo\u0142u. Dostrzegaj\u0105c potencja\u0142 rozszerzonej wersji, postanowili\u015bmy uczyni\u0107 Bitcoin Pulse Trader bardziej dost\u0119pnym dla opinii publicznej. Obecnie tworzymy platform\u0119, kt\u00f3ra zapewnia najnowocze\u015bniejsz\u0105 technologi\u0119 i informacje, kt\u00f3re poprawi\u0105 do\u015bwiadczenie handlowe dla wszystkich u\u017cytkownik\u00f3w.<\/p>\n<p>W Bitcoin Pulse Trader \u0142\u0105czymy wiedz\u0119 z zakresu profesjonalnego handlu i codzienne praktyczne do\u015bwiadczenie z nowoczesnym, opartym na naukowych podstawach podej\u015bciem do handlu ilo\u015bciowego, zapewniaj\u0105c u\u017cytkownikom platform\u0119 gwarantuj\u0105c\u0105 sta\u0142e zyski. Odkryj, jak nasze doskona\u0142e algorytmy i do\u015bwiadczenie handlowe \u0142\u0105cz\u0105 si\u0119 w Bitcoin Pulse Trader.<\/p>\n<\/div>\n<div style=\"text-align: center;\">\n<h2>Kto powinien korzysta\u0107 z Bitcoin Pulse Trader?<\/h2>\n<p class=\"whitespace-pre-wrap break-words\">Bitcoin Pulse Trader to najnowocze\u015bniejsza platforma handlowa przeznaczona dla trader\u00f3w i inwestor\u00f3w poszukuj\u0105cych przewagi konkurencyjnej na nieprzewidywalnym rynku kryptowalut. Dzi\u0119ki kompleksowemu zestawowi narz\u0119dzi, analizie rynku w czasie rzeczywistym i zaawansowanej analityce, Bitcoin Pulse Trader umo\u017cliwia u\u017cytkownikom podejmowanie \u015bwiadomych decyzji i wykorzystywanie pojawiaj\u0105cych si\u0119 mo\u017cliwo\u015bci.<\/p>\n<p class=\"whitespace-pre-wrap break-words\">Dzi\u0119ki zaawansowanym algorytmom i uczeniu maszynowemu, Bitcoin Pulse Trader analizuje ogromne ilo\u015bci danych rynkowych w celu identyfikacji wzorc\u00f3w i trend\u00f3w, dostarczaj\u0105c praktycznych informacji i modeli predykcyjnych. Platforma oferuje konfigurowalne narz\u0119dzia handlowe, od zautomatyzowanych algorytm\u00f3w po zaawansowane systemy zarz\u0105dzania zleceniami, umo\u017cliwiaj\u0105c inwestorom optymalizacj\u0119 ich strategii w oparciu o osobiste preferencje i profile ryzyka.<\/p>\n<p class=\"whitespace-pre-wrap break-words\">Bitcoin Pulse Trader zapewnia r\u00f3wnie\u017c zasoby edukacyjne, analizy rynkowe i spostrze\u017cenia ekspert\u00f3w, aby pom\u00f3c inwestorom w poruszaniu si\u0119 po z\u0142o\u017cono\u015bci rynku kryptowalut i podejmowaniu \u015bwiadomych decyzji. Niezale\u017cnie od tego, czy jeste\u015b do\u015bwiadczonym traderem, czy nowicjuszem w \u015bwiecie kryptowalut, Bitcoin Pulse Trader oferuje narz\u0119dzia i wiedz\u0119 niezb\u0119dne do wyprzedzenia rynku i osi\u0105gni\u0119cia swoich cel\u00f3w finansowych.<\/p>\n<p class=\"whitespace-pre-wrap break-words\">Bitcoin Pulse Trader ma na celu s\u0142u\u017cy\u0107 zar\u00f3wno pocz\u0105tkuj\u0105cym, jak i zaawansowanym praktykom na stale zmieniaj\u0105cych si\u0119 rynkach handlu kryptowalutami. Mo\u017cliwo\u015bci naszej platformy obejmuj\u0105 szereg narz\u0119dzi do analityki i marketingu, dane rynkowe w czasie rzeczywistym oraz narz\u0119dzia analityczne, kt\u00f3re umo\u017cliwiaj\u0105 u\u017cytkownikom podejmowanie m\u0105drych decyzji strategicznych i wykorzystywanie nowych mo\u017cliwo\u015bci.<\/p>\n<p class=\"whitespace-pre-wrap break-words\">Zbudowana w oparciu o zaawansowane algorytmy obliczeniowe i uczenie maszynowe, platforma Bitcoin Pulse Trader analizuje obszerne informacje rynkowe w celu podkre\u015blenia trend\u00f3w i zapewnienia cennych spostrze\u017ce\u0144. Nasza platforma oferuje r\u00f3\u017cnorodne technologie transakcyjne, od zautomatyzowanych algorytm\u00f3w po zaawansowane systemy zarz\u0105dzania zleceniami, umo\u017cliwiaj\u0105c u\u017cytkownikom \u0142atwe dokonywanie korekt, dostosowanych do ich preferencji i poziom\u00f3w ryzyka.<\/p>\n<p class=\"whitespace-pre-wrap break-words\">Ponadto Bitcoin Pulse Trader zapewnia bogate zasoby edukacyjne, cz\u0119sto aktualizowane analizy i spostrze\u017cenia ekspert\u00f3w na temat rynku kryptowalut, aby pom\u00f3c inwestorom w poruszaniu si\u0119 po zawi\u0142o\u015bciach handlu kryptowalutami. Niezale\u017cnie od tego, czy jeste\u015b pocz\u0105tkuj\u0105cym, czy do\u015bwiadczonym traderem, Bitcoin Pulse Trader zapewnia odpowiednie rozwi\u0105zania i informacje, aby pozosta\u0107 na bie\u017c\u0105co i osi\u0105gn\u0105\u0107 swoje cele finansowe.<\/p>\n<\/div>\n<div><\/div>\n","protected":false},"excerpt":{"rendered":"<p>Zesp\u00f3\u0142 stoj\u0105cy za powsta\u0142o z zespo\u0142u do\u015bwiadczonych trader\u00f3w i analityk\u00f3w ilo\u015bciowych, kt\u00f3rzy opracowali zaawansowane algorytmy usprawniaj\u0105ce handel kryptowalutami. Algorytmy te analizuj\u0105 obszerne dane, wykrywaj\u0105 wzorce i podejmuj\u0105 precyzyjne decyzje w celu zarz\u0105dzania ryzykiem i wykorzystywania okazji. Pocz\u0105tkowo wykorzystywane do osobistego handlu zespo\u0142u, szybko dostrzegli potencja\u0142 do przekszta\u0142cenia handlu kryptowalutami dla wszystkich inwestor\u00f3w. Otwieraj\u0105c swoj\u0105 platform\u0119 [&hellip;]<\/p>\n","protected":false},"author":2,"featured_media":0,"parent":0,"menu_order":0,"comment_status":"closed","ping_status":"closed","template":"page-about.php","meta":{"footnotes":""},"class_list":["post-2880","page","type-page","status-publish","hentry"],"yoast_head":"<!-- This site is optimized with the Yoast SEO plugin v23.7 - https:\/\/yoast.com\/wordpress\/plugins\/seo\/ -->\n<title>Bitcoin Pulse Trader \u2122 | Offici\u00eble website 2026 | Claim nu!<\/title>\n<meta name=\"robots\" content=\"index, follow, max-snippet:-1, max-image-preview:large, max-video-preview:-1\" \/>\n<meta property=\"og:locale\" content=\"pl_PL\" \/>\n<meta property=\"og:site_name\" content=\"Bitcoin Pulse\" \/>\n<meta property=\"article:modified_time\" content=\"2024-08-26T19:23:51+00:00\" \/>\n<meta name=\"twitter:card\" content=\"summary_large_image\" \/>\n<meta name=\"twitter:label1\" content=\"Szacowany czas czytania\" \/>\n\t<meta name=\"twitter:data1\" content=\"3 minuty\" \/>\n<!-- \/ Yoast SEO plugin. -->","yoast_head_json":{"title":"Bitcoin Pulse Trader \u2122 | Offici\u00eble website 2026 | Claim nu!","robots":{"index":"index","follow":"follow","max-snippet":"max-snippet:-1","max-image-preview":"max-image-preview:large","max-video-preview":"max-video-preview:-1"},"og_locale":"pl_PL","og_site_name":"Bitcoin Pulse","article_modified_time":"2024-08-26T19:23:51+00:00","twitter_card":"summary_large_image","twitter_misc":{"Szacowany czas czytania":"3 minuty"},"schema":{"@context":"https:\/\/schema.org","@graph":[{"@type":"WebPage","@id":"https:\/\/bitcoin-pulse.com\/about-us\/","url":"https:\/\/bitcoin-pulse.com\/about-us\/","name":"O nas - Bitcoin Pulse","isPartOf":{"@id":"https:\/\/bitcoin-pulse.com\/#website"},"datePublished":"2024-05-27T16:57:39+00:00","dateModified":"2024-08-26T19:23:51+00:00","breadcrumb":{"@id":"https:\/\/bitcoin-pulse.com\/about-us\/#breadcrumb"},"inLanguage":"pl-PL","potentialAction":[{"@type":"ReadAction","target":["https:\/\/bitcoin-pulse.com\/about-us\/"]}]},{"@type":"BreadcrumbList","@id":"https:\/\/bitcoin-pulse.com\/about-us\/#breadcrumb","itemListElement":[{"@type":"ListItem","position":1,"name":"Home","item":"https:\/\/bitcoin-pulse.com\/"},{"@type":"ListItem","position":2,"name":"O nas"}]},{"@type":"WebSite","@id":"https:\/\/bitcoin-pulse.com\/#website","url":"https:\/\/bitcoin-pulse.com\/","name":"Bitcoin Pulse","description":"","potentialAction":[{"@type":"SearchAction","target":{"@type":"EntryPoint","urlTemplate":"https:\/\/bitcoin-pulse.com\/?s={search_term_string}"},"query-input":{"@type":"PropertyValueSpecification","valueRequired":true,"valueName":"search_term_string"}}],"inLanguage":"pl-PL"}]}},"_links":{"self":[{"href":"https:\/\/bitcoin-pulse.com\/pl\/wp-json\/wp\/v2\/pages\/2880","targetHints":{"allow":["GET"]}}],"collection":[{"href":"https:\/\/bitcoin-pulse.com\/pl\/wp-json\/wp\/v2\/pages"}],"about":[{"href":"https:\/\/bitcoin-pulse.com\/pl\/wp-json\/wp\/v2\/types\/page"}],"author":[{"embeddable":true,"href":"https:\/\/bitcoin-pulse.com\/pl\/wp-json\/wp\/v2\/users\/2"}],"replies":[{"embeddable":true,"href":"https:\/\/bitcoin-pulse.com\/pl\/wp-json\/wp\/v2\/comments?post=2880"}],"version-history":[{"count":4,"href":"https:\/\/bitcoin-pulse.com\/pl\/wp-json\/wp\/v2\/pages\/2880\/revisions"}],"predecessor-version":[{"id":3181,"href":"https:\/\/bitcoin-pulse.com\/pl\/wp-json\/wp\/v2\/pages\/2880\/revisions\/3181"}],"wp:attachment":[{"href":"https:\/\/bitcoin-pulse.com\/pl\/wp-json\/wp\/v2\/media?parent=2880"}],"curies":[{"name":"wp","href":"https:\/\/api.w.org\/{rel}","templated":true}]}}