{"id":2090,"date":"2024-05-27T16:58:01","date_gmt":"2024-05-27T16:58:01","guid":{"rendered":"https:\/\/loc.bitcoin-pulse.com\/contact-us\/"},"modified":"2024-08-26T19:26:44","modified_gmt":"2024-08-26T19:26:44","slug":"contact-us","status":"publish","type":"page","link":"https:\/\/bitcoin-pulse.com\/pl\/contact-us\/","title":{"rendered":"Kontakt"},"content":{"rendered":"<div>\n<h1>Skontaktuj si\u0119 z Bitcoin Pulse Trader.<\/h1>\n<p>Masz pytania, potrzebujesz pomocy lub chcesz przekaza\u0107 opini\u0119? Nasz zesp\u00f3\u0142 s\u0142u\u017cy pomoc\u0105. Skontaktuj si\u0119 z nami, korzystaj\u0105c z informacji podanych poni\u017cej. Dok\u0142adamy wszelkich stara\u0144, aby zapewni\u0107 terminow\u0105 pomoc i spe\u0142ni\u0107 Twoje potrzeby.<\/p>\n<h4>Adres do korespondencji:<\/h4>\n<p>C\/ de C\u00f2rsega, 284, 1. pi\u0119tro<br \/>\nEixample, 08008<br \/>\nBarcelona, Hiszpania<\/p>\n<h4>Zapytania biznesowe:<\/h4>\n<p>W przypadku propozycji partnerstwa, zapyta\u0144 ze strony medi\u00f3w lub innych mo\u017cliwo\u015bci biznesowych, prosimy o kontakt pod adresem:<br \/>\n<a href=\"mailto:business@xyz.com\">business@xyz.com<\/a><\/p>\n<h4>Obs\u0142uga klienta:<\/h4>\n<p>W przypadku pr\u00f3\u015bb o wsparcie lub og\u00f3lnych zapyta\u0144 prosimy o kontakt pod adresem:<br \/>\n<a href=\"mailto:support@xyz.com\">support@xyz.com<\/a><\/p>\n<p>Z niecierpliwo\u015bci\u0105 czekamy na kontakt i pomoc w realizacji Twoich potrzeb.<\/p>\n<\/div>\n","protected":false},"excerpt":{"rendered":"<p>Skontaktuj si\u0119 z . Masz pytania, potrzebujesz pomocy lub chcesz przekaza\u0107 opini\u0119? Nasz zesp\u00f3\u0142 s\u0142u\u017cy pomoc\u0105. Skontaktuj si\u0119 z nami, korzystaj\u0105c z informacji podanych poni\u017cej. Dok\u0142adamy wszelkich stara\u0144, aby zapewni\u0107 terminow\u0105 pomoc i spe\u0142ni\u0107 Twoje potrzeby. Adres do korespondencji: C\/ de C\u00f2rsega, 284, 1. pi\u0119tro Eixample, 08008 Barcelona, Hiszpania Zapytania biznesowe: W przypadku propozycji partnerstwa, [&hellip;]<\/p>\n","protected":false},"author":2,"featured_media":0,"parent":0,"menu_order":0,"comment_status":"closed","ping_status":"closed","template":"page-contact.php","meta":{"footnotes":""},"class_list":["post-2090","page","type-page","status-publish","hentry"],"yoast_head":"<!-- This site is optimized with the Yoast SEO plugin v23.7 - https:\/\/yoast.com\/wordpress\/plugins\/seo\/ -->\n<title>Bitcoin Pulse Trader \u2122 | Offici\u00eble website 2026 | Claim nu!<\/title>\n<meta name=\"robots\" content=\"index, follow, max-snippet:-1, max-image-preview:large, max-video-preview:-1\" \/>\n<meta property=\"og:locale\" content=\"pl_PL\" \/>\n<meta property=\"og:site_name\" content=\"Bitcoin Pulse\" \/>\n<meta property=\"article:modified_time\" content=\"2024-08-26T19:26:44+00:00\" \/>\n<meta name=\"twitter:card\" content=\"summary_large_image\" \/>\n<meta name=\"twitter:label1\" content=\"Szacowany czas czytania\" \/>\n\t<meta name=\"twitter:data1\" content=\"1 minuta\" \/>\n<!-- \/ Yoast SEO plugin. -->","yoast_head_json":{"title":"Bitcoin Pulse Trader \u2122 | Offici\u00eble website 2026 | Claim nu!","robots":{"index":"index","follow":"follow","max-snippet":"max-snippet:-1","max-image-preview":"max-image-preview:large","max-video-preview":"max-video-preview:-1"},"og_locale":"pl_PL","og_site_name":"Bitcoin Pulse","article_modified_time":"2024-08-26T19:26:44+00:00","twitter_card":"summary_large_image","twitter_misc":{"Szacowany czas czytania":"1 minuta"},"schema":{"@context":"https:\/\/schema.org","@graph":[{"@type":"WebPage","@id":"https:\/\/bitcoin-pulse.com\/contact-us\/","url":"https:\/\/bitcoin-pulse.com\/contact-us\/","name":"Kontakt - Bitcoin Pulse","isPartOf":{"@id":"https:\/\/bitcoin-pulse.com\/#website"},"datePublished":"2024-05-27T16:58:01+00:00","dateModified":"2024-08-26T19:26:44+00:00","breadcrumb":{"@id":"https:\/\/bitcoin-pulse.com\/contact-us\/#breadcrumb"},"inLanguage":"pl-PL","potentialAction":[{"@type":"ReadAction","target":["https:\/\/bitcoin-pulse.com\/contact-us\/"]}]},{"@type":"BreadcrumbList","@id":"https:\/\/bitcoin-pulse.com\/contact-us\/#breadcrumb","itemListElement":[{"@type":"ListItem","position":1,"name":"Home","item":"https:\/\/bitcoin-pulse.com\/"},{"@type":"ListItem","position":2,"name":"Kontakt"}]},{"@type":"WebSite","@id":"https:\/\/bitcoin-pulse.com\/#website","url":"https:\/\/bitcoin-pulse.com\/","name":"Bitcoin Pulse","description":"","potentialAction":[{"@type":"SearchAction","target":{"@type":"EntryPoint","urlTemplate":"https:\/\/bitcoin-pulse.com\/?s={search_term_string}"},"query-input":{"@type":"PropertyValueSpecification","valueRequired":true,"valueName":"search_term_string"}}],"inLanguage":"pl-PL"}]}},"_links":{"self":[{"href":"https:\/\/bitcoin-pulse.com\/pl\/wp-json\/wp\/v2\/pages\/2090","targetHints":{"allow":["GET"]}}],"collection":[{"href":"https:\/\/bitcoin-pulse.com\/pl\/wp-json\/wp\/v2\/pages"}],"about":[{"href":"https:\/\/bitcoin-pulse.com\/pl\/wp-json\/wp\/v2\/types\/page"}],"author":[{"embeddable":true,"href":"https:\/\/bitcoin-pulse.com\/pl\/wp-json\/wp\/v2\/users\/2"}],"replies":[{"embeddable":true,"href":"https:\/\/bitcoin-pulse.com\/pl\/wp-json\/wp\/v2\/comments?post=2090"}],"version-history":[{"count":7,"href":"https:\/\/bitcoin-pulse.com\/pl\/wp-json\/wp\/v2\/pages\/2090\/revisions"}],"predecessor-version":[{"id":3195,"href":"https:\/\/bitcoin-pulse.com\/pl\/wp-json\/wp\/v2\/pages\/2090\/revisions\/3195"}],"wp:attachment":[{"href":"https:\/\/bitcoin-pulse.com\/pl\/wp-json\/wp\/v2\/media?parent=2090"}],"curies":[{"name":"wp","href":"https:\/\/api.w.org\/{rel}","templated":true}]}}