{"id":2879,"date":"2024-05-27T16:57:39","date_gmt":"2024-05-27T16:57:39","guid":{"rendered":"https:\/\/bitcoin-pulse.com\/about-us\/"},"modified":"2024-08-26T19:23:55","modified_gmt":"2024-08-26T19:23:55","slug":"about-us","status":"publish","type":"page","link":"https:\/\/bitcoin-pulse.com\/no\/about-us\/","title":{"rendered":"Om oss"},"content":{"rendered":"<div>\n<h1 style=\"text-align: center;\">Teamet bak Bitcoin Pulse Trader<\/h1>\n<p>Bitcoin Pulse Trader har sitt utspring i et team av erfarne tradere og kvantitative analytikere som har utviklet avanserte algoritmer for \u00e5 forbedre handelen med kryptovaluta. Disse algoritmene analyserer omfattende data, oppdager m\u00f8nstre og tar presise beslutninger for \u00e5 h\u00e5ndtere risiko og gripe muligheter.<\/p>\n<p>I utgangspunktet ble de brukt til teamets personlige handel, men de inns\u00e5 snart at Bitcoin Pulse Trader hadde potensial til \u00e5 forandre kryptohandel for alle investorer. Ved \u00e5 \u00e5pne plattformen for andre, er m\u00e5let deres \u00e5 utstyre tradere med banebrytende teknologi og datadrevet innsikt.<\/p>\n<p><strong>Bitcoin Pulse Trader<\/strong> ble f\u00f8dt ut av visjonen til en gruppe h\u00f8yt kvalifiserte tradere og kvantitative analytikere med et brennende \u00f8nske om \u00e5 forbedre effektiviteten av kryptovalutahandel. De utviklet sv\u00e6rt komplekse algoritmer som kunne behandle enorme datamengder for \u00e5 identifisere viktige markedstrender og gi n\u00f8yaktige handelsinstruksjoner om passende risikostyring og utnyttelse av muligheter.<\/p>\n<p>Til \u00e5 begynne med ble disse algoritmene utelukkende brukt innad i teamet til teaminterne handelsaktiviteter. Vi inns\u00e5 potensialet i en utvidet versjon, og bestemte oss for \u00e5 gj\u00f8re Bitcoin Pulse Trader mer tilgjengelig for allmennheten. Vi er i ferd med \u00e5 etablere en plattform som tilbyr toppmoderne teknologi og informasjon som vil forbedre handelsopplevelsen for alle brukere.<\/p>\n<p>Hos Bitcoin Pulse Trader kombinerer vi kunnskapen fra profesjonell handel og daglig praktisk erfaring med en moderne, vitenskapelig basert tiln\u00e6rming til kvantitativ handel, noe som gir brukerne en plattform som sikrer jevn gevinst. Oppdag hvordan v\u00e5re overlegne algoritmer og v\u00e5r handelsekspertise kommer sammen i Bitcoin Pulse Trader.<\/p>\n<\/div>\n<div style=\"text-align: center;\">\n<h2>Hvem b\u00f8r bruke Bitcoin Pulse Trader?<\/h2>\n<p class=\"whitespace-pre-wrap break-words\">Bitcoin Pulse Trader er en banebrytende handelsplattform designet for tradere og investorer som \u00f8nsker et konkurransefortrinn i det uforutsigbare kryptovalutamarkedet. Med en omfattende pakke med verkt\u00f8y, markedsinformasjon i sanntid og avanserte analyser gj\u00f8r Bitcoin Pulse Trader det mulig for brukerne \u00e5 ta informerte beslutninger og utnytte nye muligheter.<\/p>\n<p class=\"whitespace-pre-wrap break-words\">Bitcoin Pulse Trader er drevet av sofistikerte algoritmer og maskinl\u00e6ring, og analyserer store mengder markedsdata for \u00e5 identifisere m\u00f8nstre og trender, noe som gir handlingsrettet innsikt og prediktive modeller. Plattformen tilbyr tilpassbare handelsverkt\u00f8y, fra automatiserte algoritmer til avanserte ordreh\u00e5ndteringssystemer, slik at tradere kan optimalisere strategiene sine basert p\u00e5 personlige preferanser og risikoprofiler.<\/p>\n<p class=\"whitespace-pre-wrap break-words\">Bitcoin Pulse Trader tilbyr ogs\u00e5 utdanningsressurser, markedsanalyser og ekspertinnsikt for \u00e5 hjelpe tradere med \u00e5 navigere i det komplekse kryptomarkedet og ta informerte beslutninger. Enten du er en erfaren trader eller ny i kryptovalutaverdenen, tilbyr Bitcoin Pulse Trader verkt\u00f8yene og kunnskapen som er n\u00f8dvendig for \u00e5 ligge i forkant av markedet og n\u00e5 dine \u00f8konomiske m\u00e5l.<\/p>\n<p class=\"whitespace-pre-wrap break-words\">Bitcoin Pulse Trader tar sikte p\u00e5 \u00e5 betjene b\u00e5de nybegynnere og avanserte ut\u00f8vere i de stadig fluktuerende kryptohandelsmarkedene. Plattformen v\u00e5r tilbyr en rekke verkt\u00f8y for analyse og markedsf\u00f8ring, markedsdata i sanntid og analyseverkt\u00f8y som gj\u00f8r det mulig for brukerne \u00e5 ta kloke strategiske beslutninger og gripe nye muligheter.<\/p>\n<p class=\"whitespace-pre-wrap break-words\">Bitcoin Pulse Trader bygger p\u00e5 avanserte beregningsalgoritmer og maskinl\u00e6ring, og analyserer omfattende markedsinformasjon for \u00e5 synliggj\u00f8re trender og gi verdifull innsikt. Plattformen v\u00e5r tilbyr en rekke ulike handelsteknologier, fra automatiserte algoritmer til avanserte ordreh\u00e5ndteringssystemer, slik at brukerne enkelt kan foreta justeringer som er skreddersydd til deres preferanser og risikoniv\u00e5.<\/p>\n<p class=\"whitespace-pre-wrap break-words\">I tillegg tilbyr Bitcoin Pulse Trader et vell av pedagogiske ressurser, ofte oppdaterte analyser og ekspertinnsikt om kryptovalutamarkedet for \u00e5 hjelpe tradere med \u00e5 navigere i kompleksiteten ved kryptohandel. Enten du er nybegynner eller en erfaren trader, tilbyr Bitcoin Pulse Trader de riktige l\u00f8sningene og informasjonen for \u00e5 holde deg relevant og n\u00e5 dine \u00f8konomiske m\u00e5l.<\/p>\n<\/div>\n<div><\/div>\n","protected":false},"excerpt":{"rendered":"<p>Teamet bak har sitt utspring i et team av erfarne tradere og kvantitative analytikere som har utviklet avanserte algoritmer for \u00e5 forbedre handelen med kryptovaluta. Disse algoritmene analyserer omfattende data, oppdager m\u00f8nstre og tar presise beslutninger for \u00e5 h\u00e5ndtere risiko og gripe muligheter. I utgangspunktet ble de brukt til teamets personlige handel, men de inns\u00e5 [&hellip;]<\/p>\n","protected":false},"author":2,"featured_media":0,"parent":0,"menu_order":0,"comment_status":"closed","ping_status":"closed","template":"page-about.php","meta":{"footnotes":""},"class_list":["post-2879","page","type-page","status-publish","hentry"],"yoast_head":"<!-- This site is optimized with the Yoast SEO plugin v23.7 - https:\/\/yoast.com\/wordpress\/plugins\/seo\/ -->\n<title>Bitcoin Pulse Trader \u2122 | Offici\u00eble website 2026 | Claim nu!<\/title>\n<meta name=\"robots\" content=\"index, follow, max-snippet:-1, max-image-preview:large, max-video-preview:-1\" \/>\n<meta property=\"og:locale\" content=\"en_US\" \/>\n<meta property=\"og:site_name\" content=\"Bitcoin Pulse\" \/>\n<meta property=\"article:modified_time\" content=\"2024-08-26T19:23:55+00:00\" \/>\n<meta name=\"twitter:card\" content=\"summary_large_image\" \/>\n<meta name=\"twitter:label1\" content=\"Est. reading time\" \/>\n\t<meta name=\"twitter:data1\" content=\"3 minutes\" \/>\n<!-- \/ Yoast SEO plugin. -->","yoast_head_json":{"title":"Bitcoin Pulse Trader \u2122 | Offici\u00eble website 2026 | Claim nu!","robots":{"index":"index","follow":"follow","max-snippet":"max-snippet:-1","max-image-preview":"max-image-preview:large","max-video-preview":"max-video-preview:-1"},"og_locale":"en_US","og_site_name":"Bitcoin Pulse","article_modified_time":"2024-08-26T19:23:55+00:00","twitter_card":"summary_large_image","twitter_misc":{"Est. reading time":"3 minutes"},"schema":{"@context":"https:\/\/schema.org","@graph":[{"@type":"WebPage","@id":"https:\/\/bitcoin-pulse.com\/about-us\/","url":"https:\/\/bitcoin-pulse.com\/about-us\/","name":"Om oss - Bitcoin Pulse","isPartOf":{"@id":"https:\/\/bitcoin-pulse.com\/#website"},"datePublished":"2024-05-27T16:57:39+00:00","dateModified":"2024-08-26T19:23:55+00:00","breadcrumb":{"@id":"https:\/\/bitcoin-pulse.com\/about-us\/#breadcrumb"},"inLanguage":"no-NO","potentialAction":[{"@type":"ReadAction","target":["https:\/\/bitcoin-pulse.com\/about-us\/"]}]},{"@type":"BreadcrumbList","@id":"https:\/\/bitcoin-pulse.com\/about-us\/#breadcrumb","itemListElement":[{"@type":"ListItem","position":1,"name":"Home","item":"https:\/\/bitcoin-pulse.com\/"},{"@type":"ListItem","position":2,"name":"Om oss"}]},{"@type":"WebSite","@id":"https:\/\/bitcoin-pulse.com\/#website","url":"https:\/\/bitcoin-pulse.com\/","name":"Bitcoin Pulse","description":"","potentialAction":[{"@type":"SearchAction","target":{"@type":"EntryPoint","urlTemplate":"https:\/\/bitcoin-pulse.com\/?s={search_term_string}"},"query-input":{"@type":"PropertyValueSpecification","valueRequired":true,"valueName":"search_term_string"}}],"inLanguage":"no-NO"}]}},"_links":{"self":[{"href":"https:\/\/bitcoin-pulse.com\/no\/wp-json\/wp\/v2\/pages\/2879","targetHints":{"allow":["GET"]}}],"collection":[{"href":"https:\/\/bitcoin-pulse.com\/no\/wp-json\/wp\/v2\/pages"}],"about":[{"href":"https:\/\/bitcoin-pulse.com\/no\/wp-json\/wp\/v2\/types\/page"}],"author":[{"embeddable":true,"href":"https:\/\/bitcoin-pulse.com\/no\/wp-json\/wp\/v2\/users\/2"}],"replies":[{"embeddable":true,"href":"https:\/\/bitcoin-pulse.com\/no\/wp-json\/wp\/v2\/comments?post=2879"}],"version-history":[{"count":4,"href":"https:\/\/bitcoin-pulse.com\/no\/wp-json\/wp\/v2\/pages\/2879\/revisions"}],"predecessor-version":[{"id":3186,"href":"https:\/\/bitcoin-pulse.com\/no\/wp-json\/wp\/v2\/pages\/2879\/revisions\/3186"}],"wp:attachment":[{"href":"https:\/\/bitcoin-pulse.com\/no\/wp-json\/wp\/v2\/media?parent=2879"}],"curies":[{"name":"wp","href":"https:\/\/api.w.org\/{rel}","templated":true}]}}