{"id":2338,"date":"2024-05-29T17:25:34","date_gmt":"2024-05-29T17:25:34","guid":{"rendered":"https:\/\/bitcoin-pulse.com\/kontakt-oss\/"},"modified":"2024-08-26T19:26:48","modified_gmt":"2024-08-26T19:26:48","slug":"contact-us","status":"publish","type":"page","link":"https:\/\/bitcoin-pulse.com\/no\/contact-us\/","title":{"rendered":"Kontakt oss"},"content":{"rendered":"<div>\n<h1>Ta kontakt med Bitcoin Pulse Trader.<\/h1>\n<p>Har du sp\u00f8rsm\u00e5l, trenger du hjelp eller \u00f8nsker du \u00e5 gi tilbakemelding? Teamet v\u00e5rt er her for \u00e5 hjelpe deg. Ta kontakt med oss ved \u00e5 bruke informasjonen nedenfor. Vi er opptatt av \u00e5 gi deg hjelp i tide og m\u00f8te dine behov.<\/p>\n<h4>Postadresse:<\/h4>\n<p>C\/ de C\u00f2rsega, 284, 1. etasje<br \/>\nEixample, 08008<br \/>\nBarcelona, Spania<\/p>\n<h4>For forretningshenvendelser:<\/h4>\n<p>For partnerskapsforslag, mediehenvendelser eller andre forretningsmuligheter, vennligst ta kontakt med oss p\u00e5<br \/>\n<a href=\"mailto:business@xyz.com\">business@xyz.com<\/a><\/p>\n<h4>Kundest\u00f8tte:<\/h4>\n<p>For supportforesp\u00f8rsler eller generelle henvendelser, vennligst kontakt oss p\u00e5<br \/>\n<a href=\"mailto:support@xyz.com\">support@xyz.com<\/a><\/p>\n<p>Vi ser frem til \u00e5 h\u00f8re fra deg og hjelpe deg med dine behov.<\/p>\n<\/div>\n","protected":false},"excerpt":{"rendered":"<p>Ta kontakt med . Har du sp\u00f8rsm\u00e5l, trenger du hjelp eller \u00f8nsker du \u00e5 gi tilbakemelding? Teamet v\u00e5rt er her for \u00e5 hjelpe deg. Ta kontakt med oss ved \u00e5 bruke informasjonen nedenfor. Vi er opptatt av \u00e5 gi deg hjelp i tide og m\u00f8te dine behov. Postadresse: C\/ de C\u00f2rsega, 284, 1. etasje Eixample, [&hellip;]<\/p>\n","protected":false},"author":2,"featured_media":0,"parent":0,"menu_order":0,"comment_status":"closed","ping_status":"closed","template":"page-contact.php","meta":{"footnotes":""},"class_list":["post-2338","page","type-page","status-publish","hentry"],"yoast_head":"<!-- This site is optimized with the Yoast SEO plugin v23.7 - https:\/\/yoast.com\/wordpress\/plugins\/seo\/ -->\n<title>Bitcoin Pulse Trader \u2122 | Offici\u00eble website 2026 | Claim nu!<\/title>\n<meta name=\"robots\" content=\"index, follow, max-snippet:-1, max-image-preview:large, max-video-preview:-1\" \/>\n<meta property=\"og:locale\" content=\"en_US\" \/>\n<meta property=\"og:site_name\" content=\"Bitcoin Pulse\" \/>\n<meta property=\"article:modified_time\" content=\"2024-08-26T19:26:48+00:00\" \/>\n<meta name=\"twitter:card\" content=\"summary_large_image\" \/>\n<meta name=\"twitter:label1\" content=\"Est. reading time\" \/>\n\t<meta name=\"twitter:data1\" content=\"1 minute\" \/>\n<!-- \/ Yoast SEO plugin. -->","yoast_head_json":{"title":"Bitcoin Pulse Trader \u2122 | Offici\u00eble website 2026 | Claim nu!","robots":{"index":"index","follow":"follow","max-snippet":"max-snippet:-1","max-image-preview":"max-image-preview:large","max-video-preview":"max-video-preview:-1"},"og_locale":"en_US","og_site_name":"Bitcoin Pulse","article_modified_time":"2024-08-26T19:26:48+00:00","twitter_card":"summary_large_image","twitter_misc":{"Est. reading time":"1 minute"},"schema":{"@context":"https:\/\/schema.org","@graph":[{"@type":"WebPage","@id":"https:\/\/bitcoin-pulse.com\/contact-us\/","url":"https:\/\/bitcoin-pulse.com\/contact-us\/","name":"Kontakt oss - Bitcoin Pulse","isPartOf":{"@id":"https:\/\/bitcoin-pulse.com\/#website"},"datePublished":"2024-05-29T17:25:34+00:00","dateModified":"2024-08-26T19:26:48+00:00","breadcrumb":{"@id":"https:\/\/bitcoin-pulse.com\/contact-us\/#breadcrumb"},"inLanguage":"no-NO","potentialAction":[{"@type":"ReadAction","target":["https:\/\/bitcoin-pulse.com\/contact-us\/"]}]},{"@type":"BreadcrumbList","@id":"https:\/\/bitcoin-pulse.com\/contact-us\/#breadcrumb","itemListElement":[{"@type":"ListItem","position":1,"name":"Home","item":"https:\/\/bitcoin-pulse.com\/"},{"@type":"ListItem","position":2,"name":"Kontakt oss"}]},{"@type":"WebSite","@id":"https:\/\/bitcoin-pulse.com\/#website","url":"https:\/\/bitcoin-pulse.com\/","name":"Bitcoin Pulse","description":"","potentialAction":[{"@type":"SearchAction","target":{"@type":"EntryPoint","urlTemplate":"https:\/\/bitcoin-pulse.com\/?s={search_term_string}"},"query-input":{"@type":"PropertyValueSpecification","valueRequired":true,"valueName":"search_term_string"}}],"inLanguage":"no-NO"}]}},"_links":{"self":[{"href":"https:\/\/bitcoin-pulse.com\/no\/wp-json\/wp\/v2\/pages\/2338","targetHints":{"allow":["GET"]}}],"collection":[{"href":"https:\/\/bitcoin-pulse.com\/no\/wp-json\/wp\/v2\/pages"}],"about":[{"href":"https:\/\/bitcoin-pulse.com\/no\/wp-json\/wp\/v2\/types\/page"}],"author":[{"embeddable":true,"href":"https:\/\/bitcoin-pulse.com\/no\/wp-json\/wp\/v2\/users\/2"}],"replies":[{"embeddable":true,"href":"https:\/\/bitcoin-pulse.com\/no\/wp-json\/wp\/v2\/comments?post=2338"}],"version-history":[{"count":3,"href":"https:\/\/bitcoin-pulse.com\/no\/wp-json\/wp\/v2\/pages\/2338\/revisions"}],"predecessor-version":[{"id":3200,"href":"https:\/\/bitcoin-pulse.com\/no\/wp-json\/wp\/v2\/pages\/2338\/revisions\/3200"}],"wp:attachment":[{"href":"https:\/\/bitcoin-pulse.com\/no\/wp-json\/wp\/v2\/media?parent=2338"}],"curies":[{"name":"wp","href":"https:\/\/api.w.org\/{rel}","templated":true}]}}