{"id":2876,"date":"2024-05-27T16:57:39","date_gmt":"2024-05-27T16:57:39","guid":{"rendered":"https:\/\/bitcoin-pulse.com\/about-us\/"},"modified":"2024-08-26T19:23:48","modified_gmt":"2024-08-26T19:23:48","slug":"about-us","status":"publish","type":"page","link":"https:\/\/bitcoin-pulse.com\/fr\/about-us\/","title":{"rendered":"\u00c0 propos de nous"},"content":{"rendered":"<div>\n<h1 style=\"text-align: center;\">L&rsquo;\u00e9quipe derri\u00e8re Bitcoin Pulse Trader<\/h1>\n<p>Bitcoin Pulse Trader est n\u00e9e d&rsquo;une \u00e9quipe de traders chevronn\u00e9s et d&rsquo;analystes quantitatifs qui ont d\u00e9velopp\u00e9 des algorithmes avanc\u00e9s pour am\u00e9liorer le trading de crypto-monnaies. Ces algorithmes analysent de nombreuses donn\u00e9es, d\u00e9tectent des mod\u00e8les et prennent des d\u00e9cisions pr\u00e9cises pour g\u00e9rer les risques et saisir les opportunit\u00e9s.<\/p>\n<p>Initialement utilis\u00e9 pour les transactions personnelles de l&rsquo;\u00e9quipe, ils ont rapidement reconnu le potentiel de Bitcoin Pulse Trader pour transformer le trading de crypto-monnaies pour tous les investisseurs. En ouvrant leur plateforme \u00e0 d&rsquo;autres, leur objectif est d&rsquo;\u00e9quiper les traders d&rsquo;une technologie de pointe et d&rsquo;informations bas\u00e9es sur des donn\u00e9es.<\/p>\n<p><strong>Bitcoin Pulse Trader<\/strong> est n\u00e9e de la vision d&rsquo;un groupe de traders et d&rsquo;analystes quantitatifs hautement qualifi\u00e9s, d\u00e9sireux d&rsquo;am\u00e9liorer l&rsquo;efficacit\u00e9 du trading de crypto-monnaies. Ils ont con\u00e7u des algorithmes tr\u00e8s complexes capables de traiter des quantit\u00e9s massives de donn\u00e9es afin d&rsquo;identifier les tendances vitales du march\u00e9 et de fournir des instructions de trading pr\u00e9cises sur la gestion appropri\u00e9e des risques et l&rsquo;exploitation des opportunit\u00e9s.<\/p>\n<p>Dans un premier temps, ces algorithmes ont \u00e9t\u00e9 utilis\u00e9s exclusivement au sein de l&rsquo;\u00e9quipe pour les activit\u00e9s de n\u00e9gociation intra-\u00e9quipe. Reconnaissant le potentiel d&rsquo;une version \u00e9largie, nous avons d\u00e9cid\u00e9 de rendre Bitcoin Pulse Trader plus accessible au public. Nous sommes en train de mettre en place une plateforme qui fournit une technologie de pointe et des informations qui am\u00e9lioreront l&rsquo;exp\u00e9rience de n\u00e9gociation pour tous les utilisateurs.<\/p>\n<p>Chez Bitcoin Pulse Trader, nous combinons la connaissance du trading professionnel et l&rsquo;exp\u00e9rience pratique quotidienne avec une approche moderne et scientifique du trading quantitatif, fournissant aux utilisateurs une plateforme qui assure des gains constants. D\u00e9couvrez comment nos algorithmes sup\u00e9rieurs et notre expertise en mati\u00e8re de trading se rejoignent dans Bitcoin Pulse Trader.<\/p>\n<\/div>\n<div style=\"text-align: center;\">\n<h2>Qui devrait utiliser Bitcoin Pulse Trader ?<\/h2>\n<p class=\"whitespace-pre-wrap break-words\">Bitcoin Pulse Trader est une plateforme de trading de pointe con\u00e7ue pour les traders et les investisseurs \u00e0 la recherche d&rsquo;un avantage concurrentiel sur le march\u00e9 impr\u00e9visible des crypto-monnaies. Avec une suite compl\u00e8te d&rsquo;outils, de renseignements sur le march\u00e9 en temps r\u00e9el et d&rsquo;analyses avanc\u00e9es, Bitcoin Pulse Trader permet aux utilisateurs de prendre des d\u00e9cisions \u00e9clair\u00e9es et de capitaliser sur les opportunit\u00e9s \u00e9mergentes.<\/p>\n<p class=\"whitespace-pre-wrap break-words\">Aliment\u00e9 par des algorithmes sophistiqu\u00e9s et l&rsquo;apprentissage automatique, Bitcoin Pulse Trader analyse de vastes quantit\u00e9s de donn\u00e9es de march\u00e9 pour identifier les mod\u00e8les et les tendances, fournissant des informations exploitables et des mod\u00e8les pr\u00e9dictifs. La plateforme offre des outils de trading personnalisables, des algorithmes automatis\u00e9s aux syst\u00e8mes avanc\u00e9s de gestion des ordres, permettant aux traders d&rsquo;optimiser leurs strat\u00e9gies en fonction de leurs pr\u00e9f\u00e9rences personnelles et de leurs profils de risque.<\/p>\n<p class=\"whitespace-pre-wrap break-words\">Bitcoin Pulse Trader fournit \u00e9galement des ressources \u00e9ducatives, des analyses de march\u00e9 et des avis d&rsquo;experts pour aider les traders \u00e0 naviguer dans les complexit\u00e9s du march\u00e9 des crypto-monnaies et \u00e0 prendre des d\u00e9cisions \u00e9clair\u00e9es. Que vous soyez un trader chevronn\u00e9 ou un nouveau venu dans le monde des crypto-monnaies, Bitcoin Pulse Trader vous offre les outils et les connaissances n\u00e9cessaires pour garder une longueur d&rsquo;avance sur le march\u00e9 et atteindre vos objectifs financiers.<\/p>\n<p class=\"whitespace-pre-wrap break-words\">Bitcoin Pulse Trader vise \u00e0 servir \u00e0 la fois les d\u00e9butants et les praticiens avanc\u00e9s sur les march\u00e9s de trading de crypto-monnaies en constante fluctuation. Les capacit\u00e9s de notre plateforme comprennent une gamme d&rsquo;outils pour l&rsquo;analyse et le marketing, des donn\u00e9es de march\u00e9 en temps r\u00e9el et des outils analytiques qui permettent aux utilisateurs de prendre des d\u00e9cisions strat\u00e9giques judicieuses et de saisir de nouvelles opportunit\u00e9s.<\/p>\n<p class=\"whitespace-pre-wrap break-words\">Construit sur des algorithmes de calcul avanc\u00e9s et l&rsquo;apprentissage automatique, Bitcoin Pulse Trader analyse de nombreuses informations sur le march\u00e9 pour mettre en \u00e9vidence les tendances et fournir des informations pr\u00e9cieuses. Notre plateforme offre une vari\u00e9t\u00e9 de technologies de trading, des algorithmes automatis\u00e9s aux syst\u00e8mes avanc\u00e9s de gestion des ordres, permettant aux utilisateurs de faire des ajustements en toute simplicit\u00e9, adapt\u00e9s \u00e0 leurs pr\u00e9f\u00e9rences et \u00e0 leurs niveaux de risque.<\/p>\n<p class=\"whitespace-pre-wrap break-words\">En outre, Bitcoin Pulse Trader fournit une mine de ressources \u00e9ducatives, des analyses fr\u00e9quemment mises \u00e0 jour et des avis d&rsquo;experts sur le march\u00e9 des crypto-monnaies pour aider les traders \u00e0 naviguer dans les complexit\u00e9s du trading de crypto-monnaies. Que vous soyez un d\u00e9butant ou un trader exp\u00e9riment\u00e9, Bitcoin Pulse Trader fournit les bonnes solutions et informations pour rester pertinent et atteindre vos objectifs financiers.<\/p>\n<\/div>\n<div><\/div>\n","protected":false},"excerpt":{"rendered":"<p>L&rsquo;\u00e9quipe derri\u00e8re est n\u00e9e d&rsquo;une \u00e9quipe de traders chevronn\u00e9s et d&rsquo;analystes quantitatifs qui ont d\u00e9velopp\u00e9 des algorithmes avanc\u00e9s pour am\u00e9liorer le trading de crypto-monnaies. Ces algorithmes analysent de nombreuses donn\u00e9es, d\u00e9tectent des mod\u00e8les et prennent des d\u00e9cisions pr\u00e9cises pour g\u00e9rer les risques et saisir les opportunit\u00e9s. Initialement utilis\u00e9 pour les transactions personnelles de l&rsquo;\u00e9quipe, ils [&hellip;]<\/p>\n","protected":false},"author":2,"featured_media":0,"parent":0,"menu_order":0,"comment_status":"closed","ping_status":"closed","template":"page-about.php","meta":{"footnotes":""},"class_list":["post-2876","page","type-page","status-publish","hentry"],"yoast_head":"<!-- This site is optimized with the Yoast SEO plugin v23.7 - https:\/\/yoast.com\/wordpress\/plugins\/seo\/ -->\n<title>Bitcoin Pulse Trader \u2122 | Offici\u00eble website 2026 | Claim nu!<\/title>\n<meta name=\"robots\" content=\"index, follow, max-snippet:-1, max-image-preview:large, max-video-preview:-1\" \/>\n<meta property=\"og:locale\" content=\"fr_FR\" \/>\n<meta property=\"og:site_name\" content=\"Bitcoin Pulse\" \/>\n<meta property=\"article:modified_time\" content=\"2024-08-26T19:23:48+00:00\" \/>\n<meta name=\"twitter:card\" content=\"summary_large_image\" \/>\n<meta name=\"twitter:label1\" content=\"Dur\u00e9e de lecture estim\u00e9e\" \/>\n\t<meta name=\"twitter:data1\" content=\"4 minutes\" \/>\n<!-- \/ Yoast SEO plugin. -->","yoast_head_json":{"title":"Bitcoin Pulse Trader \u2122 | Offici\u00eble website 2026 | Claim nu!","robots":{"index":"index","follow":"follow","max-snippet":"max-snippet:-1","max-image-preview":"max-image-preview:large","max-video-preview":"max-video-preview:-1"},"og_locale":"fr_FR","og_site_name":"Bitcoin Pulse","article_modified_time":"2024-08-26T19:23:48+00:00","twitter_card":"summary_large_image","twitter_misc":{"Dur\u00e9e de lecture estim\u00e9e":"4 minutes"},"schema":{"@context":"https:\/\/schema.org","@graph":[{"@type":"WebPage","@id":"https:\/\/bitcoin-pulse.com\/about-us\/","url":"https:\/\/bitcoin-pulse.com\/about-us\/","name":"\u00c0 propos de nous - Bitcoin Pulse","isPartOf":{"@id":"https:\/\/bitcoin-pulse.com\/#website"},"datePublished":"2024-05-27T16:57:39+00:00","dateModified":"2024-08-26T19:23:48+00:00","breadcrumb":{"@id":"https:\/\/bitcoin-pulse.com\/about-us\/#breadcrumb"},"inLanguage":"fr-FR","potentialAction":[{"@type":"ReadAction","target":["https:\/\/bitcoin-pulse.com\/about-us\/"]}]},{"@type":"BreadcrumbList","@id":"https:\/\/bitcoin-pulse.com\/about-us\/#breadcrumb","itemListElement":[{"@type":"ListItem","position":1,"name":"Home","item":"https:\/\/bitcoin-pulse.com\/"},{"@type":"ListItem","position":2,"name":"\u00c0 propos de nous"}]},{"@type":"WebSite","@id":"https:\/\/bitcoin-pulse.com\/#website","url":"https:\/\/bitcoin-pulse.com\/","name":"Bitcoin Pulse","description":"","potentialAction":[{"@type":"SearchAction","target":{"@type":"EntryPoint","urlTemplate":"https:\/\/bitcoin-pulse.com\/?s={search_term_string}"},"query-input":{"@type":"PropertyValueSpecification","valueRequired":true,"valueName":"search_term_string"}}],"inLanguage":"fr-FR"}]}},"_links":{"self":[{"href":"https:\/\/bitcoin-pulse.com\/fr\/wp-json\/wp\/v2\/pages\/2876","targetHints":{"allow":["GET"]}}],"collection":[{"href":"https:\/\/bitcoin-pulse.com\/fr\/wp-json\/wp\/v2\/pages"}],"about":[{"href":"https:\/\/bitcoin-pulse.com\/fr\/wp-json\/wp\/v2\/types\/page"}],"author":[{"embeddable":true,"href":"https:\/\/bitcoin-pulse.com\/fr\/wp-json\/wp\/v2\/users\/2"}],"replies":[{"embeddable":true,"href":"https:\/\/bitcoin-pulse.com\/fr\/wp-json\/wp\/v2\/comments?post=2876"}],"version-history":[{"count":6,"href":"https:\/\/bitcoin-pulse.com\/fr\/wp-json\/wp\/v2\/pages\/2876\/revisions"}],"predecessor-version":[{"id":3178,"href":"https:\/\/bitcoin-pulse.com\/fr\/wp-json\/wp\/v2\/pages\/2876\/revisions\/3178"}],"wp:attachment":[{"href":"https:\/\/bitcoin-pulse.com\/fr\/wp-json\/wp\/v2\/media?parent=2876"}],"curies":[{"name":"wp","href":"https:\/\/api.w.org\/{rel}","templated":true}]}}