{"id":2087,"date":"2024-05-27T16:58:01","date_gmt":"2024-05-27T16:58:01","guid":{"rendered":"https:\/\/loc.bitcoin-pulse.com\/contact-us\/"},"modified":"2024-08-26T19:26:42","modified_gmt":"2024-08-26T19:26:42","slug":"contact-us","status":"publish","type":"page","link":"https:\/\/bitcoin-pulse.com\/fr\/contact-us\/","title":{"rendered":"Nous contacter"},"content":{"rendered":"<div>\n<h1>Prenez contact avec Bitcoin Pulse Trader.<\/h1>\n<p>Vous avez des questions, vous avez besoin d&rsquo;aide ou vous souhaitez nous faire part de vos commentaires ? Notre \u00e9quipe est l\u00e0 pour vous aider. Veuillez nous contacter en utilisant les informations fournies ci-dessous. Nous nous engageons \u00e0 vous apporter une aide rapide et \u00e0 r\u00e9pondre \u00e0 vos besoins.<\/p>\n<h4>Adresse postale :<\/h4>\n<p>C\/ de C\u00f2rsega, 284, 1er \u00e9tage<br \/>\nEixample, 08008<br \/>\nBarcelone, Espagne<\/p>\n<h4>Demandes de renseignements commerciaux :<\/h4>\n<p>Pour les propositions de partenariat, les demandes de renseignements des m\u00e9dias ou d&rsquo;autres opportunit\u00e9s commerciales, veuillez nous contacter \u00e0 l&rsquo;adresse suivante :<br \/>\n<a href=\"mailto:business@xyz.com\">business@xyz.com<\/a><\/p>\n<h4>Assistance \u00e0 la client\u00e8le :<\/h4>\n<p>Pour toute demande d&rsquo;assistance ou de renseignements g\u00e9n\u00e9raux, veuillez nous contacter \u00e0 l&rsquo;adresse suivante :<br \/>\n<a href=\"mailto:support@xyz.com\">support@xyz.com<\/a><\/p>\n<p>Nous nous r\u00e9jouissons d&rsquo;avoir de vos nouvelles et de pouvoir r\u00e9pondre \u00e0 vos besoins.<\/p>\n<\/div>\n","protected":false},"excerpt":{"rendered":"<p>Prenez contact avec . Vous avez des questions, vous avez besoin d&rsquo;aide ou vous souhaitez nous faire part de vos commentaires ? Notre \u00e9quipe est l\u00e0 pour vous aider. Veuillez nous contacter en utilisant les informations fournies ci-dessous. Nous nous engageons \u00e0 vous apporter une aide rapide et \u00e0 r\u00e9pondre \u00e0 vos besoins. Adresse postale [&hellip;]<\/p>\n","protected":false},"author":2,"featured_media":0,"parent":0,"menu_order":0,"comment_status":"closed","ping_status":"closed","template":"page-contact.php","meta":{"footnotes":""},"class_list":["post-2087","page","type-page","status-publish","hentry"],"yoast_head":"<!-- This site is optimized with the Yoast SEO plugin v23.7 - https:\/\/yoast.com\/wordpress\/plugins\/seo\/ -->\n<title>Bitcoin Pulse Trader \u2122 | Offici\u00eble website 2026 | Claim nu!<\/title>\n<meta name=\"robots\" content=\"index, follow, max-snippet:-1, max-image-preview:large, max-video-preview:-1\" \/>\n<meta property=\"og:locale\" content=\"fr_FR\" \/>\n<meta property=\"og:site_name\" content=\"Bitcoin Pulse\" \/>\n<meta property=\"article:modified_time\" content=\"2024-08-26T19:26:42+00:00\" \/>\n<meta name=\"twitter:card\" content=\"summary_large_image\" \/>\n<meta name=\"twitter:label1\" content=\"Dur\u00e9e de lecture estim\u00e9e\" \/>\n\t<meta name=\"twitter:data1\" content=\"1 minute\" \/>\n<!-- \/ Yoast SEO plugin. -->","yoast_head_json":{"title":"Bitcoin Pulse Trader \u2122 | Offici\u00eble website 2026 | Claim nu!","robots":{"index":"index","follow":"follow","max-snippet":"max-snippet:-1","max-image-preview":"max-image-preview:large","max-video-preview":"max-video-preview:-1"},"og_locale":"fr_FR","og_site_name":"Bitcoin Pulse","article_modified_time":"2024-08-26T19:26:42+00:00","twitter_card":"summary_large_image","twitter_misc":{"Dur\u00e9e de lecture estim\u00e9e":"1 minute"},"schema":{"@context":"https:\/\/schema.org","@graph":[{"@type":"WebPage","@id":"https:\/\/bitcoin-pulse.com\/contact-us\/","url":"https:\/\/bitcoin-pulse.com\/contact-us\/","name":"Nous contacter - Bitcoin Pulse","isPartOf":{"@id":"https:\/\/bitcoin-pulse.com\/#website"},"datePublished":"2024-05-27T16:58:01+00:00","dateModified":"2024-08-26T19:26:42+00:00","breadcrumb":{"@id":"https:\/\/bitcoin-pulse.com\/contact-us\/#breadcrumb"},"inLanguage":"fr-FR","potentialAction":[{"@type":"ReadAction","target":["https:\/\/bitcoin-pulse.com\/contact-us\/"]}]},{"@type":"BreadcrumbList","@id":"https:\/\/bitcoin-pulse.com\/contact-us\/#breadcrumb","itemListElement":[{"@type":"ListItem","position":1,"name":"Home","item":"https:\/\/bitcoin-pulse.com\/"},{"@type":"ListItem","position":2,"name":"Nous contacter"}]},{"@type":"WebSite","@id":"https:\/\/bitcoin-pulse.com\/#website","url":"https:\/\/bitcoin-pulse.com\/","name":"Bitcoin Pulse","description":"","potentialAction":[{"@type":"SearchAction","target":{"@type":"EntryPoint","urlTemplate":"https:\/\/bitcoin-pulse.com\/?s={search_term_string}"},"query-input":{"@type":"PropertyValueSpecification","valueRequired":true,"valueName":"search_term_string"}}],"inLanguage":"fr-FR"}]}},"_links":{"self":[{"href":"https:\/\/bitcoin-pulse.com\/fr\/wp-json\/wp\/v2\/pages\/2087","targetHints":{"allow":["GET"]}}],"collection":[{"href":"https:\/\/bitcoin-pulse.com\/fr\/wp-json\/wp\/v2\/pages"}],"about":[{"href":"https:\/\/bitcoin-pulse.com\/fr\/wp-json\/wp\/v2\/types\/page"}],"author":[{"embeddable":true,"href":"https:\/\/bitcoin-pulse.com\/fr\/wp-json\/wp\/v2\/users\/2"}],"replies":[{"embeddable":true,"href":"https:\/\/bitcoin-pulse.com\/fr\/wp-json\/wp\/v2\/comments?post=2087"}],"version-history":[{"count":7,"href":"https:\/\/bitcoin-pulse.com\/fr\/wp-json\/wp\/v2\/pages\/2087\/revisions"}],"predecessor-version":[{"id":3192,"href":"https:\/\/bitcoin-pulse.com\/fr\/wp-json\/wp\/v2\/pages\/2087\/revisions\/3192"}],"wp:attachment":[{"href":"https:\/\/bitcoin-pulse.com\/fr\/wp-json\/wp\/v2\/media?parent=2087"}],"curies":[{"name":"wp","href":"https:\/\/api.w.org\/{rel}","templated":true}]}}