{"id":2875,"date":"2024-05-27T16:57:39","date_gmt":"2024-05-27T16:57:39","guid":{"rendered":"https:\/\/bitcoin-pulse.com\/about-us\/"},"modified":"2024-08-26T19:23:47","modified_gmt":"2024-08-26T19:23:47","slug":"about-us","status":"publish","type":"page","link":"https:\/\/bitcoin-pulse.com\/fi\/about-us\/","title":{"rendered":"Tietoa meist\u00e4"},"content":{"rendered":"<div>\n<h1 style=\"text-align: center;\">Tiimi Bitcoin Pulse Trader:n takana<\/h1>\n<p>Bitcoin Pulse Trader syntyi kokeneiden kauppiaiden ja kvantitatiivisten analyytikkojen tiimist\u00e4, joka kehitti kehittyneit\u00e4 algoritmeja kryptovaluuttakaupan tehostamiseksi. N\u00e4m\u00e4 algoritmit analysoivat laajoja tietoja, havaitsevat kuvioita ja tekev\u00e4t tarkkoja p\u00e4\u00e4t\u00f6ksi\u00e4 riskien hallitsemiseksi ja mahdollisuuksien hy\u00f6dynt\u00e4miseksi.<\/p>\n<p>Alun perin tiimi k\u00e4ytti niit\u00e4 henkil\u00f6kohtaiseen kaupank\u00e4yntiin, mutta pian he huomasivat Bitcoin Pulse Trader:n potentiaalin muuttaa kryptokauppaa kaikkien sijoittajien kannalta. Avaamalla alustansa muille, heid\u00e4n tavoitteenaan on varustaa kauppiaat huipputeknologialla ja tietoon perustuvilla oivalluksilla.<\/p>\n<p><strong>Bitcoin Pulse Trader<\/strong> syntyi korkeasti koulutettujen kauppiaiden ja kvantitatiivisten analyytikkojen ryhm\u00e4n visiosta, jolla oli palava halu parantaa kryptovaluuttakaupan tehokkuutta. He suunnittelivat eritt\u00e4in monimutkaisia algoritmeja, jotka pystyiv\u00e4t k\u00e4sittelem\u00e4\u00e4n valtavia tietom\u00e4\u00e4ri\u00e4 tunnistamaan elint\u00e4rkeit\u00e4 markkinasuuntauksia ja antamaan tarkkoja kaupank\u00e4yntiohjeita asianmukaisesta riskinhallinnasta ja mahdollisuuksien hy\u00f6dynt\u00e4misest\u00e4.<\/p>\n<p>Aluksi n\u00e4it\u00e4 algoritmeja k\u00e4ytettiin yksinomaan tiimin sis\u00e4ll\u00e4 tiimin sis\u00e4iseen kaupank\u00e4yntiin. Tunnistaessamme laajennetun version potentiaalin p\u00e4\u00e4timme tehd\u00e4 Bitcoin Pulse Trader:st\u00e4 yleis\u00f6n saataville helpommin l\u00e4hestytt\u00e4v\u00e4n. Olemme parhaillaan luomassa alustaa, joka tarjoaa huipputeknologiaa ja tietoa, joka parantaa kaikkien k\u00e4ytt\u00e4jien kaupank\u00e4yntikokemusta.<\/p>\n<p>Bitcoin Pulse Trader:ss\u00e4 yhdist\u00e4mme ammattimaisen kaupank\u00e4ynnin tiet\u00e4myksen ja p\u00e4ivitt\u00e4isen k\u00e4yt\u00e4nn\u00f6n kokemuksen nykyaikaiseen, tieteellisesti perustuvaan l\u00e4hestymistapaan kvantitatiiviseen kaupank\u00e4yntiin ja tarjoamme k\u00e4ytt\u00e4jille alustan, joka takaa johdonmukaiset voitot. Tutustu siihen, miten ylivoimaiset algoritmimme ja kaupank\u00e4ynnin asiantuntemuksemme yhdistyv\u00e4t Bitcoin Pulse Trader:ss\u00e4.<\/p>\n<\/div>\n<div style=\"text-align: center;\">\n<h2>Kenen tulisi k\u00e4ytt\u00e4\u00e4 Bitcoin Pulse Trader:t\u00e4?<\/h2>\n<p class=\"whitespace-pre-wrap break-words\">Bitcoin Pulse Trader on huippuluokan kaupank\u00e4yntialusta, joka on suunniteltu kauppiaille ja sijoittajille, jotka etsiv\u00e4t kilpailuetua arvaamattomilla kryptovaluuttamarkkinoilla. Kattavan ty\u00f6kalupaketin, reaaliaikaisen markkinatiedustelun ja kehittyneen analytiikan avulla Bitcoin Pulse Trader antaa k\u00e4ytt\u00e4jille mahdollisuuden tehd\u00e4 tietoon perustuvia p\u00e4\u00e4t\u00f6ksi\u00e4 ja hy\u00f6dynt\u00e4\u00e4 kehittyvi\u00e4 mahdollisuuksia.<\/p>\n<p class=\"whitespace-pre-wrap break-words\">Kehittyneiden algoritmien ja koneoppimisen avulla Bitcoin Pulse Trader analysoi valtavia m\u00e4\u00e4ri\u00e4 markkinatietoja havaitakseen malleja ja trendej\u00e4 ja tarjoaa k\u00e4ytt\u00f6kelpoisia oivalluksia ja ennustemalleja. Alusta tarjoaa r\u00e4\u00e4t\u00e4l\u00f6it\u00e4viss\u00e4 olevia kaupank\u00e4yntity\u00f6kaluja automaattisista algoritmeista kehittyneisiin toimeksiantojen hallintaj\u00e4rjestelmiin, joiden avulla kauppiaat voivat optimoida strategiansa henkil\u00f6kohtaisten mieltymysten ja riskiprofiilien perusteella.<\/p>\n<p class=\"whitespace-pre-wrap break-words\">Bitcoin Pulse Trader tarjoaa my\u00f6s koulutusresursseja, markkina-analyysej\u00e4 ja asiantuntijoiden n\u00e4kemyksi\u00e4, jotka auttavat kauppiaita navigoimaan kryptomarkkinoiden monimutkaisuudessa ja tekem\u00e4\u00e4n tietoon perustuvia p\u00e4\u00e4t\u00f6ksi\u00e4. Olitpa kokenut kauppias tai uusi kryptovaluuttojen maailmassa, Bitcoin Pulse Trader tarjoaa tarvittavat ty\u00f6kalut ja tiedot, jotta voit pysy\u00e4 markkinoiden edell\u00e4 ja saavuttaa taloudelliset tavoitteesi.<\/p>\n<p class=\"whitespace-pre-wrap break-words\">Bitcoin Pulse Trader pyrkii palvelemaan sek\u00e4 aloittelijoita ett\u00e4 edistyneempi\u00e4 harjoittajia jatkuvasti vaihtelevilla kryptokauppamarkkinoilla. Alustamme ominaisuuksiin kuuluu erilaisia analytiikka- ja markkinointity\u00f6kaluja, reaaliaikaisia markkinatietoja ja analyyttisi\u00e4 ty\u00f6kaluja, jotka antavat k\u00e4ytt\u00e4jille mahdollisuuden tehd\u00e4 viisaita strategisia p\u00e4\u00e4t\u00f6ksi\u00e4 ja tarttua uusiin mahdollisuuksiin.<\/p>\n<p class=\"whitespace-pre-wrap break-words\">Kehittyneisiin laskennallisiin algoritmeihin ja koneoppimiseen perustuva Bitcoin Pulse Trader analysoi laajoja markkinatietoja korostaakseen trendej\u00e4 ja tarjotakseen arvokkaita n\u00e4kemyksi\u00e4. Alustamme tarjoaa erilaisia kaupank\u00e4yntitekniikoita automaattisista algoritmeista kehittyneisiin toimeksiantojen hallintaj\u00e4rjestelmiin, joiden avulla k\u00e4ytt\u00e4j\u00e4t voivat tehd\u00e4 helposti mieltymystens\u00e4 ja riskitasojensa mukaan r\u00e4\u00e4t\u00e4l\u00f6ityj\u00e4 s\u00e4\u00e4t\u00f6j\u00e4.<\/p>\n<p class=\"whitespace-pre-wrap break-words\">Lis\u00e4ksi Bitcoin Pulse Trader tarjoaa runsaasti koulutusresursseja, usein p\u00e4ivitettyj\u00e4 analyysej\u00e4 ja asiantuntijoiden n\u00e4kemyksi\u00e4 kryptovaluuttamarkkinoista, jotta kauppiaat voivat navigoida kryptokauppojen monimutkaisissa asioissa. Olitpa sitten aloittelija tai kokenut kauppias, Bitcoin Pulse Trader tarjoaa oikeat ratkaisut ja tiedot pysy\u00e4ksesi ajan tasalla ja saavuttaaksesi taloudelliset tavoitteesi.<\/p>\n<\/div>\n<div><\/div>\n","protected":false},"excerpt":{"rendered":"<p>Tiimi :n takana syntyi kokeneiden kauppiaiden ja kvantitatiivisten analyytikkojen tiimist\u00e4, joka kehitti kehittyneit\u00e4 algoritmeja kryptovaluuttakaupan tehostamiseksi. N\u00e4m\u00e4 algoritmit analysoivat laajoja tietoja, havaitsevat kuvioita ja tekev\u00e4t tarkkoja p\u00e4\u00e4t\u00f6ksi\u00e4 riskien hallitsemiseksi ja mahdollisuuksien hy\u00f6dynt\u00e4miseksi. Alun perin tiimi k\u00e4ytti niit\u00e4 henkil\u00f6kohtaiseen kaupank\u00e4yntiin, mutta pian he huomasivat :n potentiaalin muuttaa kryptokauppaa kaikkien sijoittajien kannalta. Avaamalla alustansa muille, heid\u00e4n tavoitteenaan [&hellip;]<\/p>\n","protected":false},"author":2,"featured_media":0,"parent":0,"menu_order":0,"comment_status":"closed","ping_status":"closed","template":"page-about.php","meta":{"footnotes":""},"class_list":["post-2875","page","type-page","status-publish","hentry"],"yoast_head":"<!-- This site is optimized with the Yoast SEO plugin v23.7 - https:\/\/yoast.com\/wordpress\/plugins\/seo\/ -->\n<title>Bitcoin Pulse Trader \u2122 | Offici\u00eble website 2026 | Claim nu!<\/title>\n<meta name=\"robots\" content=\"index, follow, max-snippet:-1, max-image-preview:large, max-video-preview:-1\" \/>\n<meta property=\"og:locale\" content=\"fi_FI\" \/>\n<meta property=\"og:site_name\" content=\"Bitcoin Pulse\" \/>\n<meta property=\"article:modified_time\" content=\"2024-08-26T19:23:47+00:00\" \/>\n<meta name=\"twitter:card\" content=\"summary_large_image\" \/>\n<meta name=\"twitter:label1\" content=\"Arvioitu lukuaika\" \/>\n\t<meta name=\"twitter:data1\" content=\"3 minuuttia\" \/>\n<!-- \/ Yoast SEO plugin. -->","yoast_head_json":{"title":"Bitcoin Pulse Trader \u2122 | Offici\u00eble website 2026 | Claim nu!","robots":{"index":"index","follow":"follow","max-snippet":"max-snippet:-1","max-image-preview":"max-image-preview:large","max-video-preview":"max-video-preview:-1"},"og_locale":"fi_FI","og_site_name":"Bitcoin Pulse","article_modified_time":"2024-08-26T19:23:47+00:00","twitter_card":"summary_large_image","twitter_misc":{"Arvioitu lukuaika":"3 minuuttia"},"schema":{"@context":"https:\/\/schema.org","@graph":[{"@type":"WebPage","@id":"https:\/\/bitcoin-pulse.com\/about-us\/","url":"https:\/\/bitcoin-pulse.com\/about-us\/","name":"Tietoa meist\u00e4 - Bitcoin Pulse","isPartOf":{"@id":"https:\/\/bitcoin-pulse.com\/#website"},"datePublished":"2024-05-27T16:57:39+00:00","dateModified":"2024-08-26T19:23:47+00:00","breadcrumb":{"@id":"https:\/\/bitcoin-pulse.com\/about-us\/#breadcrumb"},"inLanguage":"fi","potentialAction":[{"@type":"ReadAction","target":["https:\/\/bitcoin-pulse.com\/about-us\/"]}]},{"@type":"BreadcrumbList","@id":"https:\/\/bitcoin-pulse.com\/about-us\/#breadcrumb","itemListElement":[{"@type":"ListItem","position":1,"name":"Home","item":"https:\/\/bitcoin-pulse.com\/"},{"@type":"ListItem","position":2,"name":"Tietoa meist\u00e4"}]},{"@type":"WebSite","@id":"https:\/\/bitcoin-pulse.com\/#website","url":"https:\/\/bitcoin-pulse.com\/","name":"Bitcoin Pulse","description":"","potentialAction":[{"@type":"SearchAction","target":{"@type":"EntryPoint","urlTemplate":"https:\/\/bitcoin-pulse.com\/?s={search_term_string}"},"query-input":{"@type":"PropertyValueSpecification","valueRequired":true,"valueName":"search_term_string"}}],"inLanguage":"fi"}]}},"_links":{"self":[{"href":"https:\/\/bitcoin-pulse.com\/fi\/wp-json\/wp\/v2\/pages\/2875","targetHints":{"allow":["GET"]}}],"collection":[{"href":"https:\/\/bitcoin-pulse.com\/fi\/wp-json\/wp\/v2\/pages"}],"about":[{"href":"https:\/\/bitcoin-pulse.com\/fi\/wp-json\/wp\/v2\/types\/page"}],"author":[{"embeddable":true,"href":"https:\/\/bitcoin-pulse.com\/fi\/wp-json\/wp\/v2\/users\/2"}],"replies":[{"embeddable":true,"href":"https:\/\/bitcoin-pulse.com\/fi\/wp-json\/wp\/v2\/comments?post=2875"}],"version-history":[{"count":4,"href":"https:\/\/bitcoin-pulse.com\/fi\/wp-json\/wp\/v2\/pages\/2875\/revisions"}],"predecessor-version":[{"id":3177,"href":"https:\/\/bitcoin-pulse.com\/fi\/wp-json\/wp\/v2\/pages\/2875\/revisions\/3177"}],"wp:attachment":[{"href":"https:\/\/bitcoin-pulse.com\/fi\/wp-json\/wp\/v2\/media?parent=2875"}],"curies":[{"name":"wp","href":"https:\/\/api.w.org\/{rel}","templated":true}]}}