{"id":2086,"date":"2024-05-27T16:58:01","date_gmt":"2024-05-27T16:58:01","guid":{"rendered":"https:\/\/loc.bitcoin-pulse.com\/contact-us\/"},"modified":"2024-08-26T19:26:42","modified_gmt":"2024-08-26T19:26:42","slug":"contact-us","status":"publish","type":"page","link":"https:\/\/bitcoin-pulse.com\/fi\/contact-us\/","title":{"rendered":"Ota yhteytt\u00e4"},"content":{"rendered":"<div>\n<h1>Ota yhteytt\u00e4 Bitcoin Pulse Trader:hen.<\/h1>\n<p>Onko sinulla kysytt\u00e4v\u00e4\u00e4, tarvitsetko apua tai haluatko antaa palautetta? Tiimimme on t\u00e4\u00e4ll\u00e4 auttamassa. Ota meihin yhteytt\u00e4 alla olevilla tiedoilla. Olemme sitoutuneet antamaan apua ajoissa ja vastaamaan tarpeisiisi.<\/p>\n<h4>Postiosoite:<\/h4>\n<p>C\/ de C\u00f2rsega, 284, 1. krs.<br \/>\nEixample, 08008<br \/>\nBarcelona, Espanja<\/p>\n<h4>Yritystiedustelut:<\/h4>\n<p>Yhteisty\u00f6kumppanuusehdotuksia, mediatiedusteluja tai muita liiketoimintamahdollisuuksia varten ota meihin yhteytt\u00e4:<br \/>\n<a href=\"mailto:business@xyz.com\">business@xyz.com<\/a><\/p>\n<h4>Asiakastuki:<\/h4>\n<p>Asiakaspalvelu: Ota meihin yhteytt\u00e4 tukipyynt\u00f6j\u00e4 tai yleisi\u00e4 tiedusteluja varten osoitteessa:<br \/>\n<a href=\"mailto:support@xyz.com\">support@xyz.com<\/a><\/p>\n<p>Odotamme innolla, ett\u00e4 saamme kuulla sinusta ja voimme auttaa sinua tarpeissasi.<\/p>\n<\/div>\n","protected":false},"excerpt":{"rendered":"<p>Ota yhteytt\u00e4 :hen. Onko sinulla kysytt\u00e4v\u00e4\u00e4, tarvitsetko apua tai haluatko antaa palautetta? Tiimimme on t\u00e4\u00e4ll\u00e4 auttamassa. Ota meihin yhteytt\u00e4 alla olevilla tiedoilla. Olemme sitoutuneet antamaan apua ajoissa ja vastaamaan tarpeisiisi. Postiosoite: C\/ de C\u00f2rsega, 284, 1. krs. Eixample, 08008 Barcelona, Espanja Yritystiedustelut: Yhteisty\u00f6kumppanuusehdotuksia, mediatiedusteluja tai muita liiketoimintamahdollisuuksia varten ota meihin yhteytt\u00e4: business@xyz.com Asiakastuki: Asiakaspalvelu: Ota [&hellip;]<\/p>\n","protected":false},"author":2,"featured_media":0,"parent":0,"menu_order":0,"comment_status":"closed","ping_status":"closed","template":"page-contact.php","meta":{"footnotes":""},"class_list":["post-2086","page","type-page","status-publish","hentry"],"yoast_head":"<!-- This site is optimized with the Yoast SEO plugin v23.7 - https:\/\/yoast.com\/wordpress\/plugins\/seo\/ -->\n<title>Bitcoin Pulse Trader \u2122 | Offici\u00eble website 2026 | Claim nu!<\/title>\n<meta name=\"robots\" content=\"index, follow, max-snippet:-1, max-image-preview:large, max-video-preview:-1\" \/>\n<meta property=\"og:locale\" content=\"fi_FI\" \/>\n<meta property=\"og:site_name\" content=\"Bitcoin Pulse\" \/>\n<meta property=\"article:modified_time\" content=\"2024-08-26T19:26:42+00:00\" \/>\n<meta name=\"twitter:card\" content=\"summary_large_image\" \/>\n<meta name=\"twitter:label1\" content=\"Arvioitu lukuaika\" \/>\n\t<meta name=\"twitter:data1\" content=\"1 minuutti\" \/>\n<!-- \/ Yoast SEO plugin. -->","yoast_head_json":{"title":"Bitcoin Pulse Trader \u2122 | Offici\u00eble website 2026 | Claim nu!","robots":{"index":"index","follow":"follow","max-snippet":"max-snippet:-1","max-image-preview":"max-image-preview:large","max-video-preview":"max-video-preview:-1"},"og_locale":"fi_FI","og_site_name":"Bitcoin Pulse","article_modified_time":"2024-08-26T19:26:42+00:00","twitter_card":"summary_large_image","twitter_misc":{"Arvioitu lukuaika":"1 minuutti"},"schema":{"@context":"https:\/\/schema.org","@graph":[{"@type":"WebPage","@id":"https:\/\/bitcoin-pulse.com\/contact-us\/","url":"https:\/\/bitcoin-pulse.com\/contact-us\/","name":"Ota yhteytt\u00e4 - Bitcoin Pulse","isPartOf":{"@id":"https:\/\/bitcoin-pulse.com\/#website"},"datePublished":"2024-05-27T16:58:01+00:00","dateModified":"2024-08-26T19:26:42+00:00","breadcrumb":{"@id":"https:\/\/bitcoin-pulse.com\/contact-us\/#breadcrumb"},"inLanguage":"fi","potentialAction":[{"@type":"ReadAction","target":["https:\/\/bitcoin-pulse.com\/contact-us\/"]}]},{"@type":"BreadcrumbList","@id":"https:\/\/bitcoin-pulse.com\/contact-us\/#breadcrumb","itemListElement":[{"@type":"ListItem","position":1,"name":"Home","item":"https:\/\/bitcoin-pulse.com\/"},{"@type":"ListItem","position":2,"name":"Ota yhteytt\u00e4"}]},{"@type":"WebSite","@id":"https:\/\/bitcoin-pulse.com\/#website","url":"https:\/\/bitcoin-pulse.com\/","name":"Bitcoin Pulse","description":"","potentialAction":[{"@type":"SearchAction","target":{"@type":"EntryPoint","urlTemplate":"https:\/\/bitcoin-pulse.com\/?s={search_term_string}"},"query-input":{"@type":"PropertyValueSpecification","valueRequired":true,"valueName":"search_term_string"}}],"inLanguage":"fi"}]}},"_links":{"self":[{"href":"https:\/\/bitcoin-pulse.com\/fi\/wp-json\/wp\/v2\/pages\/2086","targetHints":{"allow":["GET"]}}],"collection":[{"href":"https:\/\/bitcoin-pulse.com\/fi\/wp-json\/wp\/v2\/pages"}],"about":[{"href":"https:\/\/bitcoin-pulse.com\/fi\/wp-json\/wp\/v2\/types\/page"}],"author":[{"embeddable":true,"href":"https:\/\/bitcoin-pulse.com\/fi\/wp-json\/wp\/v2\/users\/2"}],"replies":[{"embeddable":true,"href":"https:\/\/bitcoin-pulse.com\/fi\/wp-json\/wp\/v2\/comments?post=2086"}],"version-history":[{"count":7,"href":"https:\/\/bitcoin-pulse.com\/fi\/wp-json\/wp\/v2\/pages\/2086\/revisions"}],"predecessor-version":[{"id":3191,"href":"https:\/\/bitcoin-pulse.com\/fi\/wp-json\/wp\/v2\/pages\/2086\/revisions\/3191"}],"wp:attachment":[{"href":"https:\/\/bitcoin-pulse.com\/fi\/wp-json\/wp\/v2\/media?parent=2086"}],"curies":[{"name":"wp","href":"https:\/\/api.w.org\/{rel}","templated":true}]}}