{"id":2882,"date":"2024-05-27T16:57:39","date_gmt":"2024-05-27T16:57:39","guid":{"rendered":"https:\/\/bitcoin-pulse.com\/about-us\/"},"modified":"2024-08-26T19:23:52","modified_gmt":"2024-08-26T19:23:52","slug":"about-us","status":"publish","type":"page","link":"https:\/\/bitcoin-pulse.com\/es\/about-us\/","title":{"rendered":"Qui\u00e9nes somos"},"content":{"rendered":"<div>\n<h1 style=\"text-align: center;\">El equipo detr\u00e1s de Bitcoin Pulse Trader<\/h1>\n<p>Bitcoin Pulse Trader surgi\u00f3 de un equipo de operadores experimentados y analistas cuantitativos que desarrollaron algoritmos avanzados para mejorar las operaciones con criptomonedas. Estos algoritmos analizan gran cantidad de datos, detectan patrones y ejecutan decisiones precisas para gestionar los riesgos y aprovechar las oportunidades.<\/p>\n<p>Inicialmente utilizado para el comercio personal del equipo, pronto reconocieron el potencial de Bitcoin Pulse Trader para transformar el comercio de criptomonedas para todos los inversores. Al abrir su plataforma a otros, su objetivo es equipar a los operadores con tecnolog\u00eda de vanguardia y conocimientos basados en datos.<\/p>\n<p><strong>Bitcoin Pulse Trader<\/strong> naci\u00f3 de la visi\u00f3n de un grupo de traders y analistas cuantitativos altamente cualificados con el ardiente deseo de mejorar la eficacia de las operaciones con criptomonedas. Dise\u00f1aron algoritmos muy complejos que pod\u00edan procesar cantidades masivas de datos para identificar tendencias vitales del mercado y proporcionar instrucciones precisas sobre la gesti\u00f3n adecuada del riesgo y el aprovechamiento de las oportunidades.<\/p>\n<p>Al principio, estos algoritmos se utilizaban exclusivamente dentro del equipo para las actividades de negociaci\u00f3n intra-equipo. Reconociendo el potencial de una versi\u00f3n ampliada, decidimos hacer Bitcoin Pulse Trader m\u00e1s accesible al p\u00fablico. Actualmente estamos creando una plataforma que ofrece tecnolog\u00eda e informaci\u00f3n de vanguardia que mejorar\u00e1 la experiencia de negociaci\u00f3n de todos los usuarios.<\/p>\n<p>En Bitcoin Pulse Trader, combinamos los conocimientos del trading profesional y la experiencia pr\u00e1ctica diaria con un enfoque moderno y cient\u00edficamente fundamentado del trading cuantitativo, proporcionando a los usuarios una plataforma que garantiza ganancias constantes. Descubra c\u00f3mo nuestros algoritmos superiores y nuestra experiencia en negociaci\u00f3n se unen en Bitcoin Pulse Trader.<\/p>\n<\/div>\n<div style=\"text-align: center;\">\n<h2>Qui\u00e9n deber\u00eda utilizar Bitcoin Pulse Trader?<\/h2>\n<p class=\"whitespace-pre-wrap break-words\">Bitcoin Pulse Trader es una plataforma de negociaci\u00f3n de vanguardia dise\u00f1ada para operadores e inversores que buscan una ventaja competitiva en el impredecible mercado de las criptomonedas. Con un conjunto completo de herramientas, inteligencia de mercado en tiempo real y an\u00e1lisis avanzados, Bitcoin Pulse Trader permite a los usuarios tomar decisiones informadas y aprovechar las oportunidades emergentes.<\/p>\n<p class=\"whitespace-pre-wrap break-words\">Gracias a sofisticados algoritmos y al aprendizaje autom\u00e1tico, Bitcoin Pulse Trader analiza grandes cantidades de datos de mercado para identificar patrones y tendencias, proporcionando informaci\u00f3n pr\u00e1ctica y modelos predictivos. La plataforma ofrece herramientas de negociaci\u00f3n personalizables, desde algoritmos automatizados hasta sistemas avanzados de gesti\u00f3n de \u00f3rdenes, que permiten a los operadores optimizar sus estrategias en funci\u00f3n de sus preferencias personales y perfiles de riesgo.<\/p>\n<p class=\"whitespace-pre-wrap break-words\">Bitcoin Pulse Trader tambi\u00e9n proporciona recursos educativos, an\u00e1lisis de mercado y opiniones de expertos para ayudar a los operadores a navegar por las complejidades del mercado de criptomonedas y tomar decisiones informadas. Tanto si eres un operador experimentado como si eres nuevo en el mundo de las criptomonedas, Bitcoin Pulse Trader te ofrece las herramientas y los conocimientos necesarios para adelantarte al mercado y alcanzar tus objetivos financieros.<\/p>\n<p class=\"whitespace-pre-wrap break-words\">Bitcoin Pulse Trader pretende servir tanto a principiantes como a profesionales avanzados en los siempre fluctuantes mercados de comercio de criptomonedas. Las capacidades de nuestra plataforma incluyen una serie de herramientas para el an\u00e1lisis y la comercializaci\u00f3n, datos de mercado en tiempo real y herramientas anal\u00edticas que permiten a los usuarios tomar decisiones estrat\u00e9gicas acertadas y aprovechar nuevas oportunidades.<\/p>\n<p class=\"whitespace-pre-wrap break-words\">Basada en algoritmos computacionales avanzados y aprendizaje autom\u00e1tico, Bitcoin Pulse Trader analiza una amplia informaci\u00f3n de mercado para poner de relieve las tendencias y proporcionar informaci\u00f3n valiosa. Nuestra plataforma ofrece diversas tecnolog\u00edas de negociaci\u00f3n, desde algoritmos automatizados hasta sistemas avanzados de gesti\u00f3n de \u00f3rdenes, que permiten a los usuarios realizar ajustes con facilidad, adaptados a sus preferencias y niveles de riesgo.<\/p>\n<p class=\"whitespace-pre-wrap break-words\">Adem\u00e1s, Bitcoin Pulse Trader proporciona una gran cantidad de recursos educativos, an\u00e1lisis actualizados con frecuencia y opiniones de expertos sobre el mercado de criptomonedas para ayudar a los operadores a navegar por las complejidades del comercio de criptomonedas. Tanto si eres un principiante como un operador con experiencia, Bitcoin Pulse Trader te ofrece las soluciones y la informaci\u00f3n adecuadas para que sigas siendo relevante y alcances tus objetivos financieros.<\/p>\n<\/div>\n<div><\/div>\n","protected":false},"excerpt":{"rendered":"<p>El equipo detr\u00e1s de surgi\u00f3 de un equipo de operadores experimentados y analistas cuantitativos que desarrollaron algoritmos avanzados para mejorar las operaciones con criptomonedas. Estos algoritmos analizan gran cantidad de datos, detectan patrones y ejecutan decisiones precisas para gestionar los riesgos y aprovechar las oportunidades. Inicialmente utilizado para el comercio personal del equipo, pronto reconocieron [&hellip;]<\/p>\n","protected":false},"author":2,"featured_media":0,"parent":0,"menu_order":0,"comment_status":"closed","ping_status":"closed","template":"page-about.php","meta":{"footnotes":""},"class_list":["post-2882","page","type-page","status-publish","hentry"],"yoast_head":"<!-- This site is optimized with the Yoast SEO plugin v23.7 - https:\/\/yoast.com\/wordpress\/plugins\/seo\/ -->\n<title>Bitcoin Pulse Trader \u2122 | Offici\u00eble website 2026 | Claim nu!<\/title>\n<meta name=\"robots\" content=\"index, follow, max-snippet:-1, max-image-preview:large, max-video-preview:-1\" \/>\n<meta property=\"og:locale\" content=\"es_ES\" \/>\n<meta property=\"og:site_name\" content=\"Bitcoin Pulse\" \/>\n<meta property=\"article:modified_time\" content=\"2024-08-26T19:23:52+00:00\" \/>\n<meta name=\"twitter:card\" content=\"summary_large_image\" \/>\n<meta name=\"twitter:label1\" content=\"Tiempo de lectura\" \/>\n\t<meta name=\"twitter:data1\" content=\"3 minutos\" \/>\n<!-- \/ Yoast SEO plugin. -->","yoast_head_json":{"title":"Bitcoin Pulse Trader \u2122 | Offici\u00eble website 2026 | Claim nu!","robots":{"index":"index","follow":"follow","max-snippet":"max-snippet:-1","max-image-preview":"max-image-preview:large","max-video-preview":"max-video-preview:-1"},"og_locale":"es_ES","og_site_name":"Bitcoin Pulse","article_modified_time":"2024-08-26T19:23:52+00:00","twitter_card":"summary_large_image","twitter_misc":{"Tiempo de lectura":"3 minutos"},"schema":{"@context":"https:\/\/schema.org","@graph":[{"@type":"WebPage","@id":"https:\/\/bitcoin-pulse.com\/about-us\/","url":"https:\/\/bitcoin-pulse.com\/about-us\/","name":"Qui\u00e9nes somos - Bitcoin Pulse","isPartOf":{"@id":"https:\/\/bitcoin-pulse.com\/#website"},"datePublished":"2024-05-27T16:57:39+00:00","dateModified":"2024-08-26T19:23:52+00:00","breadcrumb":{"@id":"https:\/\/bitcoin-pulse.com\/about-us\/#breadcrumb"},"inLanguage":"es","potentialAction":[{"@type":"ReadAction","target":["https:\/\/bitcoin-pulse.com\/about-us\/"]}]},{"@type":"BreadcrumbList","@id":"https:\/\/bitcoin-pulse.com\/about-us\/#breadcrumb","itemListElement":[{"@type":"ListItem","position":1,"name":"Home","item":"https:\/\/bitcoin-pulse.com\/"},{"@type":"ListItem","position":2,"name":"Qui\u00e9nes somos"}]},{"@type":"WebSite","@id":"https:\/\/bitcoin-pulse.com\/#website","url":"https:\/\/bitcoin-pulse.com\/","name":"Bitcoin Pulse","description":"","potentialAction":[{"@type":"SearchAction","target":{"@type":"EntryPoint","urlTemplate":"https:\/\/bitcoin-pulse.com\/?s={search_term_string}"},"query-input":{"@type":"PropertyValueSpecification","valueRequired":true,"valueName":"search_term_string"}}],"inLanguage":"es"}]}},"_links":{"self":[{"href":"https:\/\/bitcoin-pulse.com\/es\/wp-json\/wp\/v2\/pages\/2882","targetHints":{"allow":["GET"]}}],"collection":[{"href":"https:\/\/bitcoin-pulse.com\/es\/wp-json\/wp\/v2\/pages"}],"about":[{"href":"https:\/\/bitcoin-pulse.com\/es\/wp-json\/wp\/v2\/types\/page"}],"author":[{"embeddable":true,"href":"https:\/\/bitcoin-pulse.com\/es\/wp-json\/wp\/v2\/users\/2"}],"replies":[{"embeddable":true,"href":"https:\/\/bitcoin-pulse.com\/es\/wp-json\/wp\/v2\/comments?post=2882"}],"version-history":[{"count":4,"href":"https:\/\/bitcoin-pulse.com\/es\/wp-json\/wp\/v2\/pages\/2882\/revisions"}],"predecessor-version":[{"id":3183,"href":"https:\/\/bitcoin-pulse.com\/es\/wp-json\/wp\/v2\/pages\/2882\/revisions\/3183"}],"wp:attachment":[{"href":"https:\/\/bitcoin-pulse.com\/es\/wp-json\/wp\/v2\/media?parent=2882"}],"curies":[{"name":"wp","href":"https:\/\/api.w.org\/{rel}","templated":true}]}}