{"id":2092,"date":"2024-05-27T16:58:01","date_gmt":"2024-05-27T16:58:01","guid":{"rendered":"https:\/\/loc.bitcoin-pulse.com\/contact-us\/"},"modified":"2024-08-26T19:26:46","modified_gmt":"2024-08-26T19:26:46","slug":"contact-us","status":"publish","type":"page","link":"https:\/\/bitcoin-pulse.com\/es\/contact-us\/","title":{"rendered":"Contacte con nosotros"},"content":{"rendered":"<div>\n<h1>Ponte en contacto con Bitcoin Pulse Trader.<\/h1>\n<p>\u00bfTiene preguntas, necesita ayuda o quiere hacernos llegar sus comentarios? Nuestro equipo est\u00e1 aqu\u00ed para ayudarle. P\u00f3ngase en contacto con nosotros a trav\u00e9s de la siguiente informaci\u00f3n. Nos comprometemos a ayudarle a tiempo y a satisfacer sus necesidades.<\/p>\n<h4>Direcci\u00f3n postal:<\/h4>\n<p>C\/ de C\u00f2rsega, 284, 1\u00aa Planta<br \/>\nEixample, 08008<br \/>\nBarcelona, Espa\u00f1a<\/p>\n<h4>Consultas comerciales:<\/h4>\n<p>Para propuestas de asociaci\u00f3n, consultas de los medios de comunicaci\u00f3n u otras oportunidades de negocio, p\u00f3ngase en contacto con nosotros en:<br \/>\n<a href=\"mailto:business@xyz.com\">business@xyz.com<\/a><\/p>\n<h4>Atenci\u00f3n al cliente:<\/h4>\n<p>Para cualquier solicitud de asistencia o consulta general, p\u00f3ngase en contacto con nosotros en:<br \/>\n<a href=\"mailto:support@xyz.com\">support@xyz.com<\/a><\/p>\n<p>Esperamos tener noticias suyas y ayudarle en lo que necesite.<\/p>\n<\/div>\n","protected":false},"excerpt":{"rendered":"<p>Ponte en contacto con . \u00bfTiene preguntas, necesita ayuda o quiere hacernos llegar sus comentarios? Nuestro equipo est\u00e1 aqu\u00ed para ayudarle. P\u00f3ngase en contacto con nosotros a trav\u00e9s de la siguiente informaci\u00f3n. Nos comprometemos a ayudarle a tiempo y a satisfacer sus necesidades. Direcci\u00f3n postal: C\/ de C\u00f2rsega, 284, 1\u00aa Planta Eixample, 08008 Barcelona, Espa\u00f1a [&hellip;]<\/p>\n","protected":false},"author":2,"featured_media":0,"parent":0,"menu_order":0,"comment_status":"closed","ping_status":"closed","template":"page-contact.php","meta":{"footnotes":""},"class_list":["post-2092","page","type-page","status-publish","hentry"],"yoast_head":"<!-- This site is optimized with the Yoast SEO plugin v23.7 - https:\/\/yoast.com\/wordpress\/plugins\/seo\/ -->\n<title>Bitcoin Pulse Trader \u2122 | Offici\u00eble website 2026 | Claim nu!<\/title>\n<meta name=\"robots\" content=\"index, follow, max-snippet:-1, max-image-preview:large, max-video-preview:-1\" \/>\n<meta property=\"og:locale\" content=\"es_ES\" \/>\n<meta property=\"og:site_name\" content=\"Bitcoin Pulse\" \/>\n<meta property=\"article:modified_time\" content=\"2024-08-26T19:26:46+00:00\" \/>\n<meta name=\"twitter:card\" content=\"summary_large_image\" \/>\n<meta name=\"twitter:label1\" content=\"Tiempo de lectura\" \/>\n\t<meta name=\"twitter:data1\" content=\"1 minuto\" \/>\n<!-- \/ Yoast SEO plugin. -->","yoast_head_json":{"title":"Bitcoin Pulse Trader \u2122 | Offici\u00eble website 2026 | Claim nu!","robots":{"index":"index","follow":"follow","max-snippet":"max-snippet:-1","max-image-preview":"max-image-preview:large","max-video-preview":"max-video-preview:-1"},"og_locale":"es_ES","og_site_name":"Bitcoin Pulse","article_modified_time":"2024-08-26T19:26:46+00:00","twitter_card":"summary_large_image","twitter_misc":{"Tiempo de lectura":"1 minuto"},"schema":{"@context":"https:\/\/schema.org","@graph":[{"@type":"WebPage","@id":"https:\/\/bitcoin-pulse.com\/contact-us\/","url":"https:\/\/bitcoin-pulse.com\/contact-us\/","name":"Contacte con nosotros - Bitcoin Pulse","isPartOf":{"@id":"https:\/\/bitcoin-pulse.com\/#website"},"datePublished":"2024-05-27T16:58:01+00:00","dateModified":"2024-08-26T19:26:46+00:00","breadcrumb":{"@id":"https:\/\/bitcoin-pulse.com\/contact-us\/#breadcrumb"},"inLanguage":"es","potentialAction":[{"@type":"ReadAction","target":["https:\/\/bitcoin-pulse.com\/contact-us\/"]}]},{"@type":"BreadcrumbList","@id":"https:\/\/bitcoin-pulse.com\/contact-us\/#breadcrumb","itemListElement":[{"@type":"ListItem","position":1,"name":"Home","item":"https:\/\/bitcoin-pulse.com\/"},{"@type":"ListItem","position":2,"name":"Contacte con nosotros"}]},{"@type":"WebSite","@id":"https:\/\/bitcoin-pulse.com\/#website","url":"https:\/\/bitcoin-pulse.com\/","name":"Bitcoin Pulse","description":"","potentialAction":[{"@type":"SearchAction","target":{"@type":"EntryPoint","urlTemplate":"https:\/\/bitcoin-pulse.com\/?s={search_term_string}"},"query-input":{"@type":"PropertyValueSpecification","valueRequired":true,"valueName":"search_term_string"}}],"inLanguage":"es"}]}},"_links":{"self":[{"href":"https:\/\/bitcoin-pulse.com\/es\/wp-json\/wp\/v2\/pages\/2092","targetHints":{"allow":["GET"]}}],"collection":[{"href":"https:\/\/bitcoin-pulse.com\/es\/wp-json\/wp\/v2\/pages"}],"about":[{"href":"https:\/\/bitcoin-pulse.com\/es\/wp-json\/wp\/v2\/types\/page"}],"author":[{"embeddable":true,"href":"https:\/\/bitcoin-pulse.com\/es\/wp-json\/wp\/v2\/users\/2"}],"replies":[{"embeddable":true,"href":"https:\/\/bitcoin-pulse.com\/es\/wp-json\/wp\/v2\/comments?post=2092"}],"version-history":[{"count":7,"href":"https:\/\/bitcoin-pulse.com\/es\/wp-json\/wp\/v2\/pages\/2092\/revisions"}],"predecessor-version":[{"id":3197,"href":"https:\/\/bitcoin-pulse.com\/es\/wp-json\/wp\/v2\/pages\/2092\/revisions\/3197"}],"wp:attachment":[{"href":"https:\/\/bitcoin-pulse.com\/es\/wp-json\/wp\/v2\/media?parent=2092"}],"curies":[{"name":"wp","href":"https:\/\/api.w.org\/{rel}","templated":true}]}}