{"id":2877,"date":"2024-05-27T16:57:39","date_gmt":"2024-05-27T16:57:39","guid":{"rendered":"https:\/\/bitcoin-pulse.com\/about-us\/"},"modified":"2024-08-26T19:23:49","modified_gmt":"2024-08-26T19:23:49","slug":"about-us","status":"publish","type":"page","link":"https:\/\/bitcoin-pulse.com\/de\/about-us\/","title":{"rendered":"\u00dcber uns"},"content":{"rendered":"<div>\n<h1 style=\"text-align: center;\">Das Team hinter Bitcoin Pulse Trader<\/h1>\n<p>Bitcoin Pulse Trader ist aus einem Team erfahrener H\u00e4ndler und quantitativer Analysten hervorgegangen, die fortschrittliche Algorithmen zur Verbesserung des Kryptow\u00e4hrungshandels entwickelt haben. Diese Algorithmen analysieren umfangreiche Daten, erkennen Muster und f\u00fchren pr\u00e4zise Entscheidungen aus, um Risiken zu managen und Chancen zu ergreifen.<\/p>\n<p>Anf\u00e4nglich f\u00fcr den pers\u00f6nlichen Handel des Teams genutzt, erkannten sie bald das Potenzial von Bitcoin Pulse Trader, den Krypto-Handel f\u00fcr alle Investoren zu ver\u00e4ndern. Durch die \u00d6ffnung ihrer Plattform f\u00fcr andere ist es ihr Ziel, H\u00e4ndler mit modernster Technologie und datengesteuerten Erkenntnissen auszustatten.<\/p>\n<p><strong>Bitcoin Pulse Trader<\/strong> entstand aus der Vision einer Gruppe hochqualifizierter H\u00e4ndler und quantitativer Analysten, die den brennenden Wunsch hatten, die Effektivit\u00e4t des Kryptow\u00e4hrungshandels zu verbessern. Sie entwickelten hochkomplexe Algorithmen, die riesige Datenmengen verarbeiten k\u00f6nnen, um wichtige Markttrends zu erkennen und genaue Handelsanweisungen f\u00fcr ein angemessenes Risikomanagement und die Nutzung von Chancen zu geben.<\/p>\n<p>Zun\u00e4chst wurden diese Algorithmen ausschlie\u00dflich innerhalb des Teams f\u00fcr teaminterne Handelsaktivit\u00e4ten verwendet. Als wir das Potenzial einer erweiterten Version erkannten, beschlossen wir, Bitcoin Pulse Trader der \u00d6ffentlichkeit zug\u00e4nglich zu machen. Wir sind derzeit dabei, eine Plattform einzurichten, die modernste Technologie und Informationen bereitstellt, um das Handelserlebnis f\u00fcr alle Nutzer zu verbessern.<\/p>\n<p>Bei Bitcoin Pulse Trader kombinieren wir das Wissen des professionellen Handels und die t\u00e4gliche Praxiserfahrung mit einem modernen, wissenschaftlich fundierten Ansatz f\u00fcr den quantitativen Handel und stellen den Nutzern eine Plattform zur Verf\u00fcgung, die best\u00e4ndige Gewinne garantiert. Entdecken Sie, wie unsere \u00fcberlegenen Algorithmen und unsere Handelskompetenz in Bitcoin Pulse Trader zusammenkommen.<\/p>\n<\/div>\n<div style=\"text-align: center;\">\n<h2>Wer sollte Bitcoin Pulse Trader nutzen?<\/h2>\n<p class=\"whitespace-pre-wrap break-words\">Bitcoin Pulse Trader ist eine hochmoderne Handelsplattform f\u00fcr H\u00e4ndler und Investoren, die einen Wettbewerbsvorteil auf dem unberechenbaren Kryptow\u00e4hrungsmarkt suchen. Mit einer umfassenden Suite von Tools, Echtzeit-Marktintelligenz und fortschrittlichen Analysen bef\u00e4higt Bitcoin Pulse Trader seine Nutzer, fundierte Entscheidungen zu treffen und aufkommende Chancen zu nutzen.<\/p>\n<p class=\"whitespace-pre-wrap break-words\">Angetrieben von hochentwickelten Algorithmen und maschinellem Lernen analysiert Bitcoin Pulse Trader riesige Mengen an Marktdaten, um Muster und Trends zu erkennen und umsetzbare Erkenntnisse und Vorhersagemodelle zu liefern. Die Plattform bietet anpassbare Handelswerkzeuge, von automatisierten Algorithmen bis hin zu fortschrittlichen Order-Management-Systemen, die es H\u00e4ndlern erm\u00f6glichen, ihre Strategien auf der Grundlage pers\u00f6nlicher Pr\u00e4ferenzen und Risikoprofile zu optimieren.<\/p>\n<p class=\"whitespace-pre-wrap break-words\">Bitcoin Pulse Trader bietet auch Bildungsressourcen, Marktanalysen und Expertenwissen, um H\u00e4ndlern zu helfen, sich in der Komplexit\u00e4t des Kryptomarktes zurechtzufinden und fundierte Entscheidungen zu treffen. Egal, ob Sie ein erfahrener Trader oder ein Neuling in der Welt der Kryptow\u00e4hrungen sind, Bitcoin Pulse Trader bietet Ihnen die Werkzeuge und das Wissen, das Sie ben\u00f6tigen, um dem Markt voraus zu sein und Ihre finanziellen Ziele zu erreichen.<\/p>\n<p class=\"whitespace-pre-wrap break-words\">Bitcoin Pulse Trader zielt darauf ab, sowohl Anf\u00e4ngern als auch Fortgeschrittenen auf den st\u00e4ndig schwankenden Krypto-Handelsm\u00e4rkten zu dienen. Zu den F\u00e4higkeiten unserer Plattform geh\u00f6ren eine Reihe von Analyse- und Marketing-Tools, Echtzeit-Marktdaten und Analysetools, die es den Nutzern erm\u00f6glichen, kluge strategische Entscheidungen zu treffen und neue Chancen zu ergreifen.<\/p>\n<p class=\"whitespace-pre-wrap break-words\">Basierend auf fortschrittlichen Berechnungsalgorithmen und maschinellem Lernen analysiert Bitcoin Pulse Trader umfangreiche Marktinformationen, um Trends aufzuzeigen und wertvolle Erkenntnisse zu liefern. Unsere Plattform bietet eine Vielzahl von Handelstechnologien, von automatisierten Algorithmen bis hin zu fortschrittlichen Order-Management-Systemen, die es den Nutzern erm\u00f6glichen, mit Leichtigkeit Anpassungen vorzunehmen, die auf ihre Pr\u00e4ferenzen und Risikoniveaus zugeschnitten sind.<\/p>\n<p class=\"whitespace-pre-wrap break-words\">Dar\u00fcber hinaus bietet Bitcoin Pulse Trader eine F\u00fclle von Bildungsressourcen, h\u00e4ufig aktualisierte Analysen und Experteneinblicke in den Kryptow\u00e4hrungsmarkt, um H\u00e4ndlern zu helfen, die Komplexit\u00e4t des Kryptohandels zu bew\u00e4ltigen. Egal ob Sie Anf\u00e4nger oder erfahrener Trader sind, Bitcoin Pulse Trader bietet die richtigen L\u00f6sungen und Informationen, um relevant zu bleiben und Ihre finanziellen Ziele zu erreichen.<\/p>\n<\/div>\n<div><\/div>\n","protected":false},"excerpt":{"rendered":"<p>Das Team hinter ist aus einem Team erfahrener H\u00e4ndler und quantitativer Analysten hervorgegangen, die fortschrittliche Algorithmen zur Verbesserung des Kryptow\u00e4hrungshandels entwickelt haben. Diese Algorithmen analysieren umfangreiche Daten, erkennen Muster und f\u00fchren pr\u00e4zise Entscheidungen aus, um Risiken zu managen und Chancen zu ergreifen. Anf\u00e4nglich f\u00fcr den pers\u00f6nlichen Handel des Teams genutzt, erkannten sie bald das Potenzial [&hellip;]<\/p>\n","protected":false},"author":2,"featured_media":0,"parent":0,"menu_order":0,"comment_status":"closed","ping_status":"closed","template":"page-about.php","meta":{"footnotes":""},"class_list":["post-2877","page","type-page","status-publish","hentry"],"yoast_head":"<!-- This site is optimized with the Yoast SEO plugin v23.7 - https:\/\/yoast.com\/wordpress\/plugins\/seo\/ -->\n<title>Bitcoin Pulse Trader \u2122 | Offizielle Website 2026 | Beanspruche jetzt!<\/title>\n<meta name=\"robots\" content=\"index, follow, max-snippet:-1, max-image-preview:large, max-video-preview:-1\" \/>\n<meta property=\"og:locale\" content=\"de_DE\" \/>\n<meta property=\"og:site_name\" content=\"Bitcoin Pulse\" \/>\n<meta property=\"article:modified_time\" content=\"2024-08-26T19:23:49+00:00\" \/>\n<meta name=\"twitter:card\" content=\"summary_large_image\" \/>\n<meta name=\"twitter:label1\" content=\"Gesch\u00e4tzte Lesezeit\" \/>\n\t<meta name=\"twitter:data1\" content=\"3\u00a0Minuten\" \/>\n<!-- \/ Yoast SEO plugin. -->","yoast_head_json":{"title":"Bitcoin Pulse Trader \u2122 | Offizielle Website 2026 | Beanspruche jetzt!","robots":{"index":"index","follow":"follow","max-snippet":"max-snippet:-1","max-image-preview":"max-image-preview:large","max-video-preview":"max-video-preview:-1"},"og_locale":"de_DE","og_site_name":"Bitcoin Pulse","article_modified_time":"2024-08-26T19:23:49+00:00","twitter_card":"summary_large_image","twitter_misc":{"Gesch\u00e4tzte Lesezeit":"3\u00a0Minuten"},"schema":{"@context":"https:\/\/schema.org","@graph":[{"@type":"WebPage","@id":"https:\/\/bitcoin-pulse.com\/about-us\/","url":"https:\/\/bitcoin-pulse.com\/about-us\/","name":"\u00dcber uns - Bitcoin Pulse","isPartOf":{"@id":"https:\/\/bitcoin-pulse.com\/#website"},"datePublished":"2024-05-27T16:57:39+00:00","dateModified":"2024-08-26T19:23:49+00:00","breadcrumb":{"@id":"https:\/\/bitcoin-pulse.com\/about-us\/#breadcrumb"},"inLanguage":"de","potentialAction":[{"@type":"ReadAction","target":["https:\/\/bitcoin-pulse.com\/about-us\/"]}]},{"@type":"BreadcrumbList","@id":"https:\/\/bitcoin-pulse.com\/about-us\/#breadcrumb","itemListElement":[{"@type":"ListItem","position":1,"name":"Home","item":"https:\/\/bitcoin-pulse.com\/"},{"@type":"ListItem","position":2,"name":"\u00dcber uns"}]},{"@type":"WebSite","@id":"https:\/\/bitcoin-pulse.com\/#website","url":"https:\/\/bitcoin-pulse.com\/","name":"Bitcoin Pulse","description":"","potentialAction":[{"@type":"SearchAction","target":{"@type":"EntryPoint","urlTemplate":"https:\/\/bitcoin-pulse.com\/?s={search_term_string}"},"query-input":{"@type":"PropertyValueSpecification","valueRequired":true,"valueName":"search_term_string"}}],"inLanguage":"de"}]}},"_links":{"self":[{"href":"https:\/\/bitcoin-pulse.com\/de\/wp-json\/wp\/v2\/pages\/2877","targetHints":{"allow":["GET"]}}],"collection":[{"href":"https:\/\/bitcoin-pulse.com\/de\/wp-json\/wp\/v2\/pages"}],"about":[{"href":"https:\/\/bitcoin-pulse.com\/de\/wp-json\/wp\/v2\/types\/page"}],"author":[{"embeddable":true,"href":"https:\/\/bitcoin-pulse.com\/de\/wp-json\/wp\/v2\/users\/2"}],"replies":[{"embeddable":true,"href":"https:\/\/bitcoin-pulse.com\/de\/wp-json\/wp\/v2\/comments?post=2877"}],"version-history":[{"count":4,"href":"https:\/\/bitcoin-pulse.com\/de\/wp-json\/wp\/v2\/pages\/2877\/revisions"}],"predecessor-version":[{"id":3179,"href":"https:\/\/bitcoin-pulse.com\/de\/wp-json\/wp\/v2\/pages\/2877\/revisions\/3179"}],"wp:attachment":[{"href":"https:\/\/bitcoin-pulse.com\/de\/wp-json\/wp\/v2\/media?parent=2877"}],"curies":[{"name":"wp","href":"https:\/\/api.w.org\/{rel}","templated":true}]}}