{"id":2088,"date":"2024-05-27T16:58:01","date_gmt":"2024-05-27T16:58:01","guid":{"rendered":"https:\/\/loc.bitcoin-pulse.com\/contact-us\/"},"modified":"2024-08-26T19:26:43","modified_gmt":"2024-08-26T19:26:43","slug":"contact-us","status":"publish","type":"page","link":"https:\/\/bitcoin-pulse.com\/de\/contact-us\/","title":{"rendered":"Kontakt"},"content":{"rendered":"<div>\n<h1>Nehmen Sie Kontakt mit Bitcoin Pulse Trader auf.<\/h1>\n<p>Haben Sie Fragen, brauchen Sie Hilfe oder m\u00f6chten Sie uns Feedback geben? Unser Team ist f\u00fcr Sie da. Bitte kontaktieren Sie uns \u00fcber die unten angegebenen Informationen. Wir sind bestrebt, Ihnen rechtzeitig zu helfen und Ihre Bed\u00fcrfnisse zu erf\u00fcllen.<\/p>\n<h4>Postanschrift:<\/h4>\n<p>C\/ de C\u00f2rsega, 284, 1. Stock<br \/>\nEixample, 08008<br \/>\nBarcelona, Spanien<\/p>\n<h4>Gesch\u00e4ftsanfragen:<\/h4>\n<p>F\u00fcr Partnerschaftsvorschl\u00e4ge, Medienanfragen oder andere Gesch\u00e4ftsm\u00f6glichkeiten wenden Sie sich bitte an uns:<br \/>\n<a href=\"mailto:business@xyz.com\">business@xyz.com<\/a><\/p>\n<h4>Kundenbetreuung:<\/h4>\n<p>F\u00fcr Supportanfragen oder allgemeine Anfragen kontaktieren Sie uns bitte unter:<br \/>\n<a href=\"mailto:support@xyz.com\">support@xyz.com<\/a><\/p>\n<p>Wir freuen uns darauf, von Ihnen zu h\u00f6ren und Sie bei Ihren Bed\u00fcrfnissen zu unterst\u00fctzen.<\/p>\n<\/div>\n","protected":false},"excerpt":{"rendered":"<p>Nehmen Sie Kontakt mit auf. Haben Sie Fragen, brauchen Sie Hilfe oder m\u00f6chten Sie uns Feedback geben? Unser Team ist f\u00fcr Sie da. Bitte kontaktieren Sie uns \u00fcber die unten angegebenen Informationen. Wir sind bestrebt, Ihnen rechtzeitig zu helfen und Ihre Bed\u00fcrfnisse zu erf\u00fcllen. Postanschrift: C\/ de C\u00f2rsega, 284, 1. Stock Eixample, 08008 Barcelona, Spanien [&hellip;]<\/p>\n","protected":false},"author":2,"featured_media":0,"parent":0,"menu_order":0,"comment_status":"closed","ping_status":"closed","template":"page-contact.php","meta":{"footnotes":""},"class_list":["post-2088","page","type-page","status-publish","hentry"],"yoast_head":"<!-- This site is optimized with the Yoast SEO plugin v23.7 - https:\/\/yoast.com\/wordpress\/plugins\/seo\/ -->\n<title>Bitcoin Pulse Trader \u2122 | Offizielle Website 2026 | Beanspruche jetzt!<\/title>\n<meta name=\"robots\" content=\"index, follow, max-snippet:-1, max-image-preview:large, max-video-preview:-1\" \/>\n<meta property=\"og:locale\" content=\"de_DE\" \/>\n<meta property=\"og:site_name\" content=\"Bitcoin Pulse\" \/>\n<meta property=\"article:modified_time\" content=\"2024-08-26T19:26:43+00:00\" \/>\n<meta name=\"twitter:card\" content=\"summary_large_image\" \/>\n<meta name=\"twitter:label1\" content=\"Gesch\u00e4tzte Lesezeit\" \/>\n\t<meta name=\"twitter:data1\" content=\"1\u00a0Minute\" \/>\n<!-- \/ Yoast SEO plugin. -->","yoast_head_json":{"title":"Bitcoin Pulse Trader \u2122 | Offizielle Website 2026 | Beanspruche jetzt!","robots":{"index":"index","follow":"follow","max-snippet":"max-snippet:-1","max-image-preview":"max-image-preview:large","max-video-preview":"max-video-preview:-1"},"og_locale":"de_DE","og_site_name":"Bitcoin Pulse","article_modified_time":"2024-08-26T19:26:43+00:00","twitter_card":"summary_large_image","twitter_misc":{"Gesch\u00e4tzte Lesezeit":"1\u00a0Minute"},"schema":{"@context":"https:\/\/schema.org","@graph":[{"@type":"WebPage","@id":"https:\/\/bitcoin-pulse.com\/contact-us\/","url":"https:\/\/bitcoin-pulse.com\/contact-us\/","name":"Kontakt - Bitcoin Pulse","isPartOf":{"@id":"https:\/\/bitcoin-pulse.com\/#website"},"datePublished":"2024-05-27T16:58:01+00:00","dateModified":"2024-08-26T19:26:43+00:00","breadcrumb":{"@id":"https:\/\/bitcoin-pulse.com\/contact-us\/#breadcrumb"},"inLanguage":"de","potentialAction":[{"@type":"ReadAction","target":["https:\/\/bitcoin-pulse.com\/contact-us\/"]}]},{"@type":"BreadcrumbList","@id":"https:\/\/bitcoin-pulse.com\/contact-us\/#breadcrumb","itemListElement":[{"@type":"ListItem","position":1,"name":"Home","item":"https:\/\/bitcoin-pulse.com\/"},{"@type":"ListItem","position":2,"name":"Kontakt"}]},{"@type":"WebSite","@id":"https:\/\/bitcoin-pulse.com\/#website","url":"https:\/\/bitcoin-pulse.com\/","name":"Bitcoin Pulse","description":"","potentialAction":[{"@type":"SearchAction","target":{"@type":"EntryPoint","urlTemplate":"https:\/\/bitcoin-pulse.com\/?s={search_term_string}"},"query-input":{"@type":"PropertyValueSpecification","valueRequired":true,"valueName":"search_term_string"}}],"inLanguage":"de"}]}},"_links":{"self":[{"href":"https:\/\/bitcoin-pulse.com\/de\/wp-json\/wp\/v2\/pages\/2088","targetHints":{"allow":["GET"]}}],"collection":[{"href":"https:\/\/bitcoin-pulse.com\/de\/wp-json\/wp\/v2\/pages"}],"about":[{"href":"https:\/\/bitcoin-pulse.com\/de\/wp-json\/wp\/v2\/types\/page"}],"author":[{"embeddable":true,"href":"https:\/\/bitcoin-pulse.com\/de\/wp-json\/wp\/v2\/users\/2"}],"replies":[{"embeddable":true,"href":"https:\/\/bitcoin-pulse.com\/de\/wp-json\/wp\/v2\/comments?post=2088"}],"version-history":[{"count":7,"href":"https:\/\/bitcoin-pulse.com\/de\/wp-json\/wp\/v2\/pages\/2088\/revisions"}],"predecessor-version":[{"id":3193,"href":"https:\/\/bitcoin-pulse.com\/de\/wp-json\/wp\/v2\/pages\/2088\/revisions\/3193"}],"wp:attachment":[{"href":"https:\/\/bitcoin-pulse.com\/de\/wp-json\/wp\/v2\/media?parent=2088"}],"curies":[{"name":"wp","href":"https:\/\/api.w.org\/{rel}","templated":true}]}}