{"id":2873,"date":"2024-05-27T16:57:39","date_gmt":"2024-05-27T16:57:39","guid":{"rendered":"https:\/\/bitcoin-pulse.com\/about-us\/"},"modified":"2024-08-26T19:23:45","modified_gmt":"2024-08-26T19:23:45","slug":"about-us","status":"publish","type":"page","link":"https:\/\/bitcoin-pulse.com\/da\/about-us\/","title":{"rendered":"Om os"},"content":{"rendered":"<div>\n<h1 style=\"text-align: center;\">Holdet bag Bitcoin Pulse Trader<\/h1>\n<p>Bitcoin Pulse Trader udspringer af et team af erfarne tradere og kvantitative analytikere, som har udviklet avancerede algoritmer til at forbedre kryptovalutahandel. Disse algoritmer analyserer omfattende data, opdager m\u00f8nstre og udf\u00f8rer pr\u00e6cise beslutninger for at styre risici og udnytte muligheder.<\/p>\n<p>I f\u00f8rste omgang blev de brugt til teamets personlige handel, men de inds\u00e5 hurtigt Bitcoin Pulse Trader&#8216;s potentiale til at \u00e6ndre kryptohandel for alle investorer. Ved at \u00e5bne deres platform for andre er deres m\u00e5l at udstyre tradere med avanceret teknologi og datadrevet indsigt.<\/p>\n<p><strong>Bitcoin Pulse Trader<\/strong> blev f\u00f8dt ud af visionen hos en gruppe h\u00f8jt kvalificerede handlere og kvantitative analytikere med et br\u00e6ndende \u00f8nske om at forbedre effektiviteten af kryptovalutahandel. De designede meget komplekse algoritmer, der kunne behandle enorme m\u00e6ngder data for at identificere vigtige markedstendenser og give n\u00f8jagtige handelsinstruktioner om passende risikostyring og udnyttelse af muligheder.<\/p>\n<p>I f\u00f8rste omgang blev disse algoritmer udelukkende brugt inden for teamet til teamets egne handelsaktiviteter. I erkendelse af potentialet i en udvidet version besluttede vi at g\u00f8re Bitcoin Pulse Trader mere tilg\u00e6ngelig for offentligheden. Vi er i \u00f8jeblikket i gang med at etablere en platform med avanceret teknologi og information, som vil forbedre handelsoplevelsen for alle brugere.<\/p>\n<p>Hos Bitcoin Pulse Trader kombinerer vi viden fra professionel handel og daglig praktisk erfaring med en moderne, videnskabeligt baseret tilgang til kvantitativ handel, hvilket giver brugerne en platform, der sikrer konstante gevinster. Oplev, hvordan vores overlegne algoritmer og handelsekspertise g\u00e5r op i en h\u00f8jere enhed i Bitcoin Pulse Trader.<\/p>\n<\/div>\n<div style=\"text-align: center;\">\n<h2>Hvem b\u00f8r bruge Bitcoin Pulse Trader?<\/h2>\n<p class=\"whitespace-pre-wrap break-words\">Bitcoin Pulse Trader er en banebrydende handelsplatform designet til handlere og investorer, der s\u00f8ger en konkurrencefordel p\u00e5 det uforudsigelige kryptovalutamarked. Med en omfattende pakke af v\u00e6rkt\u00f8jer, markedsinformation i realtid og avancerede analyser giver Bitcoin Pulse Trader brugerne mulighed for at tr\u00e6ffe informerede beslutninger og udnytte nye muligheder.<\/p>\n<p class=\"whitespace-pre-wrap break-words\">Bitcoin Pulse Trader er drevet af sofistikerede algoritmer og maskinl\u00e6ring og analyserer store m\u00e6ngder markedsdata for at identificere m\u00f8nstre og tendenser, hvilket giver handlingsorienteret indsigt og forudsigelige modeller. Platformen tilbyder handelsv\u00e6rkt\u00f8jer, der kan tilpasses, fra automatiserede algoritmer til avancerede ordrestyringssystemer, s\u00e5 de handlende kan optimere deres strategier baseret p\u00e5 personlige pr\u00e6ferencer og risikoprofiler.<\/p>\n<p class=\"whitespace-pre-wrap break-words\">Bitcoin Pulse Trader tilbyder ogs\u00e5 uddannelsesressourcer, markedsanalyser og ekspertindsigter for at hj\u00e6lpe tradere med at navigere i kryptomarkedets kompleksitet og tr\u00e6ffe informerede beslutninger. Uanset om du er en erfaren trader eller ny i kryptovalutaverdenen, tilbyder Bitcoin Pulse Trader de v\u00e6rkt\u00f8jer og den viden, der er n\u00f8dvendig for at v\u00e6re p\u00e5 forkant med markedet og n\u00e5 dine finansielle m\u00e5l.<\/p>\n<p class=\"whitespace-pre-wrap break-words\">Bitcoin Pulse Trader sigter mod at betjene b\u00e5de begyndere og avancerede ud\u00f8vere p\u00e5 de stadigt svingende markeder for kryptohandel. Vores platforms muligheder omfatter en r\u00e6kke v\u00e6rkt\u00f8jer til analyse og markedsf\u00f8ring, markedsdata i realtid og analysev\u00e6rkt\u00f8jer, der giver brugerne mulighed for at tr\u00e6ffe kloge strategiske beslutninger og gribe nye muligheder.<\/p>\n<p class=\"whitespace-pre-wrap break-words\">Bitcoin Pulse Trader bygger p\u00e5 avancerede beregningsalgoritmer og maskinl\u00e6ring og analyserer omfattende markedsoplysninger for at fremh\u00e6ve tendenser og give v\u00e6rdifuld indsigt. Vores platform tilbyder en r\u00e6kke forskellige handelsteknologier, fra automatiserede algoritmer til avancerede ordrestyringssystemer, s\u00e5 brugerne nemt kan foretage justeringer, der er skr\u00e6ddersyet til deres pr\u00e6ferencer og risikoniveauer.<\/p>\n<p class=\"whitespace-pre-wrap break-words\">Derudover tilbyder Bitcoin Pulse Trader et v\u00e6ld af uddannelsesressourcer, ofte opdaterede analyser og ekspertindsigt i kryptovalutamarkedet for at hj\u00e6lpe tradere med at navigere i kompleksiteten ved kryptohandel. Uanset om du er nybegynder eller en erfaren trader, leverer Bitcoin Pulse Trader de rigtige l\u00f8sninger og oplysninger til at forblive relevant og n\u00e5 dine \u00f8konomiske m\u00e5l.<\/p>\n<\/div>\n<div><\/div>\n","protected":false},"excerpt":{"rendered":"<p>Holdet bag udspringer af et team af erfarne tradere og kvantitative analytikere, som har udviklet avancerede algoritmer til at forbedre kryptovalutahandel. Disse algoritmer analyserer omfattende data, opdager m\u00f8nstre og udf\u00f8rer pr\u00e6cise beslutninger for at styre risici og udnytte muligheder. I f\u00f8rste omgang blev de brugt til teamets personlige handel, men de inds\u00e5 hurtigt &#8216;s potentiale [&hellip;]<\/p>\n","protected":false},"author":2,"featured_media":0,"parent":0,"menu_order":0,"comment_status":"closed","ping_status":"closed","template":"page-about.php","meta":{"footnotes":""},"class_list":["post-2873","page","type-page","status-publish","hentry"],"yoast_head":"<!-- This site is optimized with the Yoast SEO plugin v23.7 - https:\/\/yoast.com\/wordpress\/plugins\/seo\/ -->\n<title>Bitcoin Pulse Trader \u2122 | Offici\u00eble website 2026 | Claim nu!<\/title>\n<meta name=\"robots\" content=\"index, follow, max-snippet:-1, max-image-preview:large, max-video-preview:-1\" \/>\n<meta property=\"og:locale\" content=\"da_DK\" \/>\n<meta property=\"og:site_name\" content=\"Bitcoin Pulse\" \/>\n<meta property=\"article:modified_time\" content=\"2024-08-26T19:23:45+00:00\" \/>\n<meta name=\"twitter:card\" content=\"summary_large_image\" \/>\n<meta name=\"twitter:label1\" content=\"Estimeret l\u00e6setid\" \/>\n\t<meta name=\"twitter:data1\" content=\"3 minutter\" \/>\n<!-- \/ Yoast SEO plugin. -->","yoast_head_json":{"title":"Bitcoin Pulse Trader \u2122 | Offici\u00eble website 2026 | Claim nu!","robots":{"index":"index","follow":"follow","max-snippet":"max-snippet:-1","max-image-preview":"max-image-preview:large","max-video-preview":"max-video-preview:-1"},"og_locale":"da_DK","og_site_name":"Bitcoin Pulse","article_modified_time":"2024-08-26T19:23:45+00:00","twitter_card":"summary_large_image","twitter_misc":{"Estimeret l\u00e6setid":"3 minutter"},"schema":{"@context":"https:\/\/schema.org","@graph":[{"@type":"WebPage","@id":"https:\/\/bitcoin-pulse.com\/about-us\/","url":"https:\/\/bitcoin-pulse.com\/about-us\/","name":"Om os - Bitcoin Pulse","isPartOf":{"@id":"https:\/\/bitcoin-pulse.com\/#website"},"datePublished":"2024-05-27T16:57:39+00:00","dateModified":"2024-08-26T19:23:45+00:00","breadcrumb":{"@id":"https:\/\/bitcoin-pulse.com\/about-us\/#breadcrumb"},"inLanguage":"da-DK","potentialAction":[{"@type":"ReadAction","target":["https:\/\/bitcoin-pulse.com\/about-us\/"]}]},{"@type":"BreadcrumbList","@id":"https:\/\/bitcoin-pulse.com\/about-us\/#breadcrumb","itemListElement":[{"@type":"ListItem","position":1,"name":"Home","item":"https:\/\/bitcoin-pulse.com\/"},{"@type":"ListItem","position":2,"name":"Om os"}]},{"@type":"WebSite","@id":"https:\/\/bitcoin-pulse.com\/#website","url":"https:\/\/bitcoin-pulse.com\/","name":"Bitcoin Pulse","description":"","potentialAction":[{"@type":"SearchAction","target":{"@type":"EntryPoint","urlTemplate":"https:\/\/bitcoin-pulse.com\/?s={search_term_string}"},"query-input":{"@type":"PropertyValueSpecification","valueRequired":true,"valueName":"search_term_string"}}],"inLanguage":"da-DK"}]}},"_links":{"self":[{"href":"https:\/\/bitcoin-pulse.com\/da\/wp-json\/wp\/v2\/pages\/2873","targetHints":{"allow":["GET"]}}],"collection":[{"href":"https:\/\/bitcoin-pulse.com\/da\/wp-json\/wp\/v2\/pages"}],"about":[{"href":"https:\/\/bitcoin-pulse.com\/da\/wp-json\/wp\/v2\/types\/page"}],"author":[{"embeddable":true,"href":"https:\/\/bitcoin-pulse.com\/da\/wp-json\/wp\/v2\/users\/2"}],"replies":[{"embeddable":true,"href":"https:\/\/bitcoin-pulse.com\/da\/wp-json\/wp\/v2\/comments?post=2873"}],"version-history":[{"count":4,"href":"https:\/\/bitcoin-pulse.com\/da\/wp-json\/wp\/v2\/pages\/2873\/revisions"}],"predecessor-version":[{"id":3175,"href":"https:\/\/bitcoin-pulse.com\/da\/wp-json\/wp\/v2\/pages\/2873\/revisions\/3175"}],"wp:attachment":[{"href":"https:\/\/bitcoin-pulse.com\/da\/wp-json\/wp\/v2\/media?parent=2873"}],"curies":[{"name":"wp","href":"https:\/\/api.w.org\/{rel}","templated":true}]}}