{"id":2084,"date":"2024-05-27T16:58:01","date_gmt":"2024-05-27T16:58:01","guid":{"rendered":"https:\/\/loc.bitcoin-pulse.com\/contact-us\/"},"modified":"2024-08-26T19:26:40","modified_gmt":"2024-08-26T19:26:40","slug":"contact-us","status":"publish","type":"page","link":"https:\/\/bitcoin-pulse.com\/da\/contact-us\/","title":{"rendered":"Kontakt os"},"content":{"rendered":"<div>\n<h1>Kom i kontakt med Bitcoin Pulse Trader.<\/h1>\n<p>Har du sp\u00f8rgsm\u00e5l, brug for hj\u00e6lp, eller vil du give feedback? Vores team er her for at hj\u00e6lpe. Kontakt os ved hj\u00e6lp af nedenst\u00e5ende oplysninger. Vi er forpligtet til at levere rettidig hj\u00e6lp og opfylde dine behov.<\/p>\n<h4>Postadresse:<\/h4>\n<p>C\/ de C\u00f2rsega, 284, 1. sal<br \/>\nEixample, 08008<br \/>\nBarcelona, Spanien<\/p>\n<h4>Forretningsforesp\u00f8rgsler:<\/h4>\n<p>For partnerskabsforslag, medieforesp\u00f8rgsler eller andre forretningsmuligheder bedes du kontakte os p\u00e5:<br \/>\n<a href=\"mailto:business@xyz.com\">business@xyz.com<\/a><\/p>\n<h4>Kundesupport:<\/h4>\n<p>For supportanmodninger eller generelle foresp\u00f8rgsler, kontakt os venligst p\u00e5:<br \/>\n<a href=\"mailto:support@xyz.com\">support@xyz.com<\/a><\/p>\n<p>Vi ser frem til at h\u00f8re fra dig og hj\u00e6lpe dig med dine behov.<\/p>\n<\/div>\n","protected":false},"excerpt":{"rendered":"<p>Kom i kontakt med . Har du sp\u00f8rgsm\u00e5l, brug for hj\u00e6lp, eller vil du give feedback? Vores team er her for at hj\u00e6lpe. Kontakt os ved hj\u00e6lp af nedenst\u00e5ende oplysninger. Vi er forpligtet til at levere rettidig hj\u00e6lp og opfylde dine behov. Postadresse: C\/ de C\u00f2rsega, 284, 1. sal Eixample, 08008 Barcelona, Spanien Forretningsforesp\u00f8rgsler: For [&hellip;]<\/p>\n","protected":false},"author":2,"featured_media":0,"parent":0,"menu_order":0,"comment_status":"closed","ping_status":"closed","template":"page-contact.php","meta":{"footnotes":""},"class_list":["post-2084","page","type-page","status-publish","hentry"],"yoast_head":"<!-- This site is optimized with the Yoast SEO plugin v23.7 - https:\/\/yoast.com\/wordpress\/plugins\/seo\/ -->\n<title>Bitcoin Pulse Trader \u2122 | Offici\u00eble website 2026 | Claim nu!<\/title>\n<meta name=\"robots\" content=\"index, follow, max-snippet:-1, max-image-preview:large, max-video-preview:-1\" \/>\n<meta property=\"og:locale\" content=\"da_DK\" \/>\n<meta property=\"og:site_name\" content=\"Bitcoin Pulse\" \/>\n<meta property=\"article:modified_time\" content=\"2024-08-26T19:26:40+00:00\" \/>\n<meta name=\"twitter:card\" content=\"summary_large_image\" \/>\n<meta name=\"twitter:label1\" content=\"Estimeret l\u00e6setid\" \/>\n\t<meta name=\"twitter:data1\" content=\"1 minut\" \/>\n<!-- \/ Yoast SEO plugin. -->","yoast_head_json":{"title":"Bitcoin Pulse Trader \u2122 | Offici\u00eble website 2026 | Claim nu!","robots":{"index":"index","follow":"follow","max-snippet":"max-snippet:-1","max-image-preview":"max-image-preview:large","max-video-preview":"max-video-preview:-1"},"og_locale":"da_DK","og_site_name":"Bitcoin Pulse","article_modified_time":"2024-08-26T19:26:40+00:00","twitter_card":"summary_large_image","twitter_misc":{"Estimeret l\u00e6setid":"1 minut"},"schema":{"@context":"https:\/\/schema.org","@graph":[{"@type":"WebPage","@id":"https:\/\/bitcoin-pulse.com\/contact-us\/","url":"https:\/\/bitcoin-pulse.com\/contact-us\/","name":"Kontakt os - Bitcoin Pulse","isPartOf":{"@id":"https:\/\/bitcoin-pulse.com\/#website"},"datePublished":"2024-05-27T16:58:01+00:00","dateModified":"2024-08-26T19:26:40+00:00","breadcrumb":{"@id":"https:\/\/bitcoin-pulse.com\/contact-us\/#breadcrumb"},"inLanguage":"da-DK","potentialAction":[{"@type":"ReadAction","target":["https:\/\/bitcoin-pulse.com\/contact-us\/"]}]},{"@type":"BreadcrumbList","@id":"https:\/\/bitcoin-pulse.com\/contact-us\/#breadcrumb","itemListElement":[{"@type":"ListItem","position":1,"name":"Home","item":"https:\/\/bitcoin-pulse.com\/"},{"@type":"ListItem","position":2,"name":"Kontakt os"}]},{"@type":"WebSite","@id":"https:\/\/bitcoin-pulse.com\/#website","url":"https:\/\/bitcoin-pulse.com\/","name":"Bitcoin Pulse","description":"","potentialAction":[{"@type":"SearchAction","target":{"@type":"EntryPoint","urlTemplate":"https:\/\/bitcoin-pulse.com\/?s={search_term_string}"},"query-input":{"@type":"PropertyValueSpecification","valueRequired":true,"valueName":"search_term_string"}}],"inLanguage":"da-DK"}]}},"_links":{"self":[{"href":"https:\/\/bitcoin-pulse.com\/da\/wp-json\/wp\/v2\/pages\/2084","targetHints":{"allow":["GET"]}}],"collection":[{"href":"https:\/\/bitcoin-pulse.com\/da\/wp-json\/wp\/v2\/pages"}],"about":[{"href":"https:\/\/bitcoin-pulse.com\/da\/wp-json\/wp\/v2\/types\/page"}],"author":[{"embeddable":true,"href":"https:\/\/bitcoin-pulse.com\/da\/wp-json\/wp\/v2\/users\/2"}],"replies":[{"embeddable":true,"href":"https:\/\/bitcoin-pulse.com\/da\/wp-json\/wp\/v2\/comments?post=2084"}],"version-history":[{"count":8,"href":"https:\/\/bitcoin-pulse.com\/da\/wp-json\/wp\/v2\/pages\/2084\/revisions"}],"predecessor-version":[{"id":3189,"href":"https:\/\/bitcoin-pulse.com\/da\/wp-json\/wp\/v2\/pages\/2084\/revisions\/3189"}],"wp:attachment":[{"href":"https:\/\/bitcoin-pulse.com\/da\/wp-json\/wp\/v2\/media?parent=2084"}],"curies":[{"name":"wp","href":"https:\/\/api.w.org\/{rel}","templated":true}]}}