{"id":2872,"date":"2024-05-27T16:57:39","date_gmt":"2024-05-27T16:57:39","guid":{"rendered":"https:\/\/bitcoin-pulse.com\/about-us\/"},"modified":"2024-08-26T19:23:44","modified_gmt":"2024-08-26T19:23:44","slug":"about-us","status":"publish","type":"page","link":"https:\/\/bitcoin-pulse.com\/cs\/about-us\/","title":{"rendered":"O n\u00e1s"},"content":{"rendered":"<div>\n<h1 style=\"text-align: center;\">T\u00fdm za Bitcoin Pulse Trader<\/h1>\n<p>Spole\u010dnost Bitcoin Pulse Trader vznikla z t\u00fdmu zku\u0161en\u00fdch obchodn\u00edk\u016f a kvantitativn\u00edch analytik\u016f, kte\u0159\u00ed vyvinuli pokro\u010dil\u00e9 algoritmy pro vylep\u0161en\u00ed obchodov\u00e1n\u00ed s kryptom\u011bnami. Tyto algoritmy analyzuj\u00ed rozs\u00e1hl\u00e1 data, detekuj\u00ed vzorce a prov\u00e1d\u011bj\u00ed p\u0159esn\u00e1 rozhodnut\u00ed s c\u00edlem \u0159\u00eddit rizika a vyu\u017e\u00edvat p\u0159\u00edle\u017eitosti.<\/p>\n<p>Zpo\u010d\u00e1tku je t\u00fdm vyu\u017e\u00edval pro sv\u00e9 osobn\u00ed obchodov\u00e1n\u00ed, ale brzy rozpoznal potenci\u00e1l Bitcoin Pulse Trader zm\u011bnit obchodov\u00e1n\u00ed s kryptom\u011bnami pro v\u0161echny investory. Otev\u0159en\u00edm sv\u00e9 platformy ostatn\u00edm si kladou za c\u00edl vybavit obchodn\u00edky \u0161pi\u010dkovou technologi\u00ed a poznatky zalo\u017een\u00fdmi na datech.<\/p>\n<p><strong>Bitcoin Pulse Trader<\/strong> se zrodila z vize skupiny vysoce kvalifikovan\u00fdch obchodn\u00edk\u016f a kvantitativn\u00edch analytik\u016f s horouc\u00ed touhou zlep\u0161it efektivitu obchodov\u00e1n\u00ed s kryptom\u011bnami. Navrhli vysoce komplexn\u00ed algoritmy, kter\u00e9 dok\u00e1zaly zpracovat obrovsk\u00e9 mno\u017estv\u00ed dat, aby identifikovaly z\u00e1sadn\u00ed tr\u017en\u00ed trendy a poskytly p\u0159esn\u00e9 obchodn\u00ed pokyny t\u00fdkaj\u00edc\u00ed se vhodn\u00e9ho \u0159\u00edzen\u00ed rizik a vyu\u017eit\u00ed p\u0159\u00edle\u017eitost\u00ed.<\/p>\n<p>Zpo\u010d\u00e1tku byly tyto algoritmy pou\u017e\u00edv\u00e1ny v\u00fdhradn\u011b v r\u00e1mci t\u00fdmu pro vnitrot\u00fdmov\u00e9 obchodn\u00ed aktivity. Proto\u017ee jsme si uv\u011bdomili potenci\u00e1l roz\u0161\u00ed\u0159en\u00e9 verze, rozhodli jsme se zp\u0159\u00edstupnit Bitcoin Pulse Trader ve\u0159ejnosti. V sou\u010dasn\u00e9 dob\u011b vytv\u00e1\u0159\u00edme platformu, kter\u00e1 poskytuje nejmodern\u011bj\u0161\u00ed technologie a informace, kter\u00e9 zlep\u0161\u00ed obchodn\u00ed zku\u0161enosti v\u0161ech u\u017eivatel\u016f.<\/p>\n<p>Ve spole\u010dnosti Bitcoin Pulse Trader kombinujeme znalosti profesion\u00e1ln\u00edho obchodov\u00e1n\u00ed a ka\u017edodenn\u00ed praktick\u00e9 zku\u0161enosti s modern\u00edm, v\u011bdecky zalo\u017een\u00fdm p\u0159\u00edstupem ke kvantitativn\u00edmu obchodov\u00e1n\u00ed a poskytujeme u\u017eivatel\u016fm platformu, kter\u00e1 zaji\u0161\u0165uje konzistentn\u00ed zisky. Zjist\u011bte, jak se v platform\u011b Bitcoin Pulse Trader snoub\u00ed na\u0161e vynikaj\u00edc\u00ed algoritmy a odborn\u00e9 znalosti v oblasti obchodov\u00e1n\u00ed.<\/p>\n<\/div>\n<div style=\"text-align: center;\">\n<h2>Kdo by m\u011bl pou\u017e\u00edvat Bitcoin Pulse Trader?<\/h2>\n<p class=\"whitespace-pre-wrap break-words\">Bitcoin Pulse Trader je \u0161pi\u010dkov\u00e1 obchodn\u00ed platforma ur\u010den\u00e1 pro obchodn\u00edky a investory, kte\u0159\u00ed hledaj\u00ed konkuren\u010dn\u00ed v\u00fdhodu na nep\u0159edv\u00eddateln\u00e9m trhu s kryptom\u011bnami. D\u00edky komplexn\u00ed sad\u011b n\u00e1stroj\u016f, informac\u00edm o trhu v re\u00e1ln\u00e9m \u010dase a pokro\u010dil\u00e9 analytice umo\u017e\u0148uje Bitcoin Pulse Trader u\u017eivatel\u016fm p\u0159ij\u00edmat informovan\u00e1 rozhodnut\u00ed a vyu\u017e\u00edvat vznikaj\u00edc\u00ed p\u0159\u00edle\u017eitosti.<\/p>\n<p class=\"whitespace-pre-wrap break-words\">D\u00edky sofistikovan\u00fdm algoritm\u016fm a strojov\u00e9mu u\u010den\u00ed analyzuje Bitcoin Pulse Trader obrovsk\u00e9 mno\u017estv\u00ed tr\u017en\u00edch dat, aby identifikovala vzory a trendy, a poskytuje tak vyu\u017eiteln\u00e9 poznatky a prediktivn\u00ed modely. Platforma nab\u00edz\u00ed p\u0159izp\u016fsobiteln\u00e9 obchodn\u00ed n\u00e1stroje, od automatick\u00fdch algoritm\u016f a\u017e po pokro\u010dil\u00e9 syst\u00e9my spr\u00e1vy p\u0159\u00edkaz\u016f, kter\u00e9 obchodn\u00edk\u016fm umo\u017e\u0148uj\u00ed optimalizovat jejich strategie na z\u00e1klad\u011b osobn\u00edch preferenc\u00ed a rizikov\u00fdch profil\u016f.<\/p>\n<p class=\"whitespace-pre-wrap break-words\">Spole\u010dnost Bitcoin Pulse Trader tak\u00e9 poskytuje vzd\u011bl\u00e1vac\u00ed zdroje, anal\u00fdzy trhu a odborn\u00e9 post\u0159ehy, kter\u00e9 obchodn\u00edk\u016fm pom\u00e1haj\u00ed orientovat se ve slo\u017eit\u00e9m prost\u0159ed\u00ed kryptografick\u00e9ho trhu a \u010dinit informovan\u00e1 rozhodnut\u00ed. A\u0165 u\u017e jste zku\u0161en\u00fd obchodn\u00edk, nebo nov\u00e1\u010dek ve sv\u011bt\u011b kryptom\u011bn, Bitcoin Pulse Trader nab\u00edz\u00ed n\u00e1stroje a znalosti pot\u0159ebn\u00e9 k tomu, abyste si udr\u017eeli n\u00e1skok p\u0159ed trhem a dos\u00e1hli sv\u00fdch finan\u010dn\u00edch c\u00edl\u016f.<\/p>\n<p class=\"whitespace-pre-wrap break-words\">Bitcoin Pulse Trader si klade za c\u00edl slou\u017eit jak za\u010d\u00e1te\u010dn\u00edk\u016fm, tak pokro\u010dil\u00fdm praktik\u016fm na neust\u00e1le se m\u011bn\u00edc\u00edch trz\u00edch s kryptom\u011bnami. Mo\u017enosti na\u0161\u00ed platformy zahrnuj\u00ed \u0159adu n\u00e1stroj\u016f pro anal\u00fdzu a marketing, tr\u017en\u00ed data v re\u00e1ln\u00e9m \u010dase a analytick\u00e9 n\u00e1stroje, kter\u00e9 u\u017eivatel\u016fm umo\u017e\u0148uj\u00ed p\u0159ij\u00edmat moudr\u00e1 strategick\u00e1 rozhodnut\u00ed a vyu\u017e\u00edvat nov\u00e9 p\u0159\u00edle\u017eitosti.<\/p>\n<p class=\"whitespace-pre-wrap break-words\">Spole\u010dnost Bitcoin Pulse Trader, postaven\u00e1 na pokro\u010dil\u00fdch v\u00fdpo\u010detn\u00edch algoritmech a strojov\u00e9m u\u010den\u00ed, analyzuje rozs\u00e1hl\u00e9 tr\u017en\u00ed informace, aby upozornila na trendy a poskytla cenn\u00e9 poznatky. Na\u0161e platforma nab\u00edz\u00ed celou \u0159adu obchodn\u00edch technologi\u00ed, od automatizovan\u00fdch algoritm\u016f a\u017e po pokro\u010dil\u00e9 syst\u00e9my spr\u00e1vy p\u0159\u00edkaz\u016f, kter\u00e9 u\u017eivatel\u016fm umo\u017e\u0148uj\u00ed snadno prov\u00e1d\u011bt \u00fapravy p\u0159izp\u016fsoben\u00e9 jejich preferenc\u00edm a \u00farovni rizika.<\/p>\n<p class=\"whitespace-pre-wrap break-words\">Krom\u011b toho Bitcoin Pulse Trader poskytuje mno\u017estv\u00ed vzd\u011bl\u00e1vac\u00edch zdroj\u016f, \u010dasto aktualizovan\u00e9 anal\u00fdzy a odborn\u00e9 poznatky o trhu s kryptom\u011bnami, kter\u00e9 obchodn\u00edk\u016fm pom\u00e1haj\u00ed orientovat se ve slo\u017eitostech obchodov\u00e1n\u00ed s kryptom\u011bnami. A\u0165 u\u017e jste za\u010d\u00e1te\u010dn\u00edk, nebo zku\u0161en\u00fd obchodn\u00edk, spole\u010dnost Bitcoin Pulse Trader v\u00e1m poskytne spr\u00e1vn\u00e1 \u0159e\u0161en\u00ed a informace, abyste z\u016fstali relevantn\u00ed a dos\u00e1hli sv\u00fdch finan\u010dn\u00edch c\u00edl\u016f.<\/p>\n<\/div>\n<div><\/div>\n","protected":false},"excerpt":{"rendered":"<p>T\u00fdm za Spole\u010dnost vznikla z t\u00fdmu zku\u0161en\u00fdch obchodn\u00edk\u016f a kvantitativn\u00edch analytik\u016f, kte\u0159\u00ed vyvinuli pokro\u010dil\u00e9 algoritmy pro vylep\u0161en\u00ed obchodov\u00e1n\u00ed s kryptom\u011bnami. Tyto algoritmy analyzuj\u00ed rozs\u00e1hl\u00e1 data, detekuj\u00ed vzorce a prov\u00e1d\u011bj\u00ed p\u0159esn\u00e1 rozhodnut\u00ed s c\u00edlem \u0159\u00eddit rizika a vyu\u017e\u00edvat p\u0159\u00edle\u017eitosti. Zpo\u010d\u00e1tku je t\u00fdm vyu\u017e\u00edval pro sv\u00e9 osobn\u00ed obchodov\u00e1n\u00ed, ale brzy rozpoznal potenci\u00e1l zm\u011bnit obchodov\u00e1n\u00ed s kryptom\u011bnami pro [&hellip;]<\/p>\n","protected":false},"author":2,"featured_media":0,"parent":0,"menu_order":0,"comment_status":"closed","ping_status":"closed","template":"page-about.php","meta":{"footnotes":""},"class_list":["post-2872","page","type-page","status-publish","hentry"],"yoast_head":"<!-- This site is optimized with the Yoast SEO plugin v23.7 - https:\/\/yoast.com\/wordpress\/plugins\/seo\/ -->\n<title>Bitcoin Pulse Trader \u2122 | Offici\u00eble website 2026 | Claim nu!<\/title>\n<meta name=\"robots\" content=\"index, follow, max-snippet:-1, max-image-preview:large, max-video-preview:-1\" \/>\n<meta property=\"og:locale\" content=\"cs_CZ\" \/>\n<meta property=\"og:site_name\" content=\"Bitcoin Pulse\" \/>\n<meta property=\"article:modified_time\" content=\"2024-08-26T19:23:44+00:00\" \/>\n<meta name=\"twitter:card\" content=\"summary_large_image\" \/>\n<meta name=\"twitter:label1\" content=\"Odhadovan\u00e1 doba \u010dten\u00ed\" \/>\n\t<meta name=\"twitter:data1\" content=\"2 minuty\" \/>\n<!-- \/ Yoast SEO plugin. -->","yoast_head_json":{"title":"Bitcoin Pulse Trader \u2122 | Offici\u00eble website 2026 | Claim nu!","robots":{"index":"index","follow":"follow","max-snippet":"max-snippet:-1","max-image-preview":"max-image-preview:large","max-video-preview":"max-video-preview:-1"},"og_locale":"cs_CZ","og_site_name":"Bitcoin Pulse","article_modified_time":"2024-08-26T19:23:44+00:00","twitter_card":"summary_large_image","twitter_misc":{"Odhadovan\u00e1 doba \u010dten\u00ed":"2 minuty"},"schema":{"@context":"https:\/\/schema.org","@graph":[{"@type":"WebPage","@id":"https:\/\/bitcoin-pulse.com\/about-us\/","url":"https:\/\/bitcoin-pulse.com\/about-us\/","name":"O n\u00e1s - Bitcoin Pulse","isPartOf":{"@id":"https:\/\/bitcoin-pulse.com\/#website"},"datePublished":"2024-05-27T16:57:39+00:00","dateModified":"2024-08-26T19:23:44+00:00","breadcrumb":{"@id":"https:\/\/bitcoin-pulse.com\/about-us\/#breadcrumb"},"inLanguage":"cs","potentialAction":[{"@type":"ReadAction","target":["https:\/\/bitcoin-pulse.com\/about-us\/"]}]},{"@type":"BreadcrumbList","@id":"https:\/\/bitcoin-pulse.com\/about-us\/#breadcrumb","itemListElement":[{"@type":"ListItem","position":1,"name":"Home","item":"https:\/\/bitcoin-pulse.com\/"},{"@type":"ListItem","position":2,"name":"O n\u00e1s"}]},{"@type":"WebSite","@id":"https:\/\/bitcoin-pulse.com\/#website","url":"https:\/\/bitcoin-pulse.com\/","name":"Bitcoin Pulse","description":"","potentialAction":[{"@type":"SearchAction","target":{"@type":"EntryPoint","urlTemplate":"https:\/\/bitcoin-pulse.com\/?s={search_term_string}"},"query-input":{"@type":"PropertyValueSpecification","valueRequired":true,"valueName":"search_term_string"}}],"inLanguage":"cs"}]}},"_links":{"self":[{"href":"https:\/\/bitcoin-pulse.com\/cs\/wp-json\/wp\/v2\/pages\/2872","targetHints":{"allow":["GET"]}}],"collection":[{"href":"https:\/\/bitcoin-pulse.com\/cs\/wp-json\/wp\/v2\/pages"}],"about":[{"href":"https:\/\/bitcoin-pulse.com\/cs\/wp-json\/wp\/v2\/types\/page"}],"author":[{"embeddable":true,"href":"https:\/\/bitcoin-pulse.com\/cs\/wp-json\/wp\/v2\/users\/2"}],"replies":[{"embeddable":true,"href":"https:\/\/bitcoin-pulse.com\/cs\/wp-json\/wp\/v2\/comments?post=2872"}],"version-history":[{"count":4,"href":"https:\/\/bitcoin-pulse.com\/cs\/wp-json\/wp\/v2\/pages\/2872\/revisions"}],"predecessor-version":[{"id":3174,"href":"https:\/\/bitcoin-pulse.com\/cs\/wp-json\/wp\/v2\/pages\/2872\/revisions\/3174"}],"wp:attachment":[{"href":"https:\/\/bitcoin-pulse.com\/cs\/wp-json\/wp\/v2\/media?parent=2872"}],"curies":[{"name":"wp","href":"https:\/\/api.w.org\/{rel}","templated":true}]}}