{"id":2083,"date":"2024-05-27T16:58:01","date_gmt":"2024-05-27T16:58:01","guid":{"rendered":"https:\/\/loc.bitcoin-pulse.com\/contact-us\/"},"modified":"2024-08-26T19:26:40","modified_gmt":"2024-08-26T19:26:40","slug":"contact-us","status":"publish","type":"page","link":"https:\/\/bitcoin-pulse.com\/cs\/contact-us\/","title":{"rendered":"Kontaktujte n\u00e1s"},"content":{"rendered":"<div>\n<h1>Kontaktujte spole\u010dnost Bitcoin Pulse Trader.<\/h1>\n<p>M\u00e1te dotazy, pot\u0159ebujete pomoc nebo chcete poskytnout zp\u011btnou vazbu? N\u00e1\u0161 t\u00fdm je tu pro v\u00e1s. Kontaktujte n\u00e1s pomoc\u00ed n\u00ed\u017ee uveden\u00fdch informac\u00ed. Sna\u017e\u00edme se v\u00e1m poskytnout v\u010dasnou pomoc a vyhov\u011bt va\u0161im pot\u0159eb\u00e1m.<\/p>\n<h4>Po\u0161tovn\u00ed adresa:<\/h4>\n<p>C\/ de C\u00f2rsega, 284, 1. patro<br \/>\nEixample, 08008<br \/>\nBarcelona, \u0160pan\u011blsko<\/p>\n<h4>Obchodn\u00ed dotazy:<\/h4>\n<p>V p\u0159\u00edpad\u011b n\u00e1vrh\u016f na partnerstv\u00ed, dotaz\u016f na m\u00e9dia nebo jin\u00fdch obchodn\u00edch p\u0159\u00edle\u017eitost\u00ed n\u00e1s pros\u00edm kontaktujte na adrese:<br \/>\n<a href=\"mailto:business@xyz.com\">business@xyz.com<\/a><\/p>\n<h4>Z\u00e1kaznick\u00e1 podpora:<\/h4>\n<p>V p\u0159\u00edpad\u011b jak\u00fdchkoli po\u017eadavk\u016f na podporu nebo obecn\u00fdch dotaz\u016f n\u00e1s pros\u00edm kontaktujte na adrese:<br \/>\n<a href=\"mailto:support@xyz.com\">support@xyz.com<\/a><\/p>\n<p>T\u011b\u0161\u00edme se, \u017ee se n\u00e1m ozvete a pom\u016f\u017eeme v\u00e1m s va\u0161imi pot\u0159ebami.<\/p>\n<\/div>\n","protected":false},"excerpt":{"rendered":"<p>Kontaktujte spole\u010dnost . M\u00e1te dotazy, pot\u0159ebujete pomoc nebo chcete poskytnout zp\u011btnou vazbu? N\u00e1\u0161 t\u00fdm je tu pro v\u00e1s. Kontaktujte n\u00e1s pomoc\u00ed n\u00ed\u017ee uveden\u00fdch informac\u00ed. Sna\u017e\u00edme se v\u00e1m poskytnout v\u010dasnou pomoc a vyhov\u011bt va\u0161im pot\u0159eb\u00e1m. Po\u0161tovn\u00ed adresa: C\/ de C\u00f2rsega, 284, 1. patro Eixample, 08008 Barcelona, \u0160pan\u011blsko Obchodn\u00ed dotazy: V p\u0159\u00edpad\u011b n\u00e1vrh\u016f na partnerstv\u00ed, dotaz\u016f na [&hellip;]<\/p>\n","protected":false},"author":2,"featured_media":0,"parent":0,"menu_order":0,"comment_status":"closed","ping_status":"closed","template":"page-contact.php","meta":{"footnotes":""},"class_list":["post-2083","page","type-page","status-publish","hentry"],"yoast_head":"<!-- This site is optimized with the Yoast SEO plugin v23.7 - https:\/\/yoast.com\/wordpress\/plugins\/seo\/ -->\n<title>Bitcoin Pulse Trader \u2122 | Offici\u00eble website 2026 | Claim nu!<\/title>\n<meta name=\"robots\" content=\"index, follow, max-snippet:-1, max-image-preview:large, max-video-preview:-1\" \/>\n<meta property=\"og:locale\" content=\"cs_CZ\" \/>\n<meta property=\"og:site_name\" content=\"Bitcoin Pulse\" \/>\n<meta property=\"article:modified_time\" content=\"2024-08-26T19:26:40+00:00\" \/>\n<meta name=\"twitter:card\" content=\"summary_large_image\" \/>\n<meta name=\"twitter:label1\" content=\"Odhadovan\u00e1 doba \u010dten\u00ed\" \/>\n\t<meta name=\"twitter:data1\" content=\"1 minuta\" \/>\n<!-- \/ Yoast SEO plugin. -->","yoast_head_json":{"title":"Bitcoin Pulse Trader \u2122 | Offici\u00eble website 2026 | Claim nu!","robots":{"index":"index","follow":"follow","max-snippet":"max-snippet:-1","max-image-preview":"max-image-preview:large","max-video-preview":"max-video-preview:-1"},"og_locale":"cs_CZ","og_site_name":"Bitcoin Pulse","article_modified_time":"2024-08-26T19:26:40+00:00","twitter_card":"summary_large_image","twitter_misc":{"Odhadovan\u00e1 doba \u010dten\u00ed":"1 minuta"},"schema":{"@context":"https:\/\/schema.org","@graph":[{"@type":"WebPage","@id":"https:\/\/bitcoin-pulse.com\/contact-us\/","url":"https:\/\/bitcoin-pulse.com\/contact-us\/","name":"Kontaktujte n\u00e1s - Bitcoin Pulse","isPartOf":{"@id":"https:\/\/bitcoin-pulse.com\/#website"},"datePublished":"2024-05-27T16:58:01+00:00","dateModified":"2024-08-26T19:26:40+00:00","breadcrumb":{"@id":"https:\/\/bitcoin-pulse.com\/contact-us\/#breadcrumb"},"inLanguage":"cs","potentialAction":[{"@type":"ReadAction","target":["https:\/\/bitcoin-pulse.com\/contact-us\/"]}]},{"@type":"BreadcrumbList","@id":"https:\/\/bitcoin-pulse.com\/contact-us\/#breadcrumb","itemListElement":[{"@type":"ListItem","position":1,"name":"Home","item":"https:\/\/bitcoin-pulse.com\/"},{"@type":"ListItem","position":2,"name":"Kontaktujte n\u00e1s"}]},{"@type":"WebSite","@id":"https:\/\/bitcoin-pulse.com\/#website","url":"https:\/\/bitcoin-pulse.com\/","name":"Bitcoin Pulse","description":"","potentialAction":[{"@type":"SearchAction","target":{"@type":"EntryPoint","urlTemplate":"https:\/\/bitcoin-pulse.com\/?s={search_term_string}"},"query-input":{"@type":"PropertyValueSpecification","valueRequired":true,"valueName":"search_term_string"}}],"inLanguage":"cs"}]}},"_links":{"self":[{"href":"https:\/\/bitcoin-pulse.com\/cs\/wp-json\/wp\/v2\/pages\/2083","targetHints":{"allow":["GET"]}}],"collection":[{"href":"https:\/\/bitcoin-pulse.com\/cs\/wp-json\/wp\/v2\/pages"}],"about":[{"href":"https:\/\/bitcoin-pulse.com\/cs\/wp-json\/wp\/v2\/types\/page"}],"author":[{"embeddable":true,"href":"https:\/\/bitcoin-pulse.com\/cs\/wp-json\/wp\/v2\/users\/2"}],"replies":[{"embeddable":true,"href":"https:\/\/bitcoin-pulse.com\/cs\/wp-json\/wp\/v2\/comments?post=2083"}],"version-history":[{"count":8,"href":"https:\/\/bitcoin-pulse.com\/cs\/wp-json\/wp\/v2\/pages\/2083\/revisions"}],"predecessor-version":[{"id":3188,"href":"https:\/\/bitcoin-pulse.com\/cs\/wp-json\/wp\/v2\/pages\/2083\/revisions\/3188"}],"wp:attachment":[{"href":"https:\/\/bitcoin-pulse.com\/cs\/wp-json\/wp\/v2\/media?parent=2083"}],"curies":[{"name":"wp","href":"https:\/\/api.w.org\/{rel}","templated":true}]}}